{"id":98,"date":"2023-11-16T10:22:27","date_gmt":"2023-11-16T09:22:27","guid":{"rendered":"http:\/\/enfancejeunesse-essert.fr\/?page_id=98"},"modified":"2025-02-11T10:57:51","modified_gmt":"2025-02-11T09:57:51","slug":"blog","status":"publish","type":"page","link":"https:\/\/enfancejeunesse-essert.fr\/index.php\/blog\/","title":{"rendered":"Le blog des 0\/3 ans"},"content":{"rendered":"<ul class=\"wp-block-latest-posts__list has-dates wp-block-latest-posts has-medium-font-size\"><li><div class=\"wp-block-latest-posts__featured-image alignleft\"><a href=\"https:\/\/enfancejeunesse-essert.fr\/index.php\/2024\/06\/11\/lecture-de-juin\/\" aria-label=\"Lecture de juin\"><img decoding=\"async\" width=\"150\" height=\"150\" src=\"https:\/\/enfancejeunesse-essert.fr\/wp-content\/uploads\/2024\/06\/3503429-150x150.webp\" class=\"attachment-thumbnail size-thumbnail wp-post-image\" alt=\"\" style=\"\" srcset=\"https:\/\/enfancejeunesse-essert.fr\/wp-content\/uploads\/2024\/06\/3503429-150x150.webp 150w, https:\/\/enfancejeunesse-essert.fr\/wp-content\/uploads\/2024\/06\/3503429.webp 283w\" sizes=\"(max-width: 150px) 100vw, 150px\" \/><\/a><\/div><a class=\"wp-block-latest-posts__post-title\" href=\"https:\/\/enfancejeunesse-essert.fr\/index.php\/2024\/06\/11\/lecture-de-juin\/\">Lecture de juin<\/a><time datetime=\"2024-06-11T10:03:02+02:00\" class=\"wp-block-latest-posts__post-date\">11 juin 2024<\/time><div class=\"wp-block-latest-posts__post-excerpt\">\u00ab L\u2019IMAGIER DU JARDIN \u00bb, Des \u00e9ditions balivernes, s\u00e9rie les Mini-Minets. Rien de tel qu\u2019un bel imagier, assortis de \u00ab\u2026 <a class=\"wp-block-latest-posts__read-more\" href=\"https:\/\/enfancejeunesse-essert.fr\/index.php\/2024\/06\/11\/lecture-de-juin\/\" rel=\"noopener noreferrer\">Lire la suite<span class=\"screen-reader-text\">\u00a0: Lecture de juin<\/span><\/a><\/div><\/li>\n<li><div class=\"wp-block-latest-posts__featured-image alignleft\"><a href=\"https:\/\/enfancejeunesse-essert.fr\/index.php\/2024\/06\/11\/lectures-de-mai\/\" aria-label=\"Lectures de Mai\"><img decoding=\"async\" width=\"150\" height=\"150\" src=\"https:\/\/enfancejeunesse-essert.fr\/wp-content\/uploads\/2024\/06\/J01326-150x150.jpg\" class=\"attachment-thumbnail size-thumbnail wp-post-image\" alt=\"\" style=\"\" srcset=\"https:\/\/enfancejeunesse-essert.fr\/wp-content\/uploads\/2024\/06\/J01326-150x150.jpg 150w, https:\/\/enfancejeunesse-essert.fr\/wp-content\/uploads\/2024\/06\/J01326-300x300.jpg 300w, https:\/\/enfancejeunesse-essert.fr\/wp-content\/uploads\/2024\/06\/J01326.jpg 440w\" sizes=\"(max-width: 150px) 100vw, 150px\" \/><\/a><\/div><a class=\"wp-block-latest-posts__post-title\" href=\"https:\/\/enfancejeunesse-essert.fr\/index.php\/2024\/06\/11\/lectures-de-mai\/\">Lectures de Mai<\/a><time datetime=\"2024-06-11T09:57:46+02:00\" class=\"wp-block-latest-posts__post-date\">11 juin 2024<\/time><div class=\"wp-block-latest-posts__post-excerpt\">\u00ab PIP ET PRUNE, LA PETITE FLAQUE \u00bb, De Axel SCHEFFLER, Des \u00e9ditions Gallimard jeunesse. Pip s&rsquo;amuse tellement bien avec\u2026 <a class=\"wp-block-latest-posts__read-more\" href=\"https:\/\/enfancejeunesse-essert.fr\/index.php\/2024\/06\/11\/lectures-de-mai\/\" rel=\"noopener noreferrer\">Lire la suite<span class=\"screen-reader-text\">\u00a0: Lectures de Mai<\/span><\/a><\/div><\/li>\n<li><div class=\"wp-block-latest-posts__featured-image alignleft\"><a href=\"https:\/\/enfancejeunesse-essert.fr\/index.php\/2024\/06\/11\/lectures-davril\/\" aria-label=\"Lectures D&rsquo;Avril\"><img decoding=\"async\" width=\"150\" height=\"150\" src=\"https:\/\/enfancejeunesse-essert.fr\/wp-content\/uploads\/2024\/06\/Les-copains-du-jardin-150x150.jpg\" class=\"attachment-thumbnail size-thumbnail wp-post-image\" alt=\"\" style=\"\" srcset=\"https:\/\/enfancejeunesse-essert.fr\/wp-content\/uploads\/2024\/06\/Les-copains-du-jardin-150x150.jpg 150w, https:\/\/enfancejeunesse-essert.fr\/wp-content\/uploads\/2024\/06\/Les-copains-du-jardin-300x300.jpg 300w, https:\/\/enfancejeunesse-essert.fr\/wp-content\/uploads\/2024\/06\/Les-copains-du-jardin.jpg 340w\" sizes=\"(max-width: 150px) 100vw, 150px\" \/><\/a><\/div><a class=\"wp-block-latest-posts__post-title\" href=\"https:\/\/enfancejeunesse-essert.fr\/index.php\/2024\/06\/11\/lectures-davril\/\">Lectures D&rsquo;Avril<\/a><time datetime=\"2024-06-11T09:30:19+02:00\" class=\"wp-block-latest-posts__post-date\">11 juin 2024<\/time><div class=\"wp-block-latest-posts__post-excerpt\">KOLA&nbsp;: LES COPAINS DU JARDIN, JACQUES DESPRES des Editions Nathan Kola et Nono jouent au ballon dans le jardin. Nono\u2026 <a class=\"wp-block-latest-posts__read-more\" href=\"https:\/\/enfancejeunesse-essert.fr\/index.php\/2024\/06\/11\/lectures-davril\/\" rel=\"noopener noreferrer\">Lire la suite<span class=\"screen-reader-text\">\u00a0: Lectures D&rsquo;Avril<\/span><\/a><\/div><\/li>\n<li><div class=\"wp-block-latest-posts__featured-image alignleft\"><a href=\"https:\/\/enfancejeunesse-essert.fr\/index.php\/2024\/06\/11\/lectures-de-mars\/\" aria-label=\"Lecture de Mars\"><img loading=\"lazy\" decoding=\"async\" width=\"150\" height=\"150\" src=\"https:\/\/enfancejeunesse-essert.fr\/wp-content\/uploads\/2024\/06\/81g6ux5i4L._AC_UF10001000_QL80_-150x150.jpg\" class=\"attachment-thumbnail size-thumbnail wp-post-image\" alt=\"\" style=\"\" \/><\/a><\/div><a class=\"wp-block-latest-posts__post-title\" href=\"https:\/\/enfancejeunesse-essert.fr\/index.php\/2024\/06\/11\/lectures-de-mars\/\">Lecture de Mars<\/a><time datetime=\"2024-06-11T09:24:28+02:00\" class=\"wp-block-latest-posts__post-date\">11 juin 2024<\/time><div class=\"wp-block-latest-posts__post-excerpt\">Lectures de Mars JEU DE DOIGTS, HERVE TULLET des Editions Phaidon Au centre, perc\u00e9 d&rsquo;un large trou en son centre,\u2026 <a class=\"wp-block-latest-posts__read-more\" href=\"https:\/\/enfancejeunesse-essert.fr\/index.php\/2024\/06\/11\/lectures-de-mars\/\" rel=\"noopener noreferrer\">Lire la suite<span class=\"screen-reader-text\">\u00a0: Lecture de Mars<\/span><\/a><\/div><\/li>\n<li><div class=\"wp-block-latest-posts__featured-image alignleft\"><a href=\"https:\/\/enfancejeunesse-essert.fr\/index.php\/2024\/03\/12\/sortie-mediatheque-de-mars\/\" aria-label=\"SORTIE M\u00c9DIATHEQUE DE MARS\"><img loading=\"lazy\" decoding=\"async\" width=\"150\" height=\"150\" src=\"https:\/\/enfancejeunesse-essert.fr\/wp-content\/uploads\/2024\/03\/many-different-babies-reading-books-and-laughing--150x150.jpg\" class=\"attachment-thumbnail size-thumbnail wp-post-image\" alt=\"\" style=\"\" srcset=\"https:\/\/enfancejeunesse-essert.fr\/wp-content\/uploads\/2024\/03\/many-different-babies-reading-books-and-laughing--150x150.jpg 150w, https:\/\/enfancejeunesse-essert.fr\/wp-content\/uploads\/2024\/03\/many-different-babies-reading-books-and-laughing--300x300.jpg 300w, https:\/\/enfancejeunesse-essert.fr\/wp-content\/uploads\/2024\/03\/many-different-babies-reading-books-and-laughing--1024x1024.jpg 1024w, https:\/\/enfancejeunesse-essert.fr\/wp-content\/uploads\/2024\/03\/many-different-babies-reading-books-and-laughing--768x768.jpg 768w, https:\/\/enfancejeunesse-essert.fr\/wp-content\/uploads\/2024\/03\/many-different-babies-reading-books-and-laughing--1536x1536.jpg 1536w, https:\/\/enfancejeunesse-essert.fr\/wp-content\/uploads\/2024\/03\/many-different-babies-reading-books-and-laughing-.jpg 2048w\" sizes=\"(max-width: 150px) 100vw, 150px\" \/><\/a><\/div><a class=\"wp-block-latest-posts__post-title\" href=\"https:\/\/enfancejeunesse-essert.fr\/index.php\/2024\/03\/12\/sortie-mediatheque-de-mars\/\">SORTIE M\u00c9DIATHEQUE DE MARS<\/a><time datetime=\"2024-03-12T14:58:15+01:00\" class=\"wp-block-latest-posts__post-date\">12 mars 2024<\/time><div class=\"wp-block-latest-posts__post-excerpt\">S\u00e9ance M\u00e9diath\u00e8que Annexe de 03\/2024 Jeudi 08\/03 nous sommes all\u00e9s rendre visite \u00e0 Peggy qui nous a apport\u00e9 la douceur\u2026 <a class=\"wp-block-latest-posts__read-more\" href=\"https:\/\/enfancejeunesse-essert.fr\/index.php\/2024\/03\/12\/sortie-mediatheque-de-mars\/\" rel=\"noopener noreferrer\">Lire la suite<span class=\"screen-reader-text\">\u00a0: SORTIE M\u00c9DIATHEQUE DE MARS<\/span><\/a><\/div><\/li>\n<li><div class=\"wp-block-latest-posts__featured-image alignleft\"><a href=\"https:\/\/enfancejeunesse-essert.fr\/index.php\/2024\/03\/06\/cafe-des-parents-la-sante-des-0-6-ans\/\" aria-label=\"Caf\u00e9 des parents : la sant\u00e9 des 0-6 ans\"><img loading=\"lazy\" decoding=\"async\" width=\"150\" height=\"150\" src=\"https:\/\/enfancejeunesse-essert.fr\/wp-content\/uploads\/2024\/03\/Capture-decran-2024-03-06-a-16.55.39-150x150.png\" class=\"attachment-thumbnail size-thumbnail wp-post-image\" alt=\"\" style=\"\" \/><\/a><\/div><a class=\"wp-block-latest-posts__post-title\" href=\"https:\/\/enfancejeunesse-essert.fr\/index.php\/2024\/03\/06\/cafe-des-parents-la-sante-des-0-6-ans\/\">Caf\u00e9 des parents : la sant\u00e9 des 0-6 ans<\/a><time datetime=\"2024-03-06T12:04:16+01:00\" class=\"wp-block-latest-posts__post-date\">6 mars 2024<\/time><div class=\"wp-block-latest-posts__post-excerpt\">Anim\u00e9 par le Dr Julie Rossi (m\u00e9decin r\u00e9f\u00e9rent des Petits trognons) et le Dr Ana\u00eblle Franquin, cette nouvelle \u00e9dition se\u2026 <a class=\"wp-block-latest-posts__read-more\" href=\"https:\/\/enfancejeunesse-essert.fr\/index.php\/2024\/03\/06\/cafe-des-parents-la-sante-des-0-6-ans\/\" rel=\"noopener noreferrer\">Lire la suite<span class=\"screen-reader-text\">\u00a0: Caf\u00e9 des parents : la sant\u00e9 des 0-6 ans<\/span><\/a><\/div><\/li>\n<li><div class=\"wp-block-latest-posts__featured-image alignleft\"><a href=\"https:\/\/enfancejeunesse-essert.fr\/index.php\/2024\/03\/06\/note-dinformation-lait-cru\/\" aria-label=\"Note d&rsquo;information lait cru\"><img loading=\"lazy\" decoding=\"async\" width=\"150\" height=\"150\" src=\"https:\/\/enfancejeunesse-essert.fr\/wp-content\/uploads\/2024\/03\/cow-150x150.jpg\" class=\"attachment-thumbnail size-thumbnail wp-post-image\" alt=\"lait cru info essert cr\u00e8che\" style=\"\" srcset=\"https:\/\/enfancejeunesse-essert.fr\/wp-content\/uploads\/2024\/03\/cow-150x150.jpg 150w, https:\/\/enfancejeunesse-essert.fr\/wp-content\/uploads\/2024\/03\/cow-300x300.jpg 300w, https:\/\/enfancejeunesse-essert.fr\/wp-content\/uploads\/2024\/03\/cow-1024x1024.jpg 1024w, https:\/\/enfancejeunesse-essert.fr\/wp-content\/uploads\/2024\/03\/cow-768x768.jpg 768w, https:\/\/enfancejeunesse-essert.fr\/wp-content\/uploads\/2024\/03\/cow-1536x1536.jpg 1536w, https:\/\/enfancejeunesse-essert.fr\/wp-content\/uploads\/2024\/03\/cow-2048x2048.jpg 2048w\" sizes=\"(max-width: 150px) 100vw, 150px\" \/><\/a><\/div><a class=\"wp-block-latest-posts__post-title\" href=\"https:\/\/enfancejeunesse-essert.fr\/index.php\/2024\/03\/06\/note-dinformation-lait-cru\/\">Note d&rsquo;information lait cru<\/a><time datetime=\"2024-03-06T11:10:18+01:00\" class=\"wp-block-latest-posts__post-date\">6 mars 2024<\/time><div class=\"wp-block-latest-posts__post-excerpt\">Pour faire suite \u00e0 de nombreuses interrogations des structures petite enfance, \u00a0vous trouverez en PJ une note d\u2019information concernant la\u2026 <a class=\"wp-block-latest-posts__read-more\" href=\"https:\/\/enfancejeunesse-essert.fr\/index.php\/2024\/03\/06\/note-dinformation-lait-cru\/\" rel=\"noopener noreferrer\">Lire la suite<span class=\"screen-reader-text\">\u00a0: Note d&rsquo;information lait cru<\/span><\/a><\/div><\/li>\n<li><div class=\"wp-block-latest-posts__featured-image alignleft\"><a href=\"https:\/\/enfancejeunesse-essert.fr\/index.php\/2024\/03\/06\/les-ptits-trognons-se-rendent-a-la-mediatheque\/\" aria-label=\"Les p\u2019tits trognons se rendent \u00e0 la m\u00e9diath\u00e8que\"><img loading=\"lazy\" decoding=\"async\" width=\"150\" height=\"150\" src=\"https:\/\/enfancejeunesse-essert.fr\/wp-content\/uploads\/2024\/03\/fais-toi-rire-150x150.jpg\" class=\"attachment-thumbnail size-thumbnail wp-post-image\" alt=\"livre m\u00e9diath\u00e8que essert\" style=\"\" srcset=\"https:\/\/enfancejeunesse-essert.fr\/wp-content\/uploads\/2024\/03\/fais-toi-rire-150x150.jpg 150w, https:\/\/enfancejeunesse-essert.fr\/wp-content\/uploads\/2024\/03\/fais-toi-rire-300x300.jpg 300w, https:\/\/enfancejeunesse-essert.fr\/wp-content\/uploads\/2024\/03\/fais-toi-rire-768x768.jpg 768w, https:\/\/enfancejeunesse-essert.fr\/wp-content\/uploads\/2024\/03\/fais-toi-rire.jpg 1000w\" sizes=\"(max-width: 150px) 100vw, 150px\" \/><\/a><\/div><a class=\"wp-block-latest-posts__post-title\" href=\"https:\/\/enfancejeunesse-essert.fr\/index.php\/2024\/03\/06\/les-ptits-trognons-se-rendent-a-la-mediatheque\/\">Les p\u2019tits trognons se rendent \u00e0 la m\u00e9diath\u00e8que<\/a><time datetime=\"2024-03-06T10:54:13+01:00\" class=\"wp-block-latest-posts__post-date\">6 mars 2024<\/time><div class=\"wp-block-latest-posts__post-excerpt\">Chaque mois,Les p\u2019tits trognons se rendent \u00e0 la m\u00e9diath\u00e8que.C\u2019est l\u2019occasion de d\u00e9couvrir de nouvelles histoires et un nouveau lieu.Chaque mois\u2026 <a class=\"wp-block-latest-posts__read-more\" href=\"https:\/\/enfancejeunesse-essert.fr\/index.php\/2024\/03\/06\/les-ptits-trognons-se-rendent-a-la-mediatheque\/\" rel=\"noopener noreferrer\">Lire la suite<span class=\"screen-reader-text\">\u00a0: Les p\u2019tits trognons se rendent \u00e0 la m\u00e9diath\u00e8que<\/span><\/a><\/div><\/li>\n<li><div class=\"wp-block-latest-posts__featured-image alignleft\"><a href=\"https:\/\/enfancejeunesse-essert.fr\/index.php\/2024\/02\/15\/chandeleur-2024-a-la-creche\/\" aria-label=\"Chandeleur 2024 \u00e0 la cr\u00e8che\"><img loading=\"lazy\" decoding=\"async\" width=\"150\" height=\"150\" src=\"https:\/\/enfancejeunesse-essert.fr\/wp-content\/uploads\/2024\/02\/unnamed-150x150.jpg\" class=\"attachment-thumbnail size-thumbnail wp-post-image\" alt=\"cr\u00e8che font des cr\u00e8pes\" style=\"\" srcset=\"https:\/\/enfancejeunesse-essert.fr\/wp-content\/uploads\/2024\/02\/unnamed-150x150.jpg 150w, https:\/\/enfancejeunesse-essert.fr\/wp-content\/uploads\/2024\/02\/unnamed-300x300.jpg 300w, https:\/\/enfancejeunesse-essert.fr\/wp-content\/uploads\/2024\/02\/unnamed-1024x1024.jpg 1024w, https:\/\/enfancejeunesse-essert.fr\/wp-content\/uploads\/2024\/02\/unnamed-768x768.jpg 768w, https:\/\/enfancejeunesse-essert.fr\/wp-content\/uploads\/2024\/02\/unnamed-1536x1536.jpg 1536w, https:\/\/enfancejeunesse-essert.fr\/wp-content\/uploads\/2024\/02\/unnamed.jpg 2000w\" sizes=\"(max-width: 150px) 100vw, 150px\" \/><\/a><\/div><a class=\"wp-block-latest-posts__post-title\" href=\"https:\/\/enfancejeunesse-essert.fr\/index.php\/2024\/02\/15\/chandeleur-2024-a-la-creche\/\">Chandeleur 2024 \u00e0 la cr\u00e8che<\/a><time datetime=\"2024-02-15T14:26:48+01:00\" class=\"wp-block-latest-posts__post-date\">15 f\u00e9vrier 2024<\/time><div class=\"wp-block-latest-posts__post-excerpt\">Dans la matin\u00e9e, nous avons pr\u00e9par\u00e9 la p\u00e2te puis d\u00e9gust\u00e9 les d\u00e9licieuses cr\u00eapes tous ensemble.<\/div><\/li>\n<\/ul>\n\n\n<p><\/p>\n","protected":false},"excerpt":{"rendered":"","protected":false},"author":2,"featured_media":0,"parent":0,"menu_order":0,"comment_status":"closed","ping_status":"closed","template":"","meta":{"_monsterinsights_skip_tracking":false,"_monsterinsights_sitenote_active":false,"_monsterinsights_sitenote_note":"","_monsterinsights_sitenote_category":0,"footnotes":""},"class_list":["post-98","page","type-page","status-publish","hentry"],"yoast_head":"<!-- This site is optimized with the Yoast SEO plugin v22.8 - https:\/\/yoast.com\/wordpress\/plugins\/seo\/ -->\n<title>Le blog des 0\/3 ans - Enfance jeunesse Essert<\/title>\n<meta name=\"robots\" content=\"index, follow, max-snippet:-1, max-image-preview:large, max-video-preview:-1\" \/>\n<link rel=\"canonical\" href=\"https:\/\/enfancejeunesse-essert.fr\/index.php\/blog\/\" \/>\n<meta property=\"og:locale\" content=\"fr_FR\" \/>\n<meta property=\"og:type\" content=\"article\" \/>\n<meta property=\"og:title\" content=\"Le blog des 0\/3 ans - Enfance jeunesse Essert\" \/>\n<meta property=\"og:url\" content=\"https:\/\/enfancejeunesse-essert.fr\/index.php\/blog\/\" \/>\n<meta property=\"og:site_name\" content=\"Enfance jeunesse Essert\" \/>\n<meta property=\"article:modified_time\" content=\"2025-02-11T09:57:51+00:00\" \/>\n<meta name=\"twitter:card\" content=\"summary_large_image\" \/>\n<script type=\"application\/ld+json\" class=\"yoast-schema-graph\">{\"@context\":\"https:\/\/schema.org\",\"@graph\":[{\"@type\":\"WebPage\",\"@id\":\"https:\/\/enfancejeunesse-essert.fr\/index.php\/blog\/\",\"url\":\"https:\/\/enfancejeunesse-essert.fr\/index.php\/blog\/\",\"name\":\"Le blog des 0\/3 ans - Enfance jeunesse Essert\",\"isPartOf\":{\"@id\":\"https:\/\/enfancejeunesse-essert.fr\/#website\"},\"datePublished\":\"2023-11-16T09:22:27+00:00\",\"dateModified\":\"2025-02-11T09:57:51+00:00\",\"breadcrumb\":{\"@id\":\"https:\/\/enfancejeunesse-essert.fr\/index.php\/blog\/#breadcrumb\"},\"inLanguage\":\"fr-FR\",\"potentialAction\":[{\"@type\":\"ReadAction\",\"target\":[\"https:\/\/enfancejeunesse-essert.fr\/index.php\/blog\/\"]}]},{\"@type\":\"BreadcrumbList\",\"@id\":\"https:\/\/enfancejeunesse-essert.fr\/index.php\/blog\/#breadcrumb\",\"itemListElement\":[{\"@type\":\"ListItem\",\"position\":1,\"name\":\"Accueil\",\"item\":\"https:\/\/enfancejeunesse-essert.fr\/\"},{\"@type\":\"ListItem\",\"position\":2,\"name\":\"Le blog des 0\/3 ans\"}]},{\"@type\":\"WebSite\",\"@id\":\"https:\/\/enfancejeunesse-essert.fr\/#website\",\"url\":\"https:\/\/enfancejeunesse-essert.fr\/\",\"name\":\"Enfance jeunesse Essert\",\"description\":\"Vos actus, planning, dossiers d&#039;inscription...\",\"publisher\":{\"@id\":\"https:\/\/enfancejeunesse-essert.fr\/#organization\"},\"potentialAction\":[{\"@type\":\"SearchAction\",\"target\":{\"@type\":\"EntryPoint\",\"urlTemplate\":\"https:\/\/enfancejeunesse-essert.fr\/?s={search_term_string}\"},\"query-input\":\"required name=search_term_string\"}],\"inLanguage\":\"fr-FR\"},{\"@type\":\"Organization\",\"@id\":\"https:\/\/enfancejeunesse-essert.fr\/#organization\",\"name\":\"Enfance jeunesse Essert\",\"url\":\"https:\/\/enfancejeunesse-essert.fr\/\",\"logo\":{\"@type\":\"ImageObject\",\"inLanguage\":\"fr-FR\",\"@id\":\"https:\/\/enfancejeunesse-essert.fr\/#\/schema\/logo\/image\/\",\"url\":\"https:\/\/enfancejeunesse-essert.fr\/wp-content\/uploads\/2024\/03\/cropped-essert-enfance_Plan-de-travail-1.png\",\"contentUrl\":\"https:\/\/enfancejeunesse-essert.fr\/wp-content\/uploads\/2024\/03\/cropped-essert-enfance_Plan-de-travail-1.png\",\"width\":7057,\"height\":3200,\"caption\":\"Enfance jeunesse Essert\"},\"image\":{\"@id\":\"https:\/\/enfancejeunesse-essert.fr\/#\/schema\/logo\/image\/\"}}]}<\/script>\n<!-- \/ Yoast SEO plugin. -->","yoast_head_json":{"title":"Le blog des 0\/3 ans - Enfance jeunesse Essert","robots":{"index":"index","follow":"follow","max-snippet":"max-snippet:-1","max-image-preview":"max-image-preview:large","max-video-preview":"max-video-preview:-1"},"canonical":"https:\/\/enfancejeunesse-essert.fr\/index.php\/blog\/","og_locale":"fr_FR","og_type":"article","og_title":"Le blog des 0\/3 ans - Enfance jeunesse Essert","og_url":"https:\/\/enfancejeunesse-essert.fr\/index.php\/blog\/","og_site_name":"Enfance jeunesse Essert","article_modified_time":"2025-02-11T09:57:51+00:00","twitter_card":"summary_large_image","schema":{"@context":"https:\/\/schema.org","@graph":[{"@type":"WebPage","@id":"https:\/\/enfancejeunesse-essert.fr\/index.php\/blog\/","url":"https:\/\/enfancejeunesse-essert.fr\/index.php\/blog\/","name":"Le blog des 0\/3 ans - Enfance jeunesse Essert","isPartOf":{"@id":"https:\/\/enfancejeunesse-essert.fr\/#website"},"datePublished":"2023-11-16T09:22:27+00:00","dateModified":"2025-02-11T09:57:51+00:00","breadcrumb":{"@id":"https:\/\/enfancejeunesse-essert.fr\/index.php\/blog\/#breadcrumb"},"inLanguage":"fr-FR","potentialAction":[{"@type":"ReadAction","target":["https:\/\/enfancejeunesse-essert.fr\/index.php\/blog\/"]}]},{"@type":"BreadcrumbList","@id":"https:\/\/enfancejeunesse-essert.fr\/index.php\/blog\/#breadcrumb","itemListElement":[{"@type":"ListItem","position":1,"name":"Accueil","item":"https:\/\/enfancejeunesse-essert.fr\/"},{"@type":"ListItem","position":2,"name":"Le blog des 0\/3 ans"}]},{"@type":"WebSite","@id":"https:\/\/enfancejeunesse-essert.fr\/#website","url":"https:\/\/enfancejeunesse-essert.fr\/","name":"Enfance jeunesse Essert","description":"Vos actus, planning, dossiers d&#039;inscription...","publisher":{"@id":"https:\/\/enfancejeunesse-essert.fr\/#organization"},"potentialAction":[{"@type":"SearchAction","target":{"@type":"EntryPoint","urlTemplate":"https:\/\/enfancejeunesse-essert.fr\/?s={search_term_string}"},"query-input":"required name=search_term_string"}],"inLanguage":"fr-FR"},{"@type":"Organization","@id":"https:\/\/enfancejeunesse-essert.fr\/#organization","name":"Enfance jeunesse Essert","url":"https:\/\/enfancejeunesse-essert.fr\/","logo":{"@type":"ImageObject","inLanguage":"fr-FR","@id":"https:\/\/enfancejeunesse-essert.fr\/#\/schema\/logo\/image\/","url":"https:\/\/enfancejeunesse-essert.fr\/wp-content\/uploads\/2024\/03\/cropped-essert-enfance_Plan-de-travail-1.png","contentUrl":"https:\/\/enfancejeunesse-essert.fr\/wp-content\/uploads\/2024\/03\/cropped-essert-enfance_Plan-de-travail-1.png","width":7057,"height":3200,"caption":"Enfance jeunesse Essert"},"image":{"@id":"https:\/\/enfancejeunesse-essert.fr\/#\/schema\/logo\/image\/"}}]}},"_links":{"self":[{"href":"https:\/\/enfancejeunesse-essert.fr\/index.php\/wp-json\/wp\/v2\/pages\/98","targetHints":{"allow":["GET"]}}],"collection":[{"href":"https:\/\/enfancejeunesse-essert.fr\/index.php\/wp-json\/wp\/v2\/pages"}],"about":[{"href":"https:\/\/enfancejeunesse-essert.fr\/index.php\/wp-json\/wp\/v2\/types\/page"}],"author":[{"embeddable":true,"href":"https:\/\/enfancejeunesse-essert.fr\/index.php\/wp-json\/wp\/v2\/users\/2"}],"replies":[{"embeddable":true,"href":"https:\/\/enfancejeunesse-essert.fr\/index.php\/wp-json\/wp\/v2\/comments?post=98"}],"version-history":[{"count":31,"href":"https:\/\/enfancejeunesse-essert.fr\/index.php\/wp-json\/wp\/v2\/pages\/98\/revisions"}],"predecessor-version":[{"id":2204,"href":"https:\/\/enfancejeunesse-essert.fr\/index.php\/wp-json\/wp\/v2\/pages\/98\/revisions\/2204"}],"wp:attachment":[{"href":"https:\/\/enfancejeunesse-essert.fr\/index.php\/wp-json\/wp\/v2\/media?parent=98"}],"curies":[{"name":"wp","href":"https:\/\/api.w.org\/{rel}","templated":true}]}}