{"id":95,"date":"2023-11-16T10:21:43","date_gmt":"2023-11-16T09:21:43","guid":{"rendered":"http:\/\/enfancejeunesse-essert.fr\/?page_id=95"},"modified":"2026-04-02T10:48:40","modified_gmt":"2026-04-02T08:48:40","slug":"mercredis-et-vacances","status":"publish","type":"page","link":"https:\/\/enfancejeunesse-essert.fr\/index.php\/mercredis-et-vacances\/","title":{"rendered":"Mercredis et vacances"},"content":{"rendered":"\t\t<div data-elementor-type=\"wp-page\" data-elementor-id=\"95\" class=\"elementor elementor-95\">\n\t\t\t\t<div class=\"elementor-element elementor-element-4cc7daa5 e-con-full e-flex wpr-particle-no wpr-jarallax-no wpr-parallax-no wpr-sticky-section-no e-con e-parent\" data-id=\"4cc7daa5\" data-element_type=\"container\" data-e-type=\"container\">\n\t\t\t\t<div class=\"elementor-element elementor-element-11ef830c elementor-widget__width-initial elementor-widget elementor-widget-text-editor\" data-id=\"11ef830c\" data-element_type=\"widget\" data-e-type=\"widget\" data-widget_type=\"text-editor.default\">\n\t\t\t\t<div class=\"elementor-widget-container\">\n\t\t\t\t\t\t\t\t\t\n<h3 class=\"wp-block-heading\"><strong>Depuis la rentr\u00e9e 2022, le centre de loisirs ouvre un accueil sp\u00e9cialement d\u00e9di\u00e9 aux jeunes coll\u00e9giens de 11 \u00e0 14 ans.<\/strong><\/h3>\n\n<p>\u00a0Le Pass&rsquo;Ados vous donne rendez-vous tous les mercredis apr\u00e8s-midi, de 13h30 \u00e0 18h00, pendant les vacances scolaires, et lors de soir\u00e9es occasionnelles,\u00a0 au local Pomme d&rsquo;Api (\u00e0 c\u00f4t\u00e9 de la mairie). Pour vous inscrire, retournez-nous le dossier administratif et la fiche sanitaire ci-dessous d\u00fbment remplis, ainsi qu&rsquo;une copie des vaccinations \u00e0 jour, une attestation d&rsquo;assurance responsabilit\u00e9 civile et un RIB.\u00a0<\/p>\n\n<p>Vous pouvez nous remettre ces documents \u00e0 la salle Pomme d&rsquo;Api tous les mercredis, de 9h \u00e0 midi, et de 13h30 \u00e0 18h00, ou par mail \u00e0 passados@essert.fr<\/p>\n\n<p><strong>D\u00e9lais d&rsquo;inscription :<\/strong> Au minimum une semaine avant\u00a0<\/p>\n\n<p><a title=\"Projet P\u00e9dagogique\u00a0\u00a0ICI\" href=\"https:\/\/www.dropbox.com\/s\/codxaairvzrohxc\/Projet%20p%C3%A9dagogique%20pass%27ados.pdf?dl=0\">Projet P\u00e9dagogique<\/a><\/p>\n\n<p><a title=\"R\u00e8glement int\u00e9rieur\" href=\"http:\/\/dropbox.com\/scl\/fi\/y17a4noilhpt6rjzg8mve\/Fonctionnement-2023-2024.pdf?rlkey=dtz7zvffv1amj9je8o2lnwdzt&amp;dl=0\" target=\"_blank\" rel=\"noopener\">R\u00e8glement int\u00e9rieur<\/a><\/p>\n\t\t\t\t\t\t\t\t<\/div>\n\t\t\t\t<\/div>\n\t\t\t\t<\/div>\n\t\t<div class=\"elementor-element elementor-element-55e6cbc e-flex e-con-boxed wpr-particle-no wpr-jarallax-no wpr-parallax-no wpr-sticky-section-no e-con e-parent\" data-id=\"55e6cbc\" data-element_type=\"container\" data-e-type=\"container\">\n\t\t\t\t\t<div class=\"e-con-inner\">\n\t\t\t\t<div class=\"elementor-element elementor-element-a588a1e elementor-widget elementor-widget-image\" data-id=\"a588a1e\" data-element_type=\"widget\" data-e-type=\"widget\" data-widget_type=\"image.default\">\n\t\t\t\t<div class=\"elementor-widget-container\">\n\t\t\t\t\t\t\t\t\t\t\t\t\t\t\t<img decoding=\"async\" src=\"http:\/\/enfancejeunesse-essert.fr\/wp-content\/uploads\/2025\/05\/Screenshot-2025-05-05-15.37.37.png\" title=\"\" alt=\"\" loading=\"lazy\" \/>\t\t\t\t\t\t\t\t\t\t\t\t\t\t\t<\/div>\n\t\t\t\t<\/div>\n\t\t\t\t<div class=\"elementor-element elementor-element-a5ff2d6 elementor-widget elementor-widget-text-editor\" data-id=\"a5ff2d6\" data-element_type=\"widget\" data-e-type=\"widget\" data-widget_type=\"text-editor.default\">\n\t\t\t\t<div class=\"elementor-widget-container\">\n\t\t\t\t\t\t\t\t\t<p>Vous pouvez retrouver les liens vers les inscriptions dans la rubrique documents administratifs\u00a0<\/p>\t\t\t\t\t\t\t\t<\/div>\n\t\t\t\t<\/div>\n\t\t\t\t<div class=\"elementor-element elementor-element-5c488a0 elementor-align-center elementor-widget elementor-widget-button\" data-id=\"5c488a0\" data-element_type=\"widget\" data-e-type=\"widget\" data-widget_type=\"button.default\">\n\t\t\t\t<div class=\"elementor-widget-container\">\n\t\t\t\t\t\t\t\t\t<div class=\"elementor-button-wrapper\">\n\t\t\t\t\t<a class=\"elementor-button elementor-button-link elementor-size-sm\" href=\"http:\/\/enfancejeunesse-essert.fr\/wp-content\/uploads\/2026\/04\/INSCRIPTIONS-JEUN-ESSERTOISES-2026.pdf\">\n\t\t\t\t\t\t<span class=\"elementor-button-content-wrapper\">\n\t\t\t\t\t\t\t\t\t<span class=\"elementor-button-text\">Fiches d'inscription pour les jeunesses Essertoises<\/span>\n\t\t\t\t\t<\/span>\n\t\t\t\t\t<\/a>\n\t\t\t\t<\/div>\n\t\t\t\t\t\t\t\t<\/div>\n\t\t\t\t<\/div>\n\t\t\t\t<div class=\"elementor-element elementor-element-189427e elementor-widget elementor-widget-image\" data-id=\"189427e\" data-element_type=\"widget\" data-e-type=\"widget\" data-widget_type=\"image.default\">\n\t\t\t\t<div class=\"elementor-widget-container\">\n\t\t\t\t\t\t\t\t\t\t\t\t\t\t\t<img fetchpriority=\"high\" decoding=\"async\" width=\"617\" height=\"865\" src=\"https:\/\/enfancejeunesse-essert.fr\/wp-content\/uploads\/2026\/04\/Screenshot-2026-04-02-10.36.20.png\" class=\"attachment-large size-large wp-image-3226\" alt=\"\" srcset=\"https:\/\/enfancejeunesse-essert.fr\/wp-content\/uploads\/2026\/04\/Screenshot-2026-04-02-10.36.20.png 617w, https:\/\/enfancejeunesse-essert.fr\/wp-content\/uploads\/2026\/04\/Screenshot-2026-04-02-10.36.20-214x300.png 214w\" sizes=\"(max-width: 617px) 100vw, 617px\" \/>\t\t\t\t\t\t\t\t\t\t\t\t\t\t\t<\/div>\n\t\t\t\t<\/div>\n\t\t\t\t<div class=\"elementor-element elementor-element-2190fce elementor-widget elementor-widget-image\" data-id=\"2190fce\" data-element_type=\"widget\" data-e-type=\"widget\" data-widget_type=\"image.default\">\n\t\t\t\t<div class=\"elementor-widget-container\">\n\t\t\t\t\t\t\t\t\t\t\t\t\t\t\t<img decoding=\"async\" width=\"1024\" height=\"717\" src=\"https:\/\/enfancejeunesse-essert.fr\/wp-content\/uploads\/2026\/03\/Screenshot-2026-03-23-14.53.19-1-1024x717.png\" class=\"attachment-large size-large wp-image-3174\" alt=\"\" srcset=\"https:\/\/enfancejeunesse-essert.fr\/wp-content\/uploads\/2026\/03\/Screenshot-2026-03-23-14.53.19-1-1024x717.png 1024w, https:\/\/enfancejeunesse-essert.fr\/wp-content\/uploads\/2026\/03\/Screenshot-2026-03-23-14.53.19-1-300x210.png 300w, https:\/\/enfancejeunesse-essert.fr\/wp-content\/uploads\/2026\/03\/Screenshot-2026-03-23-14.53.19-1-768x538.png 768w, https:\/\/enfancejeunesse-essert.fr\/wp-content\/uploads\/2026\/03\/Screenshot-2026-03-23-14.53.19-1.png 1093w\" sizes=\"(max-width: 1024px) 100vw, 1024px\" \/>\t\t\t\t\t\t\t\t\t\t\t\t\t\t\t<\/div>\n\t\t\t\t<\/div>\n\t\t\t\t\t<\/div>\n\t\t\t\t<\/div>\n\t\t\t\t<\/div>\n\t\t","protected":false},"excerpt":{"rendered":"<p>Depuis la rentr\u00e9e 2022, le centre de loisirs ouvre un accueil sp\u00e9cialement d\u00e9di\u00e9 aux jeunes coll\u00e9giens de 11 \u00e0 14 ans. \u00a0Le Pass&rsquo;Ados vous donne rendez-vous tous les mercredis apr\u00e8s-midi, de 13h30 \u00e0 18h00, pendant les vacances scolaires, et lors de soir\u00e9es occasionnelles,\u00a0 au local Pomme d&rsquo;Api (\u00e0 c\u00f4t\u00e9 de la mairie). Pour vous inscrire, [&hellip;]<\/p>\n","protected":false},"author":2,"featured_media":0,"parent":0,"menu_order":0,"comment_status":"closed","ping_status":"closed","template":"","meta":{"_monsterinsights_skip_tracking":false,"_monsterinsights_sitenote_active":false,"_monsterinsights_sitenote_note":"","_monsterinsights_sitenote_category":0,"footnotes":""},"class_list":["post-95","page","type-page","status-publish","hentry"],"yoast_head":"<!-- This site is optimized with the Yoast SEO plugin v22.8 - https:\/\/yoast.com\/wordpress\/plugins\/seo\/ -->\n<title>Mercredis et vacances - Enfance jeunesse Essert<\/title>\n<meta name=\"robots\" content=\"index, follow, max-snippet:-1, max-image-preview:large, max-video-preview:-1\" \/>\n<link rel=\"canonical\" href=\"https:\/\/enfancejeunesse-essert.fr\/index.php\/mercredis-et-vacances\/\" \/>\n<meta property=\"og:locale\" content=\"fr_FR\" \/>\n<meta property=\"og:type\" content=\"article\" \/>\n<meta property=\"og:title\" content=\"Mercredis et vacances - Enfance jeunesse Essert\" \/>\n<meta property=\"og:description\" content=\"Depuis la rentr\u00e9e 2022, le centre de loisirs ouvre un accueil sp\u00e9cialement d\u00e9di\u00e9 aux jeunes coll\u00e9giens de 11 \u00e0 14 ans. \u00a0Le Pass&rsquo;Ados vous donne rendez-vous tous les mercredis apr\u00e8s-midi, de 13h30 \u00e0 18h00, pendant les vacances scolaires, et lors de soir\u00e9es occasionnelles,\u00a0 au local Pomme d&rsquo;Api (\u00e0 c\u00f4t\u00e9 de la mairie). Pour vous inscrire, [&hellip;]\" \/>\n<meta property=\"og:url\" content=\"https:\/\/enfancejeunesse-essert.fr\/index.php\/mercredis-et-vacances\/\" \/>\n<meta property=\"og:site_name\" content=\"Enfance jeunesse Essert\" \/>\n<meta property=\"article:modified_time\" content=\"2026-04-02T08:48:40+00:00\" \/>\n<meta property=\"og:image\" content=\"http:\/\/enfancejeunesse-essert.fr\/wp-content\/uploads\/2025\/05\/Screenshot-2025-05-05-15.37.37.png\" \/>\n<meta name=\"twitter:card\" content=\"summary_large_image\" \/>\n<meta name=\"twitter:label1\" content=\"Dur\u00e9e de lecture estim\u00e9e\" \/>\n\t<meta name=\"twitter:data1\" content=\"2 minutes\" \/>\n<script type=\"application\/ld+json\" class=\"yoast-schema-graph\">{\"@context\":\"https:\/\/schema.org\",\"@graph\":[{\"@type\":\"WebPage\",\"@id\":\"https:\/\/enfancejeunesse-essert.fr\/index.php\/mercredis-et-vacances\/\",\"url\":\"https:\/\/enfancejeunesse-essert.fr\/index.php\/mercredis-et-vacances\/\",\"name\":\"Mercredis et vacances - Enfance jeunesse Essert\",\"isPartOf\":{\"@id\":\"https:\/\/enfancejeunesse-essert.fr\/#website\"},\"primaryImageOfPage\":{\"@id\":\"https:\/\/enfancejeunesse-essert.fr\/index.php\/mercredis-et-vacances\/#primaryimage\"},\"image\":{\"@id\":\"https:\/\/enfancejeunesse-essert.fr\/index.php\/mercredis-et-vacances\/#primaryimage\"},\"thumbnailUrl\":\"http:\/\/enfancejeunesse-essert.fr\/wp-content\/uploads\/2025\/05\/Screenshot-2025-05-05-15.37.37.png\",\"datePublished\":\"2023-11-16T09:21:43+00:00\",\"dateModified\":\"2026-04-02T08:48:40+00:00\",\"breadcrumb\":{\"@id\":\"https:\/\/enfancejeunesse-essert.fr\/index.php\/mercredis-et-vacances\/#breadcrumb\"},\"inLanguage\":\"fr-FR\",\"potentialAction\":[{\"@type\":\"ReadAction\",\"target\":[\"https:\/\/enfancejeunesse-essert.fr\/index.php\/mercredis-et-vacances\/\"]}]},{\"@type\":\"ImageObject\",\"inLanguage\":\"fr-FR\",\"@id\":\"https:\/\/enfancejeunesse-essert.fr\/index.php\/mercredis-et-vacances\/#primaryimage\",\"url\":\"\",\"contentUrl\":\"\"},{\"@type\":\"BreadcrumbList\",\"@id\":\"https:\/\/enfancejeunesse-essert.fr\/index.php\/mercredis-et-vacances\/#breadcrumb\",\"itemListElement\":[{\"@type\":\"ListItem\",\"position\":1,\"name\":\"Accueil\",\"item\":\"https:\/\/enfancejeunesse-essert.fr\/\"},{\"@type\":\"ListItem\",\"position\":2,\"name\":\"Mercredis et vacances\"}]},{\"@type\":\"WebSite\",\"@id\":\"https:\/\/enfancejeunesse-essert.fr\/#website\",\"url\":\"https:\/\/enfancejeunesse-essert.fr\/\",\"name\":\"Enfance jeunesse Essert\",\"description\":\"Vos actus, planning, dossiers d&#039;inscription...\",\"publisher\":{\"@id\":\"https:\/\/enfancejeunesse-essert.fr\/#organization\"},\"potentialAction\":[{\"@type\":\"SearchAction\",\"target\":{\"@type\":\"EntryPoint\",\"urlTemplate\":\"https:\/\/enfancejeunesse-essert.fr\/?s={search_term_string}\"},\"query-input\":\"required name=search_term_string\"}],\"inLanguage\":\"fr-FR\"},{\"@type\":\"Organization\",\"@id\":\"https:\/\/enfancejeunesse-essert.fr\/#organization\",\"name\":\"Enfance jeunesse Essert\",\"url\":\"https:\/\/enfancejeunesse-essert.fr\/\",\"logo\":{\"@type\":\"ImageObject\",\"inLanguage\":\"fr-FR\",\"@id\":\"https:\/\/enfancejeunesse-essert.fr\/#\/schema\/logo\/image\/\",\"url\":\"https:\/\/enfancejeunesse-essert.fr\/wp-content\/uploads\/2024\/03\/cropped-essert-enfance_Plan-de-travail-1.png\",\"contentUrl\":\"https:\/\/enfancejeunesse-essert.fr\/wp-content\/uploads\/2024\/03\/cropped-essert-enfance_Plan-de-travail-1.png\",\"width\":7057,\"height\":3200,\"caption\":\"Enfance jeunesse Essert\"},\"image\":{\"@id\":\"https:\/\/enfancejeunesse-essert.fr\/#\/schema\/logo\/image\/\"}}]}<\/script>\n<!-- \/ Yoast SEO plugin. -->","yoast_head_json":{"title":"Mercredis et vacances - Enfance jeunesse Essert","robots":{"index":"index","follow":"follow","max-snippet":"max-snippet:-1","max-image-preview":"max-image-preview:large","max-video-preview":"max-video-preview:-1"},"canonical":"https:\/\/enfancejeunesse-essert.fr\/index.php\/mercredis-et-vacances\/","og_locale":"fr_FR","og_type":"article","og_title":"Mercredis et vacances - Enfance jeunesse Essert","og_description":"Depuis la rentr\u00e9e 2022, le centre de loisirs ouvre un accueil sp\u00e9cialement d\u00e9di\u00e9 aux jeunes coll\u00e9giens de 11 \u00e0 14 ans. \u00a0Le Pass&rsquo;Ados vous donne rendez-vous tous les mercredis apr\u00e8s-midi, de 13h30 \u00e0 18h00, pendant les vacances scolaires, et lors de soir\u00e9es occasionnelles,\u00a0 au local Pomme d&rsquo;Api (\u00e0 c\u00f4t\u00e9 de la mairie). Pour vous inscrire, [&hellip;]","og_url":"https:\/\/enfancejeunesse-essert.fr\/index.php\/mercredis-et-vacances\/","og_site_name":"Enfance jeunesse Essert","article_modified_time":"2026-04-02T08:48:40+00:00","og_image":[{"url":"http:\/\/enfancejeunesse-essert.fr\/wp-content\/uploads\/2025\/05\/Screenshot-2025-05-05-15.37.37.png"}],"twitter_card":"summary_large_image","twitter_misc":{"Dur\u00e9e de lecture estim\u00e9e":"2 minutes"},"schema":{"@context":"https:\/\/schema.org","@graph":[{"@type":"WebPage","@id":"https:\/\/enfancejeunesse-essert.fr\/index.php\/mercredis-et-vacances\/","url":"https:\/\/enfancejeunesse-essert.fr\/index.php\/mercredis-et-vacances\/","name":"Mercredis et vacances - Enfance jeunesse Essert","isPartOf":{"@id":"https:\/\/enfancejeunesse-essert.fr\/#website"},"primaryImageOfPage":{"@id":"https:\/\/enfancejeunesse-essert.fr\/index.php\/mercredis-et-vacances\/#primaryimage"},"image":{"@id":"https:\/\/enfancejeunesse-essert.fr\/index.php\/mercredis-et-vacances\/#primaryimage"},"thumbnailUrl":"http:\/\/enfancejeunesse-essert.fr\/wp-content\/uploads\/2025\/05\/Screenshot-2025-05-05-15.37.37.png","datePublished":"2023-11-16T09:21:43+00:00","dateModified":"2026-04-02T08:48:40+00:00","breadcrumb":{"@id":"https:\/\/enfancejeunesse-essert.fr\/index.php\/mercredis-et-vacances\/#breadcrumb"},"inLanguage":"fr-FR","potentialAction":[{"@type":"ReadAction","target":["https:\/\/enfancejeunesse-essert.fr\/index.php\/mercredis-et-vacances\/"]}]},{"@type":"ImageObject","inLanguage":"fr-FR","@id":"https:\/\/enfancejeunesse-essert.fr\/index.php\/mercredis-et-vacances\/#primaryimage","url":"","contentUrl":""},{"@type":"BreadcrumbList","@id":"https:\/\/enfancejeunesse-essert.fr\/index.php\/mercredis-et-vacances\/#breadcrumb","itemListElement":[{"@type":"ListItem","position":1,"name":"Accueil","item":"https:\/\/enfancejeunesse-essert.fr\/"},{"@type":"ListItem","position":2,"name":"Mercredis et vacances"}]},{"@type":"WebSite","@id":"https:\/\/enfancejeunesse-essert.fr\/#website","url":"https:\/\/enfancejeunesse-essert.fr\/","name":"Enfance jeunesse Essert","description":"Vos actus, planning, dossiers d&#039;inscription...","publisher":{"@id":"https:\/\/enfancejeunesse-essert.fr\/#organization"},"potentialAction":[{"@type":"SearchAction","target":{"@type":"EntryPoint","urlTemplate":"https:\/\/enfancejeunesse-essert.fr\/?s={search_term_string}"},"query-input":"required name=search_term_string"}],"inLanguage":"fr-FR"},{"@type":"Organization","@id":"https:\/\/enfancejeunesse-essert.fr\/#organization","name":"Enfance jeunesse Essert","url":"https:\/\/enfancejeunesse-essert.fr\/","logo":{"@type":"ImageObject","inLanguage":"fr-FR","@id":"https:\/\/enfancejeunesse-essert.fr\/#\/schema\/logo\/image\/","url":"https:\/\/enfancejeunesse-essert.fr\/wp-content\/uploads\/2024\/03\/cropped-essert-enfance_Plan-de-travail-1.png","contentUrl":"https:\/\/enfancejeunesse-essert.fr\/wp-content\/uploads\/2024\/03\/cropped-essert-enfance_Plan-de-travail-1.png","width":7057,"height":3200,"caption":"Enfance jeunesse Essert"},"image":{"@id":"https:\/\/enfancejeunesse-essert.fr\/#\/schema\/logo\/image\/"}}]}},"_links":{"self":[{"href":"https:\/\/enfancejeunesse-essert.fr\/index.php\/wp-json\/wp\/v2\/pages\/95","targetHints":{"allow":["GET"]}}],"collection":[{"href":"https:\/\/enfancejeunesse-essert.fr\/index.php\/wp-json\/wp\/v2\/pages"}],"about":[{"href":"https:\/\/enfancejeunesse-essert.fr\/index.php\/wp-json\/wp\/v2\/types\/page"}],"author":[{"embeddable":true,"href":"https:\/\/enfancejeunesse-essert.fr\/index.php\/wp-json\/wp\/v2\/users\/2"}],"replies":[{"embeddable":true,"href":"https:\/\/enfancejeunesse-essert.fr\/index.php\/wp-json\/wp\/v2\/comments?post=95"}],"version-history":[{"count":194,"href":"https:\/\/enfancejeunesse-essert.fr\/index.php\/wp-json\/wp\/v2\/pages\/95\/revisions"}],"predecessor-version":[{"id":3244,"href":"https:\/\/enfancejeunesse-essert.fr\/index.php\/wp-json\/wp\/v2\/pages\/95\/revisions\/3244"}],"wp:attachment":[{"href":"https:\/\/enfancejeunesse-essert.fr\/index.php\/wp-json\/wp\/v2\/media?parent=95"}],"curies":[{"name":"wp","href":"https:\/\/api.w.org\/{rel}","templated":true}]}}