{"id":875,"date":"2024-01-30T15:34:31","date_gmt":"2024-01-30T14:34:31","guid":{"rendered":"http:\/\/enfancejeunesse-essert.fr\/?page_id=875"},"modified":"2024-03-19T15:10:56","modified_gmt":"2024-03-19T14:10:56","slug":"infos-divers","status":"publish","type":"page","link":"https:\/\/enfancejeunesse-essert.fr\/index.php\/infos-divers\/","title":{"rendered":"Infos diverses"},"content":{"rendered":"\t\t<div data-elementor-type=\"wp-page\" data-elementor-id=\"875\" class=\"elementor elementor-875\">\n\t\t\t\t<div class=\"elementor-element elementor-element-cdaa75c e-flex e-con-boxed wpr-particle-no wpr-jarallax-no wpr-parallax-no wpr-sticky-section-no e-con e-parent\" data-id=\"cdaa75c\" data-element_type=\"container\" data-e-type=\"container\">\n\t\t\t\t\t<div class=\"e-con-inner\">\n\t\t\t\t<div class=\"elementor-element elementor-element-ccd64d5 elementor-widget elementor-widget-toggle\" data-id=\"ccd64d5\" data-element_type=\"widget\" data-e-type=\"widget\" data-widget_type=\"toggle.default\">\n\t\t\t\t<div class=\"elementor-widget-container\">\n\t\t\t\t\t\t\t<div class=\"elementor-toggle\">\n\t\t\t\t\t\t\t<div class=\"elementor-toggle-item\">\n\t\t\t\t\t<div id=\"elementor-tab-title-2141\" class=\"elementor-tab-title\" data-tab=\"1\" role=\"button\" aria-controls=\"elementor-tab-content-2141\" aria-expanded=\"false\">\n\t\t\t\t\t\t\t\t\t\t\t\t<span class=\"elementor-toggle-icon elementor-toggle-icon-left\" aria-hidden=\"true\">\n\t\t\t\t\t\t\t\t\t\t\t\t\t\t\t<span class=\"elementor-toggle-icon-closed\"><svg class=\"e-font-icon-svg e-fas-caret-right\" viewBox=\"0 0 192 512\" xmlns=\"http:\/\/www.w3.org\/2000\/svg\"><path d=\"M0 384.662V127.338c0-17.818 21.543-26.741 34.142-14.142l128.662 128.662c7.81 7.81 7.81 20.474 0 28.284L34.142 398.804C21.543 411.404 0 402.48 0 384.662z\"><\/path><\/svg><\/span>\n\t\t\t\t\t\t\t\t<span class=\"elementor-toggle-icon-opened\"><svg class=\"elementor-toggle-icon-opened e-font-icon-svg e-fas-caret-up\" viewBox=\"0 0 320 512\" xmlns=\"http:\/\/www.w3.org\/2000\/svg\"><path d=\"M288.662 352H31.338c-17.818 0-26.741-21.543-14.142-34.142l128.662-128.662c7.81-7.81 20.474-7.81 28.284 0l128.662 128.662c12.6 12.599 3.676 34.142-14.142 34.142z\"><\/path><\/svg><\/span>\n\t\t\t\t\t\t\t\t\t\t\t\t\t<\/span>\n\t\t\t\t\t\t\t\t\t\t\t\t<a class=\"elementor-toggle-title\" tabindex=\"0\">Assurance<\/a>\n\t\t\t\t\t<\/div>\n\n\t\t\t\t\t<div id=\"elementor-tab-content-2141\" class=\"elementor-tab-content elementor-clearfix\" data-tab=\"1\" role=\"region\" aria-labelledby=\"elementor-tab-title-2141\"><p>Une assurance couvre les enfants qui fr\u00e9quentent la structure, l&rsquo;ensemble des activit\u00e9s du centre de loisirs, ses b\u00e2timents, surfaces ext\u00e9rieures, son personnel d&rsquo;encadrement. Elle n&rsquo;intervient cependant qu&rsquo;en compl\u00e9ment de l&rsquo;assurance responsabilit\u00e9 civile et extrascolaire familiale.<\/p><p>Une assurance extra-scolaire est obligatoire pour tout enfant fr\u00e9quentant le centre de loisirs de fa\u00e7on r\u00e9guli\u00e8re ou occasionnelle. Cette assurance couvre les incidents ou accidents que votre enfant pourrait provoquer ; deux cas de figure sont possibles :<\/p><p><strong>L\u2019assurance personnelle<\/strong><\/p><p>Certaines assurances pr\u00e9voient une couverture des activit\u00e9s p\u00e9riscolaires de votre enfant. Pour le savoir, lisez attentivement votre contrat ou interrogez votre assureur. Si tel est le cas, il vous suffira de fournir un justificatif d\u2019assurance scolaire.<\/p><p><em>Si vous n\u2019avez pas d\u2019assurance, l\u2019\u00e9cole peut vous en proposer une en d\u00e9but d\u2019ann\u00e9e scolaire. Celle-ci est valable pour toute l\u2019ann\u00e9e scolaire et couvre \u00e9galement les activit\u00e9s en centre de loisirs.<\/em><\/p><\/div>\n\t\t\t\t<\/div>\n\t\t\t\t\t\t\t<div class=\"elementor-toggle-item\">\n\t\t\t\t\t<div id=\"elementor-tab-title-2142\" class=\"elementor-tab-title\" data-tab=\"2\" role=\"button\" aria-controls=\"elementor-tab-content-2142\" aria-expanded=\"false\">\n\t\t\t\t\t\t\t\t\t\t\t\t<span class=\"elementor-toggle-icon elementor-toggle-icon-left\" aria-hidden=\"true\">\n\t\t\t\t\t\t\t\t\t\t\t\t\t\t\t<span class=\"elementor-toggle-icon-closed\"><svg class=\"e-font-icon-svg e-fas-caret-right\" viewBox=\"0 0 192 512\" xmlns=\"http:\/\/www.w3.org\/2000\/svg\"><path d=\"M0 384.662V127.338c0-17.818 21.543-26.741 34.142-14.142l128.662 128.662c7.81 7.81 7.81 20.474 0 28.284L34.142 398.804C21.543 411.404 0 402.48 0 384.662z\"><\/path><\/svg><\/span>\n\t\t\t\t\t\t\t\t<span class=\"elementor-toggle-icon-opened\"><svg class=\"elementor-toggle-icon-opened e-font-icon-svg e-fas-caret-up\" viewBox=\"0 0 320 512\" xmlns=\"http:\/\/www.w3.org\/2000\/svg\"><path d=\"M288.662 352H31.338c-17.818 0-26.741-21.543-14.142-34.142l128.662-128.662c7.81-7.81 20.474-7.81 28.284 0l128.662 128.662c12.6 12.599 3.676 34.142-14.142 34.142z\"><\/path><\/svg><\/span>\n\t\t\t\t\t\t\t\t\t\t\t\t\t<\/span>\n\t\t\t\t\t\t\t\t\t\t\t\t<a class=\"elementor-toggle-title\" tabindex=\"0\">Enfant malade \/ Prise de m\u00e9dicaments<\/a>\n\t\t\t\t\t<\/div>\n\n\t\t\t\t\t<div id=\"elementor-tab-content-2142\" class=\"elementor-tab-content elementor-clearfix\" data-tab=\"2\" role=\"region\" aria-labelledby=\"elementor-tab-title-2142\">L&rsquo;\u00e9quipe d&rsquo;animation est autoris\u00e9e \u00e0 administrer des m\u00e9dicaments aux \nenfants seulement dans les cas o\u00f9 la m\u00e9dication ne peut pas \u00eatre prise \nuniquement le matin et le soir, ceci sous la responsabilit\u00e9 des parents \net sur pr\u00e9sentation d&rsquo;une ordonnance. <br><br>Pour toute autre \nsituation, les parents devront r\u00e9diger un courrier expliquant la \nsituation et signer une d\u00e9charge de responsabilit\u00e9 (ex : pl\u00e2tre, \nentorse\u2026).<br><br>En cas de maladie contagieuse, les d\u00e9lais d\u2019\u00e9viction sont \u00e0 respecter conform\u00e9ment \u00e0 la l\u00e9gislation en vigueur.<br><br>En\n cas de maladie ou d&rsquo;incident remarquable (mal de t\u00eate, mal au ventre, \ncontusions, fi\u00e8vre), ne n\u00e9cessitant pas l\u2019appel des secours, les parents\n sont avertis par t\u00e9l\u00e9phone de fa\u00e7on \u00e0 venir chercher l\u2019enfant. <br><br>L&rsquo;autom\u00e9dication est interdite<\/div>\n\t\t\t\t<\/div>\n\t\t\t\t\t\t\t<div class=\"elementor-toggle-item\">\n\t\t\t\t\t<div id=\"elementor-tab-title-2143\" class=\"elementor-tab-title\" data-tab=\"3\" role=\"button\" aria-controls=\"elementor-tab-content-2143\" aria-expanded=\"false\">\n\t\t\t\t\t\t\t\t\t\t\t\t<span class=\"elementor-toggle-icon elementor-toggle-icon-left\" aria-hidden=\"true\">\n\t\t\t\t\t\t\t\t\t\t\t\t\t\t\t<span class=\"elementor-toggle-icon-closed\"><svg class=\"e-font-icon-svg e-fas-caret-right\" viewBox=\"0 0 192 512\" xmlns=\"http:\/\/www.w3.org\/2000\/svg\"><path d=\"M0 384.662V127.338c0-17.818 21.543-26.741 34.142-14.142l128.662 128.662c7.81 7.81 7.81 20.474 0 28.284L34.142 398.804C21.543 411.404 0 402.48 0 384.662z\"><\/path><\/svg><\/span>\n\t\t\t\t\t\t\t\t<span class=\"elementor-toggle-icon-opened\"><svg class=\"elementor-toggle-icon-opened e-font-icon-svg e-fas-caret-up\" viewBox=\"0 0 320 512\" xmlns=\"http:\/\/www.w3.org\/2000\/svg\"><path d=\"M288.662 352H31.338c-17.818 0-26.741-21.543-14.142-34.142l128.662-128.662c7.81-7.81 20.474-7.81 28.284 0l128.662 128.662c12.6 12.599 3.676 34.142-14.142 34.142z\"><\/path><\/svg><\/span>\n\t\t\t\t\t\t\t\t\t\t\t\t\t<\/span>\n\t\t\t\t\t\t\t\t\t\t\t\t<a class=\"elementor-toggle-title\" tabindex=\"0\">Accident<\/a>\n\t\t\t\t\t<\/div>\n\n\t\t\t\t\t<div id=\"elementor-tab-content-2143\" class=\"elementor-tab-content elementor-clearfix\" data-tab=\"3\" role=\"region\" aria-labelledby=\"elementor-tab-title-2143\">En cas d&rsquo;incident b\u00e9nin (\u00e9corchures, l\u00e9gers chocs et coups): l&rsquo;enfant \nest pris en charge par un animateur qui appliquera les soins n\u00e9cessaires\n et les consignera dans le registre d&rsquo;infirmerie. Les parents seront \ninform\u00e9s en fin de journ\u00e9e.<br><br>En cas d&rsquo;accident plus s\u00e9rieux: En \nfonction de la gravit\u00e9 apparente ou suppos\u00e9e, le responsable pr\u00e9vient \nimm\u00e9diatement les services de secours ainsi que les parents. Si l\u2019enfant\n doit \u00eatre \u00e9vacu\u00e9, un membre de l&rsquo;\u00e9quipe d&rsquo;animation partira avec lui \nmuni de sa fiche sanitaire de liaison. Une d\u00e9claration d&rsquo;accident sera \neffectu\u00e9e sans d\u00e9lai.<br><\/div>\n\t\t\t\t<\/div>\n\t\t\t\t\t\t\t<div class=\"elementor-toggle-item\">\n\t\t\t\t\t<div id=\"elementor-tab-title-2144\" class=\"elementor-tab-title\" data-tab=\"4\" role=\"button\" aria-controls=\"elementor-tab-content-2144\" aria-expanded=\"false\">\n\t\t\t\t\t\t\t\t\t\t\t\t<span class=\"elementor-toggle-icon elementor-toggle-icon-left\" aria-hidden=\"true\">\n\t\t\t\t\t\t\t\t\t\t\t\t\t\t\t<span class=\"elementor-toggle-icon-closed\"><svg class=\"e-font-icon-svg e-fas-caret-right\" viewBox=\"0 0 192 512\" xmlns=\"http:\/\/www.w3.org\/2000\/svg\"><path d=\"M0 384.662V127.338c0-17.818 21.543-26.741 34.142-14.142l128.662 128.662c7.81 7.81 7.81 20.474 0 28.284L34.142 398.804C21.543 411.404 0 402.48 0 384.662z\"><\/path><\/svg><\/span>\n\t\t\t\t\t\t\t\t<span class=\"elementor-toggle-icon-opened\"><svg class=\"elementor-toggle-icon-opened e-font-icon-svg e-fas-caret-up\" viewBox=\"0 0 320 512\" xmlns=\"http:\/\/www.w3.org\/2000\/svg\"><path d=\"M288.662 352H31.338c-17.818 0-26.741-21.543-14.142-34.142l128.662-128.662c7.81-7.81 20.474-7.81 28.284 0l128.662 128.662c12.6 12.599 3.676 34.142-14.142 34.142z\"><\/path><\/svg><\/span>\n\t\t\t\t\t\t\t\t\t\t\t\t\t<\/span>\n\t\t\t\t\t\t\t\t\t\t\t\t<a class=\"elementor-toggle-title\" tabindex=\"0\">Le respect des horaires <\/a>\n\t\t\t\t\t<\/div>\n\n\t\t\t\t\t<div id=\"elementor-tab-content-2144\" class=\"elementor-tab-content elementor-clearfix\" data-tab=\"4\" role=\"region\" aria-labelledby=\"elementor-tab-title-2144\"><p>Notre structure ferme ses portes \u00e0 18h15. C\u2019est aussi l\u2019heure \u00e0 laquelle les animatrices terminent leur journ\u00e9e. Pour un bon fonctionnement de notre structure et par courtoisie pour le personnel, il est imp\u00e9ratif que vous respectiez nos cr\u00e9neaux horaires.<br \/><br \/>En cas de non-respect r\u00e9p\u00e9t\u00e9 de nos horaires, un courrier vous sera adress\u00e9 dans un premier temps. D\u2018autres mesures pourraient ensuite \u00eatre envisag\u00e9es qui malheureusement vous p\u00e9naliseraient ainsi que votre enfant.<br \/><br \/>Nous vous rappelons qu\u2019en dehors des cr\u00e9neaux d\u2019ouverture du centre notre assurance ne couvre pas les risques que peuvent encourir votre enfant.<\/p><\/div>\n\t\t\t\t<\/div>\n\t\t\t\t\t\t\t<div class=\"elementor-toggle-item\">\n\t\t\t\t\t<div id=\"elementor-tab-title-2145\" class=\"elementor-tab-title\" data-tab=\"5\" role=\"button\" aria-controls=\"elementor-tab-content-2145\" aria-expanded=\"false\">\n\t\t\t\t\t\t\t\t\t\t\t\t<span class=\"elementor-toggle-icon elementor-toggle-icon-left\" aria-hidden=\"true\">\n\t\t\t\t\t\t\t\t\t\t\t\t\t\t\t<span class=\"elementor-toggle-icon-closed\"><svg class=\"e-font-icon-svg e-fas-caret-right\" viewBox=\"0 0 192 512\" xmlns=\"http:\/\/www.w3.org\/2000\/svg\"><path d=\"M0 384.662V127.338c0-17.818 21.543-26.741 34.142-14.142l128.662 128.662c7.81 7.81 7.81 20.474 0 28.284L34.142 398.804C21.543 411.404 0 402.48 0 384.662z\"><\/path><\/svg><\/span>\n\t\t\t\t\t\t\t\t<span class=\"elementor-toggle-icon-opened\"><svg class=\"elementor-toggle-icon-opened e-font-icon-svg e-fas-caret-up\" viewBox=\"0 0 320 512\" xmlns=\"http:\/\/www.w3.org\/2000\/svg\"><path d=\"M288.662 352H31.338c-17.818 0-26.741-21.543-14.142-34.142l128.662-128.662c7.81-7.81 20.474-7.81 28.284 0l128.662 128.662c12.6 12.599 3.676 34.142-14.142 34.142z\"><\/path><\/svg><\/span>\n\t\t\t\t\t\t\t\t\t\t\t\t\t<\/span>\n\t\t\t\t\t\t\t\t\t\t\t\t<a class=\"elementor-toggle-title\" tabindex=\"0\">Tenues vestimentaires <\/a>\n\t\t\t\t\t<\/div>\n\n\t\t\t\t\t<div id=\"elementor-tab-content-2145\" class=\"elementor-tab-content elementor-clearfix\" data-tab=\"5\" role=\"region\" aria-labelledby=\"elementor-tab-title-2145\"><p>Il est tr\u00e8s important que l&rsquo;enfant ait une tenue vestimentaire sans \u00abcontraintes \u00bb. Privil\u00e9giez les v\u00eatements de sport, amples et souples ainsi que des chaussures ferm\u00e9es facile \u00e0 lacer. ( Evitez les chaussures<br \/>de type sandalettes. Pr\u00e9f\u00e9rez une paire de baskets ). Pour les activit\u00e9s interieures il est imperatif de fournir une paire de chaussons \u00e0 votre enfant. Cela permet d&rsquo;\u00e9viter de glisser lors de jeux et le prot\u00e8gera d&rsquo;\u00e9ventuels blessures et coups de froid.<\/p><p><strong>Pensez \u00e0 habiller vos enfants en fonction de la m\u00e9t\u00e9o :<\/strong><\/p><p><strong>\u2022 En saison froide :<\/strong> v\u00eatement chaud et de pluie pratique, gants et bonnet. En cas de neige, pensez \u00e0 \u00e9quiper vos enfants de combinaisons.<\/p><p><strong>\u2022 En saison chaude :<\/strong> casquette, lunettes de soleil, cr\u00e8me solaire.<\/p><p>Aucune assurance ne prend en compte les d\u00e9g\u00e2ts vestimentaires.<\/p><p><strong>Effets et objets personnels :<\/strong><br \/>Le port des bijoux ou d&rsquo;objets de valeur se fait sous la responsabilit\u00e9 des parents. Ainsi, le centre de loisirs d\u00e9cline toute responsabilit\u00e9 en cas de perte ou de d\u00e9t\u00e9rioration d&rsquo;objets appartenant aux enfants.<\/p><\/div>\n\t\t\t\t<\/div>\n\t\t\t\t\t\t\t\t<\/div>\n\t\t\t\t\t\t<\/div>\n\t\t\t\t<\/div>\n\t\t\t\t\t<\/div>\n\t\t\t\t<\/div>\n\t\t\t\t<\/div>\n\t\t","protected":false},"excerpt":{"rendered":"<p>Assurance Une assurance couvre les enfants qui fr\u00e9quentent la structure, l&#8217;ensemble des activit\u00e9s du centre de loisirs, ses b\u00e2timents, surfaces ext\u00e9rieures, son personnel d&#8217;encadrement. Elle n&#8217;intervient cependant qu&#8217;en compl\u00e9ment de l&#8217;assurance responsabilit\u00e9 civile et extrascolaire familiale. Une assurance extra-scolaire est obligatoire pour tout enfant fr\u00e9quentant le centre de loisirs de fa\u00e7on r\u00e9guli\u00e8re ou occasionnelle. Cette [&hellip;]<\/p>\n","protected":false},"author":2,"featured_media":0,"parent":0,"menu_order":0,"comment_status":"closed","ping_status":"closed","template":"","meta":{"_monsterinsights_skip_tracking":false,"_monsterinsights_sitenote_active":false,"_monsterinsights_sitenote_note":"","_monsterinsights_sitenote_category":0,"footnotes":""},"class_list":["post-875","page","type-page","status-publish","hentry"],"yoast_head":"<!-- This site is optimized with the Yoast SEO plugin v22.8 - https:\/\/yoast.com\/wordpress\/plugins\/seo\/ -->\n<title>Infos diverses - Enfance jeunesse Essert<\/title>\n<meta name=\"robots\" content=\"index, follow, max-snippet:-1, max-image-preview:large, max-video-preview:-1\" \/>\n<link rel=\"canonical\" href=\"https:\/\/enfancejeunesse-essert.fr\/index.php\/infos-divers\/\" \/>\n<meta property=\"og:locale\" content=\"fr_FR\" \/>\n<meta property=\"og:type\" content=\"article\" \/>\n<meta property=\"og:title\" content=\"Infos diverses - Enfance jeunesse Essert\" \/>\n<meta property=\"og:description\" content=\"Assurance Une assurance couvre les enfants qui fr\u00e9quentent la structure, l&#8217;ensemble des activit\u00e9s du centre de loisirs, ses b\u00e2timents, surfaces ext\u00e9rieures, son personnel d&#8217;encadrement. Elle n&#8217;intervient cependant qu&#8217;en compl\u00e9ment de l&#8217;assurance responsabilit\u00e9 civile et extrascolaire familiale. Une assurance extra-scolaire est obligatoire pour tout enfant fr\u00e9quentant le centre de loisirs de fa\u00e7on r\u00e9guli\u00e8re ou occasionnelle. Cette [&hellip;]\" \/>\n<meta property=\"og:url\" content=\"https:\/\/enfancejeunesse-essert.fr\/index.php\/infos-divers\/\" \/>\n<meta property=\"og:site_name\" content=\"Enfance jeunesse Essert\" \/>\n<meta property=\"article:modified_time\" content=\"2024-03-19T14:10:56+00:00\" \/>\n<meta name=\"twitter:card\" content=\"summary_large_image\" \/>\n<meta name=\"twitter:label1\" content=\"Dur\u00e9e de lecture estim\u00e9e\" \/>\n\t<meta name=\"twitter:data1\" content=\"4 minutes\" \/>\n<script type=\"application\/ld+json\" class=\"yoast-schema-graph\">{\"@context\":\"https:\/\/schema.org\",\"@graph\":[{\"@type\":\"WebPage\",\"@id\":\"https:\/\/enfancejeunesse-essert.fr\/index.php\/infos-divers\/\",\"url\":\"https:\/\/enfancejeunesse-essert.fr\/index.php\/infos-divers\/\",\"name\":\"Infos diverses - Enfance jeunesse Essert\",\"isPartOf\":{\"@id\":\"https:\/\/enfancejeunesse-essert.fr\/#website\"},\"datePublished\":\"2024-01-30T14:34:31+00:00\",\"dateModified\":\"2024-03-19T14:10:56+00:00\",\"breadcrumb\":{\"@id\":\"https:\/\/enfancejeunesse-essert.fr\/index.php\/infos-divers\/#breadcrumb\"},\"inLanguage\":\"fr-FR\",\"potentialAction\":[{\"@type\":\"ReadAction\",\"target\":[\"https:\/\/enfancejeunesse-essert.fr\/index.php\/infos-divers\/\"]}]},{\"@type\":\"BreadcrumbList\",\"@id\":\"https:\/\/enfancejeunesse-essert.fr\/index.php\/infos-divers\/#breadcrumb\",\"itemListElement\":[{\"@type\":\"ListItem\",\"position\":1,\"name\":\"Accueil\",\"item\":\"https:\/\/enfancejeunesse-essert.fr\/\"},{\"@type\":\"ListItem\",\"position\":2,\"name\":\"Infos diverses\"}]},{\"@type\":\"WebSite\",\"@id\":\"https:\/\/enfancejeunesse-essert.fr\/#website\",\"url\":\"https:\/\/enfancejeunesse-essert.fr\/\",\"name\":\"Enfance jeunesse Essert\",\"description\":\"Vos actus, planning, dossiers d&#039;inscription...\",\"publisher\":{\"@id\":\"https:\/\/enfancejeunesse-essert.fr\/#organization\"},\"potentialAction\":[{\"@type\":\"SearchAction\",\"target\":{\"@type\":\"EntryPoint\",\"urlTemplate\":\"https:\/\/enfancejeunesse-essert.fr\/?s={search_term_string}\"},\"query-input\":\"required name=search_term_string\"}],\"inLanguage\":\"fr-FR\"},{\"@type\":\"Organization\",\"@id\":\"https:\/\/enfancejeunesse-essert.fr\/#organization\",\"name\":\"Enfance jeunesse Essert\",\"url\":\"https:\/\/enfancejeunesse-essert.fr\/\",\"logo\":{\"@type\":\"ImageObject\",\"inLanguage\":\"fr-FR\",\"@id\":\"https:\/\/enfancejeunesse-essert.fr\/#\/schema\/logo\/image\/\",\"url\":\"https:\/\/enfancejeunesse-essert.fr\/wp-content\/uploads\/2024\/03\/cropped-essert-enfance_Plan-de-travail-1.png\",\"contentUrl\":\"https:\/\/enfancejeunesse-essert.fr\/wp-content\/uploads\/2024\/03\/cropped-essert-enfance_Plan-de-travail-1.png\",\"width\":7057,\"height\":3200,\"caption\":\"Enfance jeunesse Essert\"},\"image\":{\"@id\":\"https:\/\/enfancejeunesse-essert.fr\/#\/schema\/logo\/image\/\"}}]}<\/script>\n<!-- \/ Yoast SEO plugin. -->","yoast_head_json":{"title":"Infos diverses - Enfance jeunesse Essert","robots":{"index":"index","follow":"follow","max-snippet":"max-snippet:-1","max-image-preview":"max-image-preview:large","max-video-preview":"max-video-preview:-1"},"canonical":"https:\/\/enfancejeunesse-essert.fr\/index.php\/infos-divers\/","og_locale":"fr_FR","og_type":"article","og_title":"Infos diverses - Enfance jeunesse Essert","og_description":"Assurance Une assurance couvre les enfants qui fr\u00e9quentent la structure, l&#8217;ensemble des activit\u00e9s du centre de loisirs, ses b\u00e2timents, surfaces ext\u00e9rieures, son personnel d&#8217;encadrement. Elle n&#8217;intervient cependant qu&#8217;en compl\u00e9ment de l&#8217;assurance responsabilit\u00e9 civile et extrascolaire familiale. Une assurance extra-scolaire est obligatoire pour tout enfant fr\u00e9quentant le centre de loisirs de fa\u00e7on r\u00e9guli\u00e8re ou occasionnelle. Cette [&hellip;]","og_url":"https:\/\/enfancejeunesse-essert.fr\/index.php\/infos-divers\/","og_site_name":"Enfance jeunesse Essert","article_modified_time":"2024-03-19T14:10:56+00:00","twitter_card":"summary_large_image","twitter_misc":{"Dur\u00e9e de lecture estim\u00e9e":"4 minutes"},"schema":{"@context":"https:\/\/schema.org","@graph":[{"@type":"WebPage","@id":"https:\/\/enfancejeunesse-essert.fr\/index.php\/infos-divers\/","url":"https:\/\/enfancejeunesse-essert.fr\/index.php\/infos-divers\/","name":"Infos diverses - Enfance jeunesse Essert","isPartOf":{"@id":"https:\/\/enfancejeunesse-essert.fr\/#website"},"datePublished":"2024-01-30T14:34:31+00:00","dateModified":"2024-03-19T14:10:56+00:00","breadcrumb":{"@id":"https:\/\/enfancejeunesse-essert.fr\/index.php\/infos-divers\/#breadcrumb"},"inLanguage":"fr-FR","potentialAction":[{"@type":"ReadAction","target":["https:\/\/enfancejeunesse-essert.fr\/index.php\/infos-divers\/"]}]},{"@type":"BreadcrumbList","@id":"https:\/\/enfancejeunesse-essert.fr\/index.php\/infos-divers\/#breadcrumb","itemListElement":[{"@type":"ListItem","position":1,"name":"Accueil","item":"https:\/\/enfancejeunesse-essert.fr\/"},{"@type":"ListItem","position":2,"name":"Infos diverses"}]},{"@type":"WebSite","@id":"https:\/\/enfancejeunesse-essert.fr\/#website","url":"https:\/\/enfancejeunesse-essert.fr\/","name":"Enfance jeunesse Essert","description":"Vos actus, planning, dossiers d&#039;inscription...","publisher":{"@id":"https:\/\/enfancejeunesse-essert.fr\/#organization"},"potentialAction":[{"@type":"SearchAction","target":{"@type":"EntryPoint","urlTemplate":"https:\/\/enfancejeunesse-essert.fr\/?s={search_term_string}"},"query-input":"required name=search_term_string"}],"inLanguage":"fr-FR"},{"@type":"Organization","@id":"https:\/\/enfancejeunesse-essert.fr\/#organization","name":"Enfance jeunesse Essert","url":"https:\/\/enfancejeunesse-essert.fr\/","logo":{"@type":"ImageObject","inLanguage":"fr-FR","@id":"https:\/\/enfancejeunesse-essert.fr\/#\/schema\/logo\/image\/","url":"https:\/\/enfancejeunesse-essert.fr\/wp-content\/uploads\/2024\/03\/cropped-essert-enfance_Plan-de-travail-1.png","contentUrl":"https:\/\/enfancejeunesse-essert.fr\/wp-content\/uploads\/2024\/03\/cropped-essert-enfance_Plan-de-travail-1.png","width":7057,"height":3200,"caption":"Enfance jeunesse Essert"},"image":{"@id":"https:\/\/enfancejeunesse-essert.fr\/#\/schema\/logo\/image\/"}}]}},"_links":{"self":[{"href":"https:\/\/enfancejeunesse-essert.fr\/index.php\/wp-json\/wp\/v2\/pages\/875","targetHints":{"allow":["GET"]}}],"collection":[{"href":"https:\/\/enfancejeunesse-essert.fr\/index.php\/wp-json\/wp\/v2\/pages"}],"about":[{"href":"https:\/\/enfancejeunesse-essert.fr\/index.php\/wp-json\/wp\/v2\/types\/page"}],"author":[{"embeddable":true,"href":"https:\/\/enfancejeunesse-essert.fr\/index.php\/wp-json\/wp\/v2\/users\/2"}],"replies":[{"embeddable":true,"href":"https:\/\/enfancejeunesse-essert.fr\/index.php\/wp-json\/wp\/v2\/comments?post=875"}],"version-history":[{"count":26,"href":"https:\/\/enfancejeunesse-essert.fr\/index.php\/wp-json\/wp\/v2\/pages\/875\/revisions"}],"predecessor-version":[{"id":1440,"href":"https:\/\/enfancejeunesse-essert.fr\/index.php\/wp-json\/wp\/v2\/pages\/875\/revisions\/1440"}],"wp:attachment":[{"href":"https:\/\/enfancejeunesse-essert.fr\/index.php\/wp-json\/wp\/v2\/media?parent=875"}],"curies":[{"name":"wp","href":"https:\/\/api.w.org\/{rel}","templated":true}]}}