{"id":769,"date":"2024-01-23T15:18:14","date_gmt":"2024-01-23T14:18:14","guid":{"rendered":"http:\/\/enfancejeunesse-essert.fr\/?page_id=769"},"modified":"2024-03-27T11:46:33","modified_gmt":"2024-03-27T10:46:33","slug":"modalites-dinscription","status":"publish","type":"page","link":"https:\/\/enfancejeunesse-essert.fr\/index.php\/modalites-dinscription\/","title":{"rendered":"Modalit\u00e9s d&rsquo;inscription"},"content":{"rendered":"\t\t<div data-elementor-type=\"wp-page\" data-elementor-id=\"769\" class=\"elementor elementor-769\">\n\t\t\t\t<div class=\"elementor-element elementor-element-65b815d e-flex e-con-boxed wpr-particle-no wpr-jarallax-no wpr-parallax-no wpr-sticky-section-no e-con e-parent\" data-id=\"65b815d\" data-element_type=\"container\" data-e-type=\"container\">\n\t\t\t\t\t<div class=\"e-con-inner\">\n\t\t\t\t<div class=\"elementor-element elementor-element-155e036 elementor-widget elementor-widget-heading\" data-id=\"155e036\" data-element_type=\"widget\" data-e-type=\"widget\" data-widget_type=\"heading.default\">\n\t\t\t\t<div class=\"elementor-widget-container\">\n\t\t\t\t\t<h4 class=\"elementor-heading-title elementor-size-default\">Le multi-accueil les P'tits trognons propose deux types d'accueil, \u00e0 savoir l'accueil r\u00e9gulier et l'accueil occasionnel :<\/h4>\t\t\t\t<\/div>\n\t\t\t\t<\/div>\n\t\t\t\t\t<\/div>\n\t\t\t\t<\/div>\n\t\t<div class=\"elementor-element elementor-element-e7424e8 e-flex e-con-boxed wpr-particle-no wpr-jarallax-no wpr-parallax-no wpr-sticky-section-no e-con e-parent\" data-id=\"e7424e8\" data-element_type=\"container\" data-e-type=\"container\">\n\t\t\t\t\t<div class=\"e-con-inner\">\n\t\t\t\t<div class=\"elementor-element elementor-element-4d430dc elementor-widget elementor-widget-text-editor\" data-id=\"4d430dc\" data-element_type=\"widget\" data-e-type=\"widget\" data-widget_type=\"text-editor.default\">\n\t\t\t\t<div class=\"elementor-widget-container\">\n\t\t\t\t\t\t\t\t\t<p><span id=\"p21\">1)<\/span><span id=\"p22\"> L&rsquo;accueil r\u00e9gulier est r\u00e9serv\u00e9 aux r\u00e9sidents e<span id=\"27\" class=\"s-rg\">ssertois<\/span>.<\/span><span id=\"p35\"> Il concerne l&rsquo;accueil de votre enfant sur une ou plusieurs journ\u00e9es par semaine.<\/span><span id=\"p24\"> Cette inscription est soumise \u00e0 une commission d&rsquo;attribution des places au moyen du formulaire de pr\u00e9-inscription \u00e0 retourner \u00e0 la cr\u00e8che.<\/span><\/p>\t\t\t\t\t\t\t\t<\/div>\n\t\t\t\t<\/div>\n\t\t<div class=\"elementor-element elementor-element-f614468 e-con-full e-flex wpr-particle-no wpr-jarallax-no wpr-parallax-no wpr-sticky-section-no e-con e-child\" data-id=\"f614468\" data-element_type=\"container\" data-e-type=\"container\">\n\t\t\t\t<div class=\"elementor-element elementor-element-f936877 elementor-align-center elementor-widget__width-initial elementor-button-danger elementor-widget elementor-widget-button\" data-id=\"f936877\" data-element_type=\"widget\" data-e-type=\"widget\" data-widget_type=\"button.default\">\n\t\t\t\t<div class=\"elementor-widget-container\">\n\t\t\t\t\t\t\t\t\t<div class=\"elementor-button-wrapper\">\n\t\t\t\t\t<a class=\"elementor-button elementor-button-link elementor-size-sm\" href=\"http:\/\/enfancejeunesse-essert.fr\/wp-content\/uploads\/2024\/01\/Formulaire-de-Pre-inscription.docx\" target=\"_blank\">\n\t\t\t\t\t\t<span class=\"elementor-button-content-wrapper\">\n\t\t\t\t\t\t\t\t\t<span class=\"elementor-button-text\">Formulaires de pr\u00e9-inscription<\/span>\n\t\t\t\t\t<\/span>\n\t\t\t\t\t<\/a>\n\t\t\t\t<\/div>\n\t\t\t\t\t\t\t\t<\/div>\n\t\t\t\t<\/div>\n\t\t\t\t<\/div>\n\t\t\t\t\t<\/div>\n\t\t\t\t<\/div>\n\t\t<div class=\"elementor-element elementor-element-5c824e9 e-flex e-con-boxed wpr-particle-no wpr-jarallax-no wpr-parallax-no wpr-sticky-section-no e-con e-parent\" data-id=\"5c824e9\" data-element_type=\"container\" data-e-type=\"container\">\n\t\t\t\t\t<div class=\"e-con-inner\">\n\t\t\t\t<div class=\"elementor-element elementor-element-f30ad53 elementor-widget elementor-widget-text-editor\" data-id=\"f30ad53\" data-element_type=\"widget\" data-e-type=\"widget\" data-widget_type=\"text-editor.default\">\n\t\t\t\t<div class=\"elementor-widget-container\">\n\t\t\t\t\t\t\t\t\t<div><span>2)<\/span><span> L&rsquo;accueil occasionnel est ouvert \u00e0 tous les enfants de 0 \u00e0 3 ans. Il permet un accueil ponctuel de 1 \u00e0 3 demi-journ\u00e9es par semaine selon les places disponibles.<\/span><\/div>\n<p>&nbsp;<span>(<span>contact<\/span>ez la cr\u00e8che pour ce type d&rsquo;inscription )<\/span><\/p>\t\t\t\t\t\t\t\t<\/div>\n\t\t\t\t<\/div>\n\t\t\t\t\t<\/div>\n\t\t\t\t<\/div>\n\t\t<div class=\"elementor-element elementor-element-83b37de e-flex e-con-boxed wpr-particle-no wpr-jarallax-no wpr-parallax-no wpr-sticky-section-no e-con e-parent\" data-id=\"83b37de\" data-element_type=\"container\" data-e-type=\"container\">\n\t\t\t\t\t<div class=\"e-con-inner\">\n\t\t<div class=\"elementor-element elementor-element-ab04b66 e-con-full e-flex wpr-particle-no wpr-jarallax-no wpr-parallax-no wpr-sticky-section-no e-con e-child\" data-id=\"ab04b66\" data-element_type=\"container\" data-e-type=\"container\">\n\t\t\t\t<div class=\"elementor-element elementor-element-b3efbd5 elementor-align-center elementor-widget elementor-widget-button\" data-id=\"b3efbd5\" data-element_type=\"widget\" data-e-type=\"widget\" data-widget_type=\"button.default\">\n\t\t\t\t<div class=\"elementor-widget-container\">\n\t\t\t\t\t\t\t\t\t<div class=\"elementor-button-wrapper\">\n\t\t\t\t\t<a class=\"elementor-button elementor-button-link elementor-size-sm\" href=\"http:\/\/enfancejeunesse-essert.fr\/wp-content\/uploads\/2024\/01\/reglement-JUIN-2022.docx\" target=\"_blank\">\n\t\t\t\t\t\t<span class=\"elementor-button-content-wrapper\">\n\t\t\t\t\t\t\t\t\t<span class=\"elementor-button-text\">R\u00e8glement interieur<\/span>\n\t\t\t\t\t<\/span>\n\t\t\t\t\t<\/a>\n\t\t\t\t<\/div>\n\t\t\t\t\t\t\t\t<\/div>\n\t\t\t\t<\/div>\n\t\t\t\t<\/div>\n\t\t\t\t\t<\/div>\n\t\t\t\t<\/div>\n\t\t\t\t<\/div>\n\t\t","protected":false},"excerpt":{"rendered":"<p>Le multi-accueil les P&rsquo;tits trognons propose deux types d&rsquo;accueil, \u00e0 savoir l&rsquo;accueil r\u00e9gulier et l&rsquo;accueil occasionnel : 1) L&rsquo;accueil r\u00e9gulier est r\u00e9serv\u00e9 aux r\u00e9sidents essertois. Il concerne l&rsquo;accueil de votre enfant sur une ou plusieurs journ\u00e9es par semaine. Cette inscription est soumise \u00e0 une commission d&rsquo;attribution des places au moyen du formulaire de pr\u00e9-inscription \u00e0 [&hellip;]<\/p>\n","protected":false},"author":2,"featured_media":0,"parent":0,"menu_order":0,"comment_status":"closed","ping_status":"closed","template":"","meta":{"_monsterinsights_skip_tracking":false,"_monsterinsights_sitenote_active":false,"_monsterinsights_sitenote_note":"","_monsterinsights_sitenote_category":0,"footnotes":""},"class_list":["post-769","page","type-page","status-publish","hentry"],"yoast_head":"<!-- This site is optimized with the Yoast SEO plugin v22.8 - https:\/\/yoast.com\/wordpress\/plugins\/seo\/ -->\n<title>Modalit\u00e9s d&#039;inscription - Enfance jeunesse Essert<\/title>\n<meta name=\"robots\" content=\"index, follow, max-snippet:-1, max-image-preview:large, max-video-preview:-1\" \/>\n<link rel=\"canonical\" href=\"https:\/\/enfancejeunesse-essert.fr\/index.php\/modalites-dinscription\/\" \/>\n<meta property=\"og:locale\" content=\"fr_FR\" \/>\n<meta property=\"og:type\" content=\"article\" \/>\n<meta property=\"og:title\" content=\"Modalit\u00e9s d&#039;inscription - Enfance jeunesse Essert\" \/>\n<meta property=\"og:description\" content=\"Le multi-accueil les P&rsquo;tits trognons propose deux types d&rsquo;accueil, \u00e0 savoir l&rsquo;accueil r\u00e9gulier et l&rsquo;accueil occasionnel : 1) L&rsquo;accueil r\u00e9gulier est r\u00e9serv\u00e9 aux r\u00e9sidents essertois. Il concerne l&rsquo;accueil de votre enfant sur une ou plusieurs journ\u00e9es par semaine. Cette inscription est soumise \u00e0 une commission d&rsquo;attribution des places au moyen du formulaire de pr\u00e9-inscription \u00e0 [&hellip;]\" \/>\n<meta property=\"og:url\" content=\"https:\/\/enfancejeunesse-essert.fr\/index.php\/modalites-dinscription\/\" \/>\n<meta property=\"og:site_name\" content=\"Enfance jeunesse Essert\" \/>\n<meta property=\"article:modified_time\" content=\"2024-03-27T10:46:33+00:00\" \/>\n<meta name=\"twitter:card\" content=\"summary_large_image\" \/>\n<script type=\"application\/ld+json\" class=\"yoast-schema-graph\">{\"@context\":\"https:\/\/schema.org\",\"@graph\":[{\"@type\":\"WebPage\",\"@id\":\"https:\/\/enfancejeunesse-essert.fr\/index.php\/modalites-dinscription\/\",\"url\":\"https:\/\/enfancejeunesse-essert.fr\/index.php\/modalites-dinscription\/\",\"name\":\"Modalit\u00e9s d'inscription - Enfance jeunesse Essert\",\"isPartOf\":{\"@id\":\"https:\/\/enfancejeunesse-essert.fr\/#website\"},\"datePublished\":\"2024-01-23T14:18:14+00:00\",\"dateModified\":\"2024-03-27T10:46:33+00:00\",\"breadcrumb\":{\"@id\":\"https:\/\/enfancejeunesse-essert.fr\/index.php\/modalites-dinscription\/#breadcrumb\"},\"inLanguage\":\"fr-FR\",\"potentialAction\":[{\"@type\":\"ReadAction\",\"target\":[\"https:\/\/enfancejeunesse-essert.fr\/index.php\/modalites-dinscription\/\"]}]},{\"@type\":\"BreadcrumbList\",\"@id\":\"https:\/\/enfancejeunesse-essert.fr\/index.php\/modalites-dinscription\/#breadcrumb\",\"itemListElement\":[{\"@type\":\"ListItem\",\"position\":1,\"name\":\"Accueil\",\"item\":\"https:\/\/enfancejeunesse-essert.fr\/\"},{\"@type\":\"ListItem\",\"position\":2,\"name\":\"Modalit\u00e9s d&rsquo;inscription\"}]},{\"@type\":\"WebSite\",\"@id\":\"https:\/\/enfancejeunesse-essert.fr\/#website\",\"url\":\"https:\/\/enfancejeunesse-essert.fr\/\",\"name\":\"Enfance jeunesse Essert\",\"description\":\"Vos actus, planning, dossiers d&#039;inscription...\",\"publisher\":{\"@id\":\"https:\/\/enfancejeunesse-essert.fr\/#organization\"},\"potentialAction\":[{\"@type\":\"SearchAction\",\"target\":{\"@type\":\"EntryPoint\",\"urlTemplate\":\"https:\/\/enfancejeunesse-essert.fr\/?s={search_term_string}\"},\"query-input\":\"required name=search_term_string\"}],\"inLanguage\":\"fr-FR\"},{\"@type\":\"Organization\",\"@id\":\"https:\/\/enfancejeunesse-essert.fr\/#organization\",\"name\":\"Enfance jeunesse Essert\",\"url\":\"https:\/\/enfancejeunesse-essert.fr\/\",\"logo\":{\"@type\":\"ImageObject\",\"inLanguage\":\"fr-FR\",\"@id\":\"https:\/\/enfancejeunesse-essert.fr\/#\/schema\/logo\/image\/\",\"url\":\"https:\/\/enfancejeunesse-essert.fr\/wp-content\/uploads\/2024\/03\/cropped-essert-enfance_Plan-de-travail-1.png\",\"contentUrl\":\"https:\/\/enfancejeunesse-essert.fr\/wp-content\/uploads\/2024\/03\/cropped-essert-enfance_Plan-de-travail-1.png\",\"width\":7057,\"height\":3200,\"caption\":\"Enfance jeunesse Essert\"},\"image\":{\"@id\":\"https:\/\/enfancejeunesse-essert.fr\/#\/schema\/logo\/image\/\"}}]}<\/script>\n<!-- \/ Yoast SEO plugin. -->","yoast_head_json":{"title":"Modalit\u00e9s d'inscription - Enfance jeunesse Essert","robots":{"index":"index","follow":"follow","max-snippet":"max-snippet:-1","max-image-preview":"max-image-preview:large","max-video-preview":"max-video-preview:-1"},"canonical":"https:\/\/enfancejeunesse-essert.fr\/index.php\/modalites-dinscription\/","og_locale":"fr_FR","og_type":"article","og_title":"Modalit\u00e9s d'inscription - Enfance jeunesse Essert","og_description":"Le multi-accueil les P&rsquo;tits trognons propose deux types d&rsquo;accueil, \u00e0 savoir l&rsquo;accueil r\u00e9gulier et l&rsquo;accueil occasionnel : 1) L&rsquo;accueil r\u00e9gulier est r\u00e9serv\u00e9 aux r\u00e9sidents essertois. Il concerne l&rsquo;accueil de votre enfant sur une ou plusieurs journ\u00e9es par semaine. Cette inscription est soumise \u00e0 une commission d&rsquo;attribution des places au moyen du formulaire de pr\u00e9-inscription \u00e0 [&hellip;]","og_url":"https:\/\/enfancejeunesse-essert.fr\/index.php\/modalites-dinscription\/","og_site_name":"Enfance jeunesse Essert","article_modified_time":"2024-03-27T10:46:33+00:00","twitter_card":"summary_large_image","schema":{"@context":"https:\/\/schema.org","@graph":[{"@type":"WebPage","@id":"https:\/\/enfancejeunesse-essert.fr\/index.php\/modalites-dinscription\/","url":"https:\/\/enfancejeunesse-essert.fr\/index.php\/modalites-dinscription\/","name":"Modalit\u00e9s d'inscription - Enfance jeunesse Essert","isPartOf":{"@id":"https:\/\/enfancejeunesse-essert.fr\/#website"},"datePublished":"2024-01-23T14:18:14+00:00","dateModified":"2024-03-27T10:46:33+00:00","breadcrumb":{"@id":"https:\/\/enfancejeunesse-essert.fr\/index.php\/modalites-dinscription\/#breadcrumb"},"inLanguage":"fr-FR","potentialAction":[{"@type":"ReadAction","target":["https:\/\/enfancejeunesse-essert.fr\/index.php\/modalites-dinscription\/"]}]},{"@type":"BreadcrumbList","@id":"https:\/\/enfancejeunesse-essert.fr\/index.php\/modalites-dinscription\/#breadcrumb","itemListElement":[{"@type":"ListItem","position":1,"name":"Accueil","item":"https:\/\/enfancejeunesse-essert.fr\/"},{"@type":"ListItem","position":2,"name":"Modalit\u00e9s d&rsquo;inscription"}]},{"@type":"WebSite","@id":"https:\/\/enfancejeunesse-essert.fr\/#website","url":"https:\/\/enfancejeunesse-essert.fr\/","name":"Enfance jeunesse Essert","description":"Vos actus, planning, dossiers d&#039;inscription...","publisher":{"@id":"https:\/\/enfancejeunesse-essert.fr\/#organization"},"potentialAction":[{"@type":"SearchAction","target":{"@type":"EntryPoint","urlTemplate":"https:\/\/enfancejeunesse-essert.fr\/?s={search_term_string}"},"query-input":"required name=search_term_string"}],"inLanguage":"fr-FR"},{"@type":"Organization","@id":"https:\/\/enfancejeunesse-essert.fr\/#organization","name":"Enfance jeunesse Essert","url":"https:\/\/enfancejeunesse-essert.fr\/","logo":{"@type":"ImageObject","inLanguage":"fr-FR","@id":"https:\/\/enfancejeunesse-essert.fr\/#\/schema\/logo\/image\/","url":"https:\/\/enfancejeunesse-essert.fr\/wp-content\/uploads\/2024\/03\/cropped-essert-enfance_Plan-de-travail-1.png","contentUrl":"https:\/\/enfancejeunesse-essert.fr\/wp-content\/uploads\/2024\/03\/cropped-essert-enfance_Plan-de-travail-1.png","width":7057,"height":3200,"caption":"Enfance jeunesse Essert"},"image":{"@id":"https:\/\/enfancejeunesse-essert.fr\/#\/schema\/logo\/image\/"}}]}},"_links":{"self":[{"href":"https:\/\/enfancejeunesse-essert.fr\/index.php\/wp-json\/wp\/v2\/pages\/769","targetHints":{"allow":["GET"]}}],"collection":[{"href":"https:\/\/enfancejeunesse-essert.fr\/index.php\/wp-json\/wp\/v2\/pages"}],"about":[{"href":"https:\/\/enfancejeunesse-essert.fr\/index.php\/wp-json\/wp\/v2\/types\/page"}],"author":[{"embeddable":true,"href":"https:\/\/enfancejeunesse-essert.fr\/index.php\/wp-json\/wp\/v2\/users\/2"}],"replies":[{"embeddable":true,"href":"https:\/\/enfancejeunesse-essert.fr\/index.php\/wp-json\/wp\/v2\/comments?post=769"}],"version-history":[{"count":19,"href":"https:\/\/enfancejeunesse-essert.fr\/index.php\/wp-json\/wp\/v2\/pages\/769\/revisions"}],"predecessor-version":[{"id":1463,"href":"https:\/\/enfancejeunesse-essert.fr\/index.php\/wp-json\/wp\/v2\/pages\/769\/revisions\/1463"}],"wp:attachment":[{"href":"https:\/\/enfancejeunesse-essert.fr\/index.php\/wp-json\/wp\/v2\/media?parent=769"}],"curies":[{"name":"wp","href":"https:\/\/api.w.org\/{rel}","templated":true}]}}