{"id":741,"date":"2024-01-23T15:04:42","date_gmt":"2024-01-23T14:04:42","guid":{"rendered":"http:\/\/enfancejeunesse-essert.fr\/?page_id=741"},"modified":"2025-02-04T09:26:52","modified_gmt":"2025-02-04T08:26:52","slug":"projet-pedagogique","status":"publish","type":"page","link":"https:\/\/enfancejeunesse-essert.fr\/index.php\/ptits-trognons\/projet-pedagogique\/","title":{"rendered":"Projet P\u00e9dagogique &amp; R\u00e8glement"},"content":{"rendered":"\t\t<div data-elementor-type=\"wp-page\" data-elementor-id=\"741\" class=\"elementor elementor-741\">\n\t\t\t\t<div class=\"elementor-element elementor-element-3a6f4d5 e-con-full e-flex wpr-particle-no wpr-jarallax-no wpr-parallax-no wpr-sticky-section-no e-con e-parent\" data-id=\"3a6f4d5\" data-element_type=\"container\" data-e-type=\"container\">\n\t\t<div class=\"elementor-element elementor-element-9e190a7 e-con-full e-flex wpr-particle-no wpr-jarallax-no wpr-parallax-no wpr-sticky-section-no e-con e-child\" data-id=\"9e190a7\" data-element_type=\"container\" data-e-type=\"container\">\n\t\t\t\t<div class=\"elementor-element elementor-element-770993f elementor-widget__width-initial elementor-widget elementor-widget-text-editor\" data-id=\"770993f\" data-element_type=\"widget\" data-e-type=\"widget\" data-widget_type=\"text-editor.default\">\n\t\t\t\t<div class=\"elementor-widget-container\">\n\t\t\t\t\t\t\t\t\t<div><br \/><br \/><\/div><div>Notre projet d&rsquo;\u00e9tablissement est actuellement en cours de r\u00e9\u00e9criture ses principaux axes sont :<\/div><div>\u00a0<\/div><div>\u2022 Accompagnement \u00e0 l&rsquo;autonomisation<\/div><div>\u2022 La socialisation avec l&rsquo;accueil multi-\u00e2ge<\/div><div>\u2022 Accompagnement des familles dans leur r\u00f4le de parentalit\u00e9<\/div>\t\t\t\t\t\t\t\t<\/div>\n\t\t\t\t<\/div>\n\t\t\t\t<\/div>\n\t\t<div class=\"elementor-element elementor-element-b39b1ae e-con-full e-flex wpr-particle-no wpr-jarallax-no wpr-parallax-no wpr-sticky-section-no e-con e-child\" data-id=\"b39b1ae\" data-element_type=\"container\" data-e-type=\"container\">\n\t\t\t\t<div class=\"elementor-element elementor-element-fa51463 elementor-widget elementor-widget-image\" data-id=\"fa51463\" data-element_type=\"widget\" data-e-type=\"widget\" data-widget_type=\"image.default\">\n\t\t\t\t<div class=\"elementor-widget-container\">\n\t\t\t\t\t\t\t\t\t\t\t\t\t\t\t<img decoding=\"async\" width=\"1\" height=\"1\" src=\"https:\/\/enfancejeunesse-essert.fr\/wp-content\/uploads\/2024\/01\/Wavy_Edu-03_Single-02.jpg\" class=\"attachment-large size-large wp-image-895\" alt=\"\" \/>\t\t\t\t\t\t\t\t\t\t\t\t\t\t\t<\/div>\n\t\t\t\t<\/div>\n\t\t\t\t<\/div>\n\t\t\t\t<\/div>\n\t\t<div class=\"elementor-element elementor-element-5fbb45c e-flex e-con-boxed wpr-particle-no wpr-jarallax-no wpr-parallax-no wpr-sticky-section-no e-con e-parent\" data-id=\"5fbb45c\" data-element_type=\"container\" data-e-type=\"container\">\n\t\t\t\t\t<div class=\"e-con-inner\">\n\t\t\t\t<div class=\"elementor-element elementor-element-2f8a09e elementor-align-center elementor-widget elementor-widget-button\" data-id=\"2f8a09e\" data-element_type=\"widget\" data-e-type=\"widget\" data-widget_type=\"button.default\">\n\t\t\t\t<div class=\"elementor-widget-container\">\n\t\t\t\t\t\t\t\t\t<div class=\"elementor-button-wrapper\">\n\t\t\t\t\t<a class=\"elementor-button elementor-button-link elementor-size-sm elementor-animation-shrink\" href=\"http:\/\/enfancejeunesse-essert.fr\/wp-content\/uploads\/2025\/02\/reglement-multi-accueil-janvier-2025.pdf\" target=\"_blank\">\n\t\t\t\t\t\t<span class=\"elementor-button-content-wrapper\">\n\t\t\t\t\t\t\t\t\t<span class=\"elementor-button-text\">Notre r\u00e8glement <\/span>\n\t\t\t\t\t<\/span>\n\t\t\t\t\t<\/a>\n\t\t\t\t<\/div>\n\t\t\t\t\t\t\t\t<\/div>\n\t\t\t\t<\/div>\n\t\t\t\t\t<\/div>\n\t\t\t\t<\/div>\n\t\t\t\t<\/div>\n\t\t","protected":false},"excerpt":{"rendered":"<p>Notre projet d&rsquo;\u00e9tablissement est actuellement en cours de r\u00e9\u00e9criture ses principaux axes sont :\u00a0\u2022 Accompagnement \u00e0 l&rsquo;autonomisation\u2022 La socialisation avec l&rsquo;accueil multi-\u00e2ge\u2022 Accompagnement des familles dans leur r\u00f4le de parentalit\u00e9 Notre r\u00e8glement<\/p>\n","protected":false},"author":2,"featured_media":0,"parent":128,"menu_order":0,"comment_status":"closed","ping_status":"closed","template":"","meta":{"_monsterinsights_skip_tracking":false,"_monsterinsights_sitenote_active":false,"_monsterinsights_sitenote_note":"","_monsterinsights_sitenote_category":0,"footnotes":""},"class_list":["post-741","page","type-page","status-publish","hentry"],"yoast_head":"<!-- This site is optimized with the Yoast SEO plugin v22.8 - https:\/\/yoast.com\/wordpress\/plugins\/seo\/ -->\n<title>Projet P\u00e9dagogique &amp; R\u00e8glement - Enfance jeunesse Essert<\/title>\n<meta name=\"robots\" content=\"index, follow, max-snippet:-1, max-image-preview:large, max-video-preview:-1\" \/>\n<link rel=\"canonical\" href=\"https:\/\/enfancejeunesse-essert.fr\/index.php\/ptits-trognons\/projet-pedagogique\/\" \/>\n<meta property=\"og:locale\" content=\"fr_FR\" \/>\n<meta property=\"og:type\" content=\"article\" \/>\n<meta property=\"og:title\" content=\"Projet P\u00e9dagogique &amp; R\u00e8glement - Enfance jeunesse Essert\" \/>\n<meta property=\"og:description\" content=\"Notre projet d&rsquo;\u00e9tablissement est actuellement en cours de r\u00e9\u00e9criture ses principaux axes sont :\u00a0\u2022 Accompagnement \u00e0 l&rsquo;autonomisation\u2022 La socialisation avec l&rsquo;accueil multi-\u00e2ge\u2022 Accompagnement des familles dans leur r\u00f4le de parentalit\u00e9 Notre r\u00e8glement\" \/>\n<meta property=\"og:url\" content=\"https:\/\/enfancejeunesse-essert.fr\/index.php\/ptits-trognons\/projet-pedagogique\/\" \/>\n<meta property=\"og:site_name\" content=\"Enfance jeunesse Essert\" \/>\n<meta property=\"article:modified_time\" content=\"2025-02-04T08:26:52+00:00\" \/>\n<meta property=\"og:image\" content=\"http:\/\/enfancejeunesse-essert.fr\/wp-content\/uploads\/2024\/01\/Wavy_Edu-03_Single-02.jpg\" \/>\n<meta name=\"twitter:card\" content=\"summary_large_image\" \/>\n<meta name=\"twitter:label1\" content=\"Dur\u00e9e de lecture estim\u00e9e\" \/>\n\t<meta name=\"twitter:data1\" content=\"1 minute\" \/>\n<script type=\"application\/ld+json\" class=\"yoast-schema-graph\">{\"@context\":\"https:\/\/schema.org\",\"@graph\":[{\"@type\":\"WebPage\",\"@id\":\"https:\/\/enfancejeunesse-essert.fr\/index.php\/ptits-trognons\/projet-pedagogique\/\",\"url\":\"https:\/\/enfancejeunesse-essert.fr\/index.php\/ptits-trognons\/projet-pedagogique\/\",\"name\":\"Projet P\u00e9dagogique &amp; R\u00e8glement - Enfance jeunesse Essert\",\"isPartOf\":{\"@id\":\"https:\/\/enfancejeunesse-essert.fr\/#website\"},\"primaryImageOfPage\":{\"@id\":\"https:\/\/enfancejeunesse-essert.fr\/index.php\/ptits-trognons\/projet-pedagogique\/#primaryimage\"},\"image\":{\"@id\":\"https:\/\/enfancejeunesse-essert.fr\/index.php\/ptits-trognons\/projet-pedagogique\/#primaryimage\"},\"thumbnailUrl\":\"http:\/\/enfancejeunesse-essert.fr\/wp-content\/uploads\/2024\/01\/Wavy_Edu-03_Single-02.jpg\",\"datePublished\":\"2024-01-23T14:04:42+00:00\",\"dateModified\":\"2025-02-04T08:26:52+00:00\",\"breadcrumb\":{\"@id\":\"https:\/\/enfancejeunesse-essert.fr\/index.php\/ptits-trognons\/projet-pedagogique\/#breadcrumb\"},\"inLanguage\":\"fr-FR\",\"potentialAction\":[{\"@type\":\"ReadAction\",\"target\":[\"https:\/\/enfancejeunesse-essert.fr\/index.php\/ptits-trognons\/projet-pedagogique\/\"]}]},{\"@type\":\"ImageObject\",\"inLanguage\":\"fr-FR\",\"@id\":\"https:\/\/enfancejeunesse-essert.fr\/index.php\/ptits-trognons\/projet-pedagogique\/#primaryimage\",\"url\":\"https:\/\/enfancejeunesse-essert.fr\/wp-content\/uploads\/2024\/01\/Wavy_Edu-03_Single-02.jpg\",\"contentUrl\":\"https:\/\/enfancejeunesse-essert.fr\/wp-content\/uploads\/2024\/01\/Wavy_Edu-03_Single-02.jpg\",\"caption\":\"Project management, goal completion, to do list. Questionnaire survey answering. Business organization tool. Office manager with checklist and pencil. Vector isolated concept metaphor illustration jeunesse; enfant; centre de loisirs; cr\u00e8che; Essert; esert; esser; garderie; vacances; p\u00e9riscolaire; primaire; maternelle; b\u00e9b\u00e9; petits; ado; adolecents; jeux; activites, articles; infos; inscriptions; repas; loisirs; sorties; admitions, accueil\"},{\"@type\":\"BreadcrumbList\",\"@id\":\"https:\/\/enfancejeunesse-essert.fr\/index.php\/ptits-trognons\/projet-pedagogique\/#breadcrumb\",\"itemListElement\":[{\"@type\":\"ListItem\",\"position\":1,\"name\":\"Accueil\",\"item\":\"https:\/\/enfancejeunesse-essert.fr\/\"},{\"@type\":\"ListItem\",\"position\":2,\"name\":\"P&rsquo;tits trognons\",\"item\":\"https:\/\/enfancejeunesse-essert.fr\/index.php\/ptits-trognons\/\"},{\"@type\":\"ListItem\",\"position\":3,\"name\":\"Projet P\u00e9dagogique &amp; R\u00e8glement\"}]},{\"@type\":\"WebSite\",\"@id\":\"https:\/\/enfancejeunesse-essert.fr\/#website\",\"url\":\"https:\/\/enfancejeunesse-essert.fr\/\",\"name\":\"Enfance jeunesse Essert\",\"description\":\"Vos actus, planning, dossiers d&#039;inscription...\",\"publisher\":{\"@id\":\"https:\/\/enfancejeunesse-essert.fr\/#organization\"},\"potentialAction\":[{\"@type\":\"SearchAction\",\"target\":{\"@type\":\"EntryPoint\",\"urlTemplate\":\"https:\/\/enfancejeunesse-essert.fr\/?s={search_term_string}\"},\"query-input\":\"required name=search_term_string\"}],\"inLanguage\":\"fr-FR\"},{\"@type\":\"Organization\",\"@id\":\"https:\/\/enfancejeunesse-essert.fr\/#organization\",\"name\":\"Enfance jeunesse Essert\",\"url\":\"https:\/\/enfancejeunesse-essert.fr\/\",\"logo\":{\"@type\":\"ImageObject\",\"inLanguage\":\"fr-FR\",\"@id\":\"https:\/\/enfancejeunesse-essert.fr\/#\/schema\/logo\/image\/\",\"url\":\"https:\/\/enfancejeunesse-essert.fr\/wp-content\/uploads\/2024\/03\/cropped-essert-enfance_Plan-de-travail-1.png\",\"contentUrl\":\"https:\/\/enfancejeunesse-essert.fr\/wp-content\/uploads\/2024\/03\/cropped-essert-enfance_Plan-de-travail-1.png\",\"width\":7057,\"height\":3200,\"caption\":\"Enfance jeunesse Essert\"},\"image\":{\"@id\":\"https:\/\/enfancejeunesse-essert.fr\/#\/schema\/logo\/image\/\"}}]}<\/script>\n<!-- \/ Yoast SEO plugin. -->","yoast_head_json":{"title":"Projet P\u00e9dagogique &amp; R\u00e8glement - Enfance jeunesse Essert","robots":{"index":"index","follow":"follow","max-snippet":"max-snippet:-1","max-image-preview":"max-image-preview:large","max-video-preview":"max-video-preview:-1"},"canonical":"https:\/\/enfancejeunesse-essert.fr\/index.php\/ptits-trognons\/projet-pedagogique\/","og_locale":"fr_FR","og_type":"article","og_title":"Projet P\u00e9dagogique &amp; R\u00e8glement - Enfance jeunesse Essert","og_description":"Notre projet d&rsquo;\u00e9tablissement est actuellement en cours de r\u00e9\u00e9criture ses principaux axes sont :\u00a0\u2022 Accompagnement \u00e0 l&rsquo;autonomisation\u2022 La socialisation avec l&rsquo;accueil multi-\u00e2ge\u2022 Accompagnement des familles dans leur r\u00f4le de parentalit\u00e9 Notre r\u00e8glement","og_url":"https:\/\/enfancejeunesse-essert.fr\/index.php\/ptits-trognons\/projet-pedagogique\/","og_site_name":"Enfance jeunesse Essert","article_modified_time":"2025-02-04T08:26:52+00:00","og_image":[{"url":"http:\/\/enfancejeunesse-essert.fr\/wp-content\/uploads\/2024\/01\/Wavy_Edu-03_Single-02.jpg"}],"twitter_card":"summary_large_image","twitter_misc":{"Dur\u00e9e de lecture estim\u00e9e":"1 minute"},"schema":{"@context":"https:\/\/schema.org","@graph":[{"@type":"WebPage","@id":"https:\/\/enfancejeunesse-essert.fr\/index.php\/ptits-trognons\/projet-pedagogique\/","url":"https:\/\/enfancejeunesse-essert.fr\/index.php\/ptits-trognons\/projet-pedagogique\/","name":"Projet P\u00e9dagogique &amp; R\u00e8glement - Enfance jeunesse Essert","isPartOf":{"@id":"https:\/\/enfancejeunesse-essert.fr\/#website"},"primaryImageOfPage":{"@id":"https:\/\/enfancejeunesse-essert.fr\/index.php\/ptits-trognons\/projet-pedagogique\/#primaryimage"},"image":{"@id":"https:\/\/enfancejeunesse-essert.fr\/index.php\/ptits-trognons\/projet-pedagogique\/#primaryimage"},"thumbnailUrl":"http:\/\/enfancejeunesse-essert.fr\/wp-content\/uploads\/2024\/01\/Wavy_Edu-03_Single-02.jpg","datePublished":"2024-01-23T14:04:42+00:00","dateModified":"2025-02-04T08:26:52+00:00","breadcrumb":{"@id":"https:\/\/enfancejeunesse-essert.fr\/index.php\/ptits-trognons\/projet-pedagogique\/#breadcrumb"},"inLanguage":"fr-FR","potentialAction":[{"@type":"ReadAction","target":["https:\/\/enfancejeunesse-essert.fr\/index.php\/ptits-trognons\/projet-pedagogique\/"]}]},{"@type":"ImageObject","inLanguage":"fr-FR","@id":"https:\/\/enfancejeunesse-essert.fr\/index.php\/ptits-trognons\/projet-pedagogique\/#primaryimage","url":"https:\/\/enfancejeunesse-essert.fr\/wp-content\/uploads\/2024\/01\/Wavy_Edu-03_Single-02.jpg","contentUrl":"https:\/\/enfancejeunesse-essert.fr\/wp-content\/uploads\/2024\/01\/Wavy_Edu-03_Single-02.jpg","caption":"Project management, goal completion, to do list. Questionnaire survey answering. Business organization tool. Office manager with checklist and pencil. Vector isolated concept metaphor illustration jeunesse; enfant; centre de loisirs; cr\u00e8che; Essert; esert; esser; garderie; vacances; p\u00e9riscolaire; primaire; maternelle; b\u00e9b\u00e9; petits; ado; adolecents; jeux; activites, articles; infos; inscriptions; repas; loisirs; sorties; admitions, accueil"},{"@type":"BreadcrumbList","@id":"https:\/\/enfancejeunesse-essert.fr\/index.php\/ptits-trognons\/projet-pedagogique\/#breadcrumb","itemListElement":[{"@type":"ListItem","position":1,"name":"Accueil","item":"https:\/\/enfancejeunesse-essert.fr\/"},{"@type":"ListItem","position":2,"name":"P&rsquo;tits trognons","item":"https:\/\/enfancejeunesse-essert.fr\/index.php\/ptits-trognons\/"},{"@type":"ListItem","position":3,"name":"Projet P\u00e9dagogique &amp; R\u00e8glement"}]},{"@type":"WebSite","@id":"https:\/\/enfancejeunesse-essert.fr\/#website","url":"https:\/\/enfancejeunesse-essert.fr\/","name":"Enfance jeunesse Essert","description":"Vos actus, planning, dossiers d&#039;inscription...","publisher":{"@id":"https:\/\/enfancejeunesse-essert.fr\/#organization"},"potentialAction":[{"@type":"SearchAction","target":{"@type":"EntryPoint","urlTemplate":"https:\/\/enfancejeunesse-essert.fr\/?s={search_term_string}"},"query-input":"required name=search_term_string"}],"inLanguage":"fr-FR"},{"@type":"Organization","@id":"https:\/\/enfancejeunesse-essert.fr\/#organization","name":"Enfance jeunesse Essert","url":"https:\/\/enfancejeunesse-essert.fr\/","logo":{"@type":"ImageObject","inLanguage":"fr-FR","@id":"https:\/\/enfancejeunesse-essert.fr\/#\/schema\/logo\/image\/","url":"https:\/\/enfancejeunesse-essert.fr\/wp-content\/uploads\/2024\/03\/cropped-essert-enfance_Plan-de-travail-1.png","contentUrl":"https:\/\/enfancejeunesse-essert.fr\/wp-content\/uploads\/2024\/03\/cropped-essert-enfance_Plan-de-travail-1.png","width":7057,"height":3200,"caption":"Enfance jeunesse Essert"},"image":{"@id":"https:\/\/enfancejeunesse-essert.fr\/#\/schema\/logo\/image\/"}}]}},"_links":{"self":[{"href":"https:\/\/enfancejeunesse-essert.fr\/index.php\/wp-json\/wp\/v2\/pages\/741","targetHints":{"allow":["GET"]}}],"collection":[{"href":"https:\/\/enfancejeunesse-essert.fr\/index.php\/wp-json\/wp\/v2\/pages"}],"about":[{"href":"https:\/\/enfancejeunesse-essert.fr\/index.php\/wp-json\/wp\/v2\/types\/page"}],"author":[{"embeddable":true,"href":"https:\/\/enfancejeunesse-essert.fr\/index.php\/wp-json\/wp\/v2\/users\/2"}],"replies":[{"embeddable":true,"href":"https:\/\/enfancejeunesse-essert.fr\/index.php\/wp-json\/wp\/v2\/comments?post=741"}],"version-history":[{"count":37,"href":"https:\/\/enfancejeunesse-essert.fr\/index.php\/wp-json\/wp\/v2\/pages\/741\/revisions"}],"predecessor-version":[{"id":2142,"href":"https:\/\/enfancejeunesse-essert.fr\/index.php\/wp-json\/wp\/v2\/pages\/741\/revisions\/2142"}],"up":[{"embeddable":true,"href":"https:\/\/enfancejeunesse-essert.fr\/index.php\/wp-json\/wp\/v2\/pages\/128"}],"wp:attachment":[{"href":"https:\/\/enfancejeunesse-essert.fr\/index.php\/wp-json\/wp\/v2\/media?parent=741"}],"curies":[{"name":"wp","href":"https:\/\/api.w.org\/{rel}","templated":true}]}}