{"id":41,"date":"2023-11-09T10:14:23","date_gmt":"2023-11-09T09:14:23","guid":{"rendered":"http:\/\/enfancejeunesse-essert.fr\/?page_id=41"},"modified":"2026-03-23T15:21:22","modified_gmt":"2026-03-23T14:21:22","slug":"periscolaire","status":"publish","type":"page","link":"https:\/\/enfancejeunesse-essert.fr\/index.php\/periscolaire\/","title":{"rendered":"Restauration scolaire"},"content":{"rendered":"\t\t<div data-elementor-type=\"wp-page\" data-elementor-id=\"41\" class=\"elementor elementor-41\">\n\t\t\t\t<div class=\"elementor-element elementor-element-4129d8cd e-flex e-con-boxed wpr-particle-no wpr-jarallax-no wpr-parallax-no wpr-sticky-section-no e-con e-parent\" data-id=\"4129d8cd\" data-element_type=\"container\" data-e-type=\"container\">\n\t\t\t\t\t<div class=\"e-con-inner\">\n\t\t\t\t<div class=\"elementor-element elementor-element-2444f9d5 elementor-widget elementor-widget-text-editor\" data-id=\"2444f9d5\" data-element_type=\"widget\" data-e-type=\"widget\" data-widget_type=\"text-editor.default\">\n\t\t\t\t<div class=\"elementor-widget-container\">\n\t\t\t\t\t\t\t\t\t<p><i>Un service de restauration scolaire est organis\u00e9 sur les deux sites de 11h45 \u00e0 13h20. Ces sites sont dot\u00e9s de terminaux en liaison froide et ce dans le respect des normes en vigueur. Des agents form\u00e9s \u00e0 la restauration collective d&rsquo;enfants g\u00e8rent toute la mise en place du repas. Des repas sans porc et v\u00e9g\u00e9tariens peuvent \u00eatre propos\u00e9s \u00e0 la demande des parents ( \u00e0 pr\u00e9ciser dans le dossier administratif ).<br \/><\/i><!-- \/wp:kubio\/text --><\/p>\n<p>\u00a0<\/p>\n<p><!-- wp:quote {\"className\":\"is-style-default\"} --><\/p>\n<blockquote class=\"wp-block-quote is-style-default\">\n<p><!-- wp:group {\"layout\":{\"type\":\"constrained\"}} --><\/p>\n<div class=\"wp-block-group\">\u00a0<\/div>\n<p><!-- \/wp:group --><\/p>\n<\/blockquote>\t\t\t\t\t\t\t\t<\/div>\n\t\t\t\t<\/div>\n\t\t\t\t\t<\/div>\n\t\t\t\t<\/div>\n\t\t<div class=\"elementor-element elementor-element-078f5b3 e-flex e-con-boxed wpr-particle-no wpr-jarallax-no wpr-parallax-no wpr-sticky-section-no e-con e-parent\" data-id=\"078f5b3\" data-element_type=\"container\" data-e-type=\"container\">\n\t\t\t\t\t<div class=\"e-con-inner\">\n\t\t\t\t<div class=\"elementor-element elementor-element-4d16155 elementor-widget elementor-widget-toggle\" data-id=\"4d16155\" data-element_type=\"widget\" data-e-type=\"widget\" data-widget_type=\"toggle.default\">\n\t\t\t\t<div class=\"elementor-widget-container\">\n\t\t\t\t\t\t\t<div class=\"elementor-toggle\">\n\t\t\t\t\t\t\t<div class=\"elementor-toggle-item\">\n\t\t\t\t\t<div id=\"elementor-tab-title-8081\" class=\"elementor-tab-title\" data-tab=\"1\" role=\"button\" aria-controls=\"elementor-tab-content-8081\" aria-expanded=\"false\">\n\t\t\t\t\t\t\t\t\t\t\t\t<span class=\"elementor-toggle-icon elementor-toggle-icon-left\" aria-hidden=\"true\">\n\t\t\t\t\t\t\t\t\t\t\t\t\t\t\t<span class=\"elementor-toggle-icon-closed\"><svg class=\"e-font-icon-svg e-fas-caret-right\" viewBox=\"0 0 192 512\" xmlns=\"http:\/\/www.w3.org\/2000\/svg\"><path d=\"M0 384.662V127.338c0-17.818 21.543-26.741 34.142-14.142l128.662 128.662c7.81 7.81 7.81 20.474 0 28.284L34.142 398.804C21.543 411.404 0 402.48 0 384.662z\"><\/path><\/svg><\/span>\n\t\t\t\t\t\t\t\t<span class=\"elementor-toggle-icon-opened\"><svg class=\"elementor-toggle-icon-opened e-font-icon-svg e-fas-caret-up\" viewBox=\"0 0 320 512\" xmlns=\"http:\/\/www.w3.org\/2000\/svg\"><path d=\"M288.662 352H31.338c-17.818 0-26.741-21.543-14.142-34.142l128.662-128.662c7.81-7.81 20.474-7.81 28.284 0l128.662 128.662c12.6 12.599 3.676 34.142-14.142 34.142z\"><\/path><\/svg><\/span>\n\t\t\t\t\t\t\t\t\t\t\t\t\t<\/span>\n\t\t\t\t\t\t\t\t\t\t\t\t<a class=\"elementor-toggle-title\" tabindex=\"0\">Inscriptions \/ Annulations<\/a>\n\t\t\t\t\t<\/div>\n\n\t\t\t\t\t<div id=\"elementor-tab-content-8081\" class=\"elementor-tab-content elementor-clearfix\" data-tab=\"1\" role=\"region\" aria-labelledby=\"elementor-tab-title-8081\"><p><b>Les inscriptions ou annulations en restauration scolaire doivent se faire le mardi dernier d\u00e9lai pour la semaine suivante.<\/b><br><br>Pass\u00e9 ce d\u00e9lai, nous ne pouvons commander modifier les commandes. Comme pour les accueils p\u00e9riscolaires, inscriptions et annulations se font directement sur le portail famille.(Pour une premi\u00e8re connexion, nous vous communiquerons un identifiant)<\/p><\/div>\n\t\t\t\t<\/div>\n\t\t\t\t\t\t\t<div class=\"elementor-toggle-item\">\n\t\t\t\t\t<div id=\"elementor-tab-title-8082\" class=\"elementor-tab-title\" data-tab=\"2\" role=\"button\" aria-controls=\"elementor-tab-content-8082\" aria-expanded=\"false\">\n\t\t\t\t\t\t\t\t\t\t\t\t<span class=\"elementor-toggle-icon elementor-toggle-icon-left\" aria-hidden=\"true\">\n\t\t\t\t\t\t\t\t\t\t\t\t\t\t\t<span class=\"elementor-toggle-icon-closed\"><svg class=\"e-font-icon-svg e-fas-caret-right\" viewBox=\"0 0 192 512\" xmlns=\"http:\/\/www.w3.org\/2000\/svg\"><path d=\"M0 384.662V127.338c0-17.818 21.543-26.741 34.142-14.142l128.662 128.662c7.81 7.81 7.81 20.474 0 28.284L34.142 398.804C21.543 411.404 0 402.48 0 384.662z\"><\/path><\/svg><\/span>\n\t\t\t\t\t\t\t\t<span class=\"elementor-toggle-icon-opened\"><svg class=\"elementor-toggle-icon-opened e-font-icon-svg e-fas-caret-up\" viewBox=\"0 0 320 512\" xmlns=\"http:\/\/www.w3.org\/2000\/svg\"><path d=\"M288.662 352H31.338c-17.818 0-26.741-21.543-14.142-34.142l128.662-128.662c7.81-7.81 20.474-7.81 28.284 0l128.662 128.662c12.6 12.599 3.676 34.142-14.142 34.142z\"><\/path><\/svg><\/span>\n\t\t\t\t\t\t\t\t\t\t\t\t\t<\/span>\n\t\t\t\t\t\t\t\t\t\t\t\t<a class=\"elementor-toggle-title\" tabindex=\"0\">Fonctionnement \/ Prise en charge<\/a>\n\t\t\t\t\t<\/div>\n\n\t\t\t\t\t<div id=\"elementor-tab-content-8082\" class=\"elementor-tab-content elementor-clearfix\" data-tab=\"2\" role=\"region\" aria-labelledby=\"elementor-tab-title-8082\">La prise en charge des enfants est identique \u00e0 celle d\u00e9crite en p\u00e9riscolaire.<\/div>\n\t\t\t\t<\/div>\n\t\t\t\t\t\t\t<div class=\"elementor-toggle-item\">\n\t\t\t\t\t<div id=\"elementor-tab-title-8083\" class=\"elementor-tab-title\" data-tab=\"3\" role=\"button\" aria-controls=\"elementor-tab-content-8083\" aria-expanded=\"false\">\n\t\t\t\t\t\t\t\t\t\t\t\t<span class=\"elementor-toggle-icon elementor-toggle-icon-left\" aria-hidden=\"true\">\n\t\t\t\t\t\t\t\t\t\t\t\t\t\t\t<span class=\"elementor-toggle-icon-closed\"><svg class=\"e-font-icon-svg e-fas-caret-right\" viewBox=\"0 0 192 512\" xmlns=\"http:\/\/www.w3.org\/2000\/svg\"><path d=\"M0 384.662V127.338c0-17.818 21.543-26.741 34.142-14.142l128.662 128.662c7.81 7.81 7.81 20.474 0 28.284L34.142 398.804C21.543 411.404 0 402.48 0 384.662z\"><\/path><\/svg><\/span>\n\t\t\t\t\t\t\t\t<span class=\"elementor-toggle-icon-opened\"><svg class=\"elementor-toggle-icon-opened e-font-icon-svg e-fas-caret-up\" viewBox=\"0 0 320 512\" xmlns=\"http:\/\/www.w3.org\/2000\/svg\"><path d=\"M288.662 352H31.338c-17.818 0-26.741-21.543-14.142-34.142l128.662-128.662c7.81-7.81 20.474-7.81 28.284 0l128.662 128.662c12.6 12.599 3.676 34.142-14.142 34.142z\"><\/path><\/svg><\/span>\n\t\t\t\t\t\t\t\t\t\t\t\t\t<\/span>\n\t\t\t\t\t\t\t\t\t\t\t\t<a class=\"elementor-toggle-title\" tabindex=\"0\">Allergies alimentaires<\/a>\n\t\t\t\t\t<\/div>\n\n\t\t\t\t\t<div id=\"elementor-tab-content-8083\" class=\"elementor-tab-content elementor-clearfix\" data-tab=\"3\" role=\"region\" aria-labelledby=\"elementor-tab-title-8083\">En cas d&rsquo;allergie alimentaire, l&rsquo;\u00e9quipe d&rsquo;animation doit obligatoirement\n en \u00eatre inform\u00e9e avant l&rsquo;accueil de l&rsquo;enfant. En fonction de \nl&rsquo;allergie, un PAI (Protocole d&rsquo;Accueil Individualis\u00e9) pourra \u00eatre \n\u00e9tabli.<\/div>\n\t\t\t\t<\/div>\n\t\t\t\t\t\t\t\t<\/div>\n\t\t\t\t\t\t<\/div>\n\t\t\t\t<\/div>\n\t\t\t\t<div class=\"elementor-element elementor-element-a41924a elementor-align-center elementor-widget elementor-widget-button\" data-id=\"a41924a\" data-element_type=\"widget\" data-e-type=\"widget\" data-widget_type=\"button.default\">\n\t\t\t\t<div class=\"elementor-widget-container\">\n\t\t\t\t\t\t\t\t\t<div class=\"elementor-button-wrapper\">\n\t\t\t\t\t<a class=\"elementor-button elementor-button-link elementor-size-sm\" href=\"http:\/\/enfancejeunesse-essert.fr\/wp-content\/uploads\/2026\/03\/menu-du-mois-davril.pdf\" target=\"_blank\">\n\t\t\t\t\t\t<span class=\"elementor-button-content-wrapper\">\n\t\t\t\t\t\t\t\t\t<span class=\"elementor-button-text\">Menus du mois<\/span>\n\t\t\t\t\t<\/span>\n\t\t\t\t\t<\/a>\n\t\t\t\t<\/div>\n\t\t\t\t\t\t\t\t<\/div>\n\t\t\t\t<\/div>\n\t\t\t\t<div class=\"elementor-element elementor-element-50f4456 elementor-widget elementor-widget-heading\" data-id=\"50f4456\" data-element_type=\"widget\" data-e-type=\"widget\" data-widget_type=\"heading.default\">\n\t\t\t\t<div class=\"elementor-widget-container\">\n\t\t\t\t\t<h2 class=\"elementor-heading-title elementor-size-default\">Anniversaires du mois <\/h2>\t\t\t\t<\/div>\n\t\t\t\t<\/div>\n\t\t\t\t<div class=\"elementor-element elementor-element-a70c5e3 elementor-arrows-position-inside elementor-pagination-position-outside elementor-widget elementor-widget-image-carousel\" data-id=\"a70c5e3\" data-element_type=\"widget\" data-e-type=\"widget\" data-settings=\"{&quot;navigation&quot;:&quot;both&quot;,&quot;autoplay&quot;:&quot;yes&quot;,&quot;pause_on_hover&quot;:&quot;yes&quot;,&quot;pause_on_interaction&quot;:&quot;yes&quot;,&quot;autoplay_speed&quot;:5000,&quot;infinite&quot;:&quot;yes&quot;,&quot;speed&quot;:500}\" data-widget_type=\"image-carousel.default\">\n\t\t\t\t<div class=\"elementor-widget-container\">\n\t\t\t\t\t\t\t<div class=\"elementor-image-carousel-wrapper swiper\" role=\"region\" aria-roledescription=\"carousel\" aria-label=\"Carrousel d\u2019images\" dir=\"ltr\">\n\t\t\t<div class=\"elementor-image-carousel swiper-wrapper\" aria-live=\"off\">\n\t\t\t\t\t\t\t\t<div class=\"swiper-slide\" role=\"group\" aria-roledescription=\"slide\" aria-label=\"1 sur 3\"><figure class=\"swiper-slide-inner\"><img decoding=\"async\" class=\"swiper-slide-image\" src=\"https:\/\/enfancejeunesse-essert.fr\/wp-content\/uploads\/2026\/02\/IMG-20260202-WA0002-473x1024.jpg\" alt=\"IMG-20260202-WA0002\" \/><\/figure><\/div><div class=\"swiper-slide\" role=\"group\" aria-roledescription=\"slide\" aria-label=\"2 sur 3\"><figure class=\"swiper-slide-inner\"><img decoding=\"async\" class=\"swiper-slide-image\" src=\"https:\/\/enfancejeunesse-essert.fr\/wp-content\/uploads\/2026\/02\/motion_photo_6188408994295386472-768x1024.jpg\" alt=\"motion_photo_6188408994295386472\" \/><\/figure><\/div><div class=\"swiper-slide\" role=\"group\" aria-roledescription=\"slide\" aria-label=\"3 sur 3\"><figure class=\"swiper-slide-inner\"><img decoding=\"async\" class=\"swiper-slide-image\" src=\"https:\/\/enfancejeunesse-essert.fr\/wp-content\/uploads\/2026\/02\/IMG-20260202-WA0000-768x1024.jpg\" alt=\"IMG-20260202-WA0000\" \/><\/figure><\/div>\t\t\t<\/div>\n\t\t\t\t\t\t\t\t\t\t\t\t<div class=\"elementor-swiper-button elementor-swiper-button-prev\" role=\"button\" tabindex=\"0\">\n\t\t\t\t\t\t<svg aria-hidden=\"true\" class=\"e-font-icon-svg e-eicon-chevron-left\" viewBox=\"0 0 1000 1000\" xmlns=\"http:\/\/www.w3.org\/2000\/svg\"><path d=\"M646 125C629 125 613 133 604 142L308 442C296 454 292 471 292 487 292 504 296 521 308 533L604 854C617 867 629 875 646 875 663 875 679 871 692 858 704 846 713 829 713 812 713 796 708 779 692 767L438 487 692 225C700 217 708 204 708 187 708 171 704 154 692 142 675 129 663 125 646 125Z\"><\/path><\/svg>\t\t\t\t\t<\/div>\n\t\t\t\t\t<div class=\"elementor-swiper-button elementor-swiper-button-next\" role=\"button\" tabindex=\"0\">\n\t\t\t\t\t\t<svg aria-hidden=\"true\" class=\"e-font-icon-svg e-eicon-chevron-right\" viewBox=\"0 0 1000 1000\" xmlns=\"http:\/\/www.w3.org\/2000\/svg\"><path d=\"M696 533C708 521 713 504 713 487 713 471 708 454 696 446L400 146C388 133 375 125 354 125 338 125 325 129 313 142 300 154 292 171 292 187 292 204 296 221 308 233L563 492 304 771C292 783 288 800 288 817 288 833 296 850 308 863 321 871 338 875 354 875 371 875 388 867 400 854L696 533Z\"><\/path><\/svg>\t\t\t\t\t<\/div>\n\t\t\t\t\n\t\t\t\t\t\t\t\t\t<div class=\"swiper-pagination\"><\/div>\n\t\t\t\t\t\t\t\t\t<\/div>\n\t\t\t\t\t\t<\/div>\n\t\t\t\t<\/div>\n\t\t\t\t\t<\/div>\n\t\t\t\t<\/div>\n\t\t<div class=\"elementor-element elementor-element-4b72621 e-flex e-con-boxed wpr-particle-no wpr-jarallax-no wpr-parallax-no wpr-sticky-section-no e-con e-parent\" data-id=\"4b72621\" data-element_type=\"container\" data-e-type=\"container\">\n\t\t\t\t\t<div class=\"e-con-inner\">\n\t\t\t\t\t<\/div>\n\t\t\t\t<\/div>\n\t\t\t\t<\/div>\n\t\t","protected":false},"excerpt":{"rendered":"<p>Un service de restauration scolaire est organis\u00e9 sur les deux sites de 11h45 \u00e0 13h20. Ces sites sont dot\u00e9s de terminaux en liaison froide et ce dans le respect des normes en vigueur. Des agents form\u00e9s \u00e0 la restauration collective d&rsquo;enfants g\u00e8rent toute la mise en place du repas. Des repas sans porc et v\u00e9g\u00e9tariens [&hellip;]<\/p>\n","protected":false},"author":2,"featured_media":0,"parent":0,"menu_order":0,"comment_status":"closed","ping_status":"closed","template":"","meta":{"_monsterinsights_skip_tracking":false,"_monsterinsights_sitenote_active":false,"_monsterinsights_sitenote_note":"","_monsterinsights_sitenote_category":0,"footnotes":""},"class_list":["post-41","page","type-page","status-publish","hentry"],"yoast_head":"<!-- This site is optimized with the Yoast SEO plugin v22.8 - https:\/\/yoast.com\/wordpress\/plugins\/seo\/ -->\n<title>Restauration scolaire - Enfance jeunesse Essert<\/title>\n<meta name=\"robots\" content=\"index, follow, max-snippet:-1, max-image-preview:large, max-video-preview:-1\" \/>\n<link rel=\"canonical\" href=\"https:\/\/enfancejeunesse-essert.fr\/index.php\/periscolaire\/\" \/>\n<meta property=\"og:locale\" content=\"fr_FR\" \/>\n<meta property=\"og:type\" content=\"article\" \/>\n<meta property=\"og:title\" content=\"Restauration scolaire - Enfance jeunesse Essert\" \/>\n<meta property=\"og:description\" content=\"Un service de restauration scolaire est organis\u00e9 sur les deux sites de 11h45 \u00e0 13h20. Ces sites sont dot\u00e9s de terminaux en liaison froide et ce dans le respect des normes en vigueur. Des agents form\u00e9s \u00e0 la restauration collective d&rsquo;enfants g\u00e8rent toute la mise en place du repas. Des repas sans porc et v\u00e9g\u00e9tariens [&hellip;]\" \/>\n<meta property=\"og:url\" content=\"https:\/\/enfancejeunesse-essert.fr\/index.php\/periscolaire\/\" \/>\n<meta property=\"og:site_name\" content=\"Enfance jeunesse Essert\" \/>\n<meta property=\"article:modified_time\" content=\"2026-03-23T14:21:22+00:00\" \/>\n<meta property=\"og:image\" content=\"http:\/\/enfancejeunesse-essert.fr\/wp-content\/uploads\/2026\/02\/IMG-20260202-WA0002-473x1024.jpg\" \/>\n<meta name=\"twitter:card\" content=\"summary_large_image\" \/>\n<meta name=\"twitter:label1\" content=\"Dur\u00e9e de lecture estim\u00e9e\" \/>\n\t<meta name=\"twitter:data1\" content=\"3 minutes\" \/>\n<script type=\"application\/ld+json\" class=\"yoast-schema-graph\">{\"@context\":\"https:\/\/schema.org\",\"@graph\":[{\"@type\":\"WebPage\",\"@id\":\"https:\/\/enfancejeunesse-essert.fr\/index.php\/periscolaire\/\",\"url\":\"https:\/\/enfancejeunesse-essert.fr\/index.php\/periscolaire\/\",\"name\":\"Restauration scolaire - Enfance jeunesse Essert\",\"isPartOf\":{\"@id\":\"https:\/\/enfancejeunesse-essert.fr\/#website\"},\"primaryImageOfPage\":{\"@id\":\"https:\/\/enfancejeunesse-essert.fr\/index.php\/periscolaire\/#primaryimage\"},\"image\":{\"@id\":\"https:\/\/enfancejeunesse-essert.fr\/index.php\/periscolaire\/#primaryimage\"},\"thumbnailUrl\":\"http:\/\/enfancejeunesse-essert.fr\/wp-content\/uploads\/2026\/02\/IMG-20260202-WA0002-473x1024.jpg\",\"datePublished\":\"2023-11-09T09:14:23+00:00\",\"dateModified\":\"2026-03-23T14:21:22+00:00\",\"breadcrumb\":{\"@id\":\"https:\/\/enfancejeunesse-essert.fr\/index.php\/periscolaire\/#breadcrumb\"},\"inLanguage\":\"fr-FR\",\"potentialAction\":[{\"@type\":\"ReadAction\",\"target\":[\"https:\/\/enfancejeunesse-essert.fr\/index.php\/periscolaire\/\"]}]},{\"@type\":\"ImageObject\",\"inLanguage\":\"fr-FR\",\"@id\":\"https:\/\/enfancejeunesse-essert.fr\/index.php\/periscolaire\/#primaryimage\",\"url\":\"https:\/\/enfancejeunesse-essert.fr\/wp-content\/uploads\/2026\/02\/IMG-20260202-WA0002.jpg\",\"contentUrl\":\"https:\/\/enfancejeunesse-essert.fr\/wp-content\/uploads\/2026\/02\/IMG-20260202-WA0002.jpg\",\"width\":924,\"height\":2000},{\"@type\":\"BreadcrumbList\",\"@id\":\"https:\/\/enfancejeunesse-essert.fr\/index.php\/periscolaire\/#breadcrumb\",\"itemListElement\":[{\"@type\":\"ListItem\",\"position\":1,\"name\":\"Accueil\",\"item\":\"https:\/\/enfancejeunesse-essert.fr\/\"},{\"@type\":\"ListItem\",\"position\":2,\"name\":\"Restauration scolaire\"}]},{\"@type\":\"WebSite\",\"@id\":\"https:\/\/enfancejeunesse-essert.fr\/#website\",\"url\":\"https:\/\/enfancejeunesse-essert.fr\/\",\"name\":\"Enfance jeunesse Essert\",\"description\":\"Vos actus, planning, dossiers d&#039;inscription...\",\"publisher\":{\"@id\":\"https:\/\/enfancejeunesse-essert.fr\/#organization\"},\"potentialAction\":[{\"@type\":\"SearchAction\",\"target\":{\"@type\":\"EntryPoint\",\"urlTemplate\":\"https:\/\/enfancejeunesse-essert.fr\/?s={search_term_string}\"},\"query-input\":\"required name=search_term_string\"}],\"inLanguage\":\"fr-FR\"},{\"@type\":\"Organization\",\"@id\":\"https:\/\/enfancejeunesse-essert.fr\/#organization\",\"name\":\"Enfance jeunesse Essert\",\"url\":\"https:\/\/enfancejeunesse-essert.fr\/\",\"logo\":{\"@type\":\"ImageObject\",\"inLanguage\":\"fr-FR\",\"@id\":\"https:\/\/enfancejeunesse-essert.fr\/#\/schema\/logo\/image\/\",\"url\":\"https:\/\/enfancejeunesse-essert.fr\/wp-content\/uploads\/2024\/03\/cropped-essert-enfance_Plan-de-travail-1.png\",\"contentUrl\":\"https:\/\/enfancejeunesse-essert.fr\/wp-content\/uploads\/2024\/03\/cropped-essert-enfance_Plan-de-travail-1.png\",\"width\":7057,\"height\":3200,\"caption\":\"Enfance jeunesse Essert\"},\"image\":{\"@id\":\"https:\/\/enfancejeunesse-essert.fr\/#\/schema\/logo\/image\/\"}}]}<\/script>\n<!-- \/ Yoast SEO plugin. -->","yoast_head_json":{"title":"Restauration scolaire - Enfance jeunesse Essert","robots":{"index":"index","follow":"follow","max-snippet":"max-snippet:-1","max-image-preview":"max-image-preview:large","max-video-preview":"max-video-preview:-1"},"canonical":"https:\/\/enfancejeunesse-essert.fr\/index.php\/periscolaire\/","og_locale":"fr_FR","og_type":"article","og_title":"Restauration scolaire - Enfance jeunesse Essert","og_description":"Un service de restauration scolaire est organis\u00e9 sur les deux sites de 11h45 \u00e0 13h20. Ces sites sont dot\u00e9s de terminaux en liaison froide et ce dans le respect des normes en vigueur. Des agents form\u00e9s \u00e0 la restauration collective d&rsquo;enfants g\u00e8rent toute la mise en place du repas. Des repas sans porc et v\u00e9g\u00e9tariens [&hellip;]","og_url":"https:\/\/enfancejeunesse-essert.fr\/index.php\/periscolaire\/","og_site_name":"Enfance jeunesse Essert","article_modified_time":"2026-03-23T14:21:22+00:00","og_image":[{"url":"http:\/\/enfancejeunesse-essert.fr\/wp-content\/uploads\/2026\/02\/IMG-20260202-WA0002-473x1024.jpg"}],"twitter_card":"summary_large_image","twitter_misc":{"Dur\u00e9e de lecture estim\u00e9e":"3 minutes"},"schema":{"@context":"https:\/\/schema.org","@graph":[{"@type":"WebPage","@id":"https:\/\/enfancejeunesse-essert.fr\/index.php\/periscolaire\/","url":"https:\/\/enfancejeunesse-essert.fr\/index.php\/periscolaire\/","name":"Restauration scolaire - Enfance jeunesse Essert","isPartOf":{"@id":"https:\/\/enfancejeunesse-essert.fr\/#website"},"primaryImageOfPage":{"@id":"https:\/\/enfancejeunesse-essert.fr\/index.php\/periscolaire\/#primaryimage"},"image":{"@id":"https:\/\/enfancejeunesse-essert.fr\/index.php\/periscolaire\/#primaryimage"},"thumbnailUrl":"http:\/\/enfancejeunesse-essert.fr\/wp-content\/uploads\/2026\/02\/IMG-20260202-WA0002-473x1024.jpg","datePublished":"2023-11-09T09:14:23+00:00","dateModified":"2026-03-23T14:21:22+00:00","breadcrumb":{"@id":"https:\/\/enfancejeunesse-essert.fr\/index.php\/periscolaire\/#breadcrumb"},"inLanguage":"fr-FR","potentialAction":[{"@type":"ReadAction","target":["https:\/\/enfancejeunesse-essert.fr\/index.php\/periscolaire\/"]}]},{"@type":"ImageObject","inLanguage":"fr-FR","@id":"https:\/\/enfancejeunesse-essert.fr\/index.php\/periscolaire\/#primaryimage","url":"https:\/\/enfancejeunesse-essert.fr\/wp-content\/uploads\/2026\/02\/IMG-20260202-WA0002.jpg","contentUrl":"https:\/\/enfancejeunesse-essert.fr\/wp-content\/uploads\/2026\/02\/IMG-20260202-WA0002.jpg","width":924,"height":2000},{"@type":"BreadcrumbList","@id":"https:\/\/enfancejeunesse-essert.fr\/index.php\/periscolaire\/#breadcrumb","itemListElement":[{"@type":"ListItem","position":1,"name":"Accueil","item":"https:\/\/enfancejeunesse-essert.fr\/"},{"@type":"ListItem","position":2,"name":"Restauration scolaire"}]},{"@type":"WebSite","@id":"https:\/\/enfancejeunesse-essert.fr\/#website","url":"https:\/\/enfancejeunesse-essert.fr\/","name":"Enfance jeunesse Essert","description":"Vos actus, planning, dossiers d&#039;inscription...","publisher":{"@id":"https:\/\/enfancejeunesse-essert.fr\/#organization"},"potentialAction":[{"@type":"SearchAction","target":{"@type":"EntryPoint","urlTemplate":"https:\/\/enfancejeunesse-essert.fr\/?s={search_term_string}"},"query-input":"required name=search_term_string"}],"inLanguage":"fr-FR"},{"@type":"Organization","@id":"https:\/\/enfancejeunesse-essert.fr\/#organization","name":"Enfance jeunesse Essert","url":"https:\/\/enfancejeunesse-essert.fr\/","logo":{"@type":"ImageObject","inLanguage":"fr-FR","@id":"https:\/\/enfancejeunesse-essert.fr\/#\/schema\/logo\/image\/","url":"https:\/\/enfancejeunesse-essert.fr\/wp-content\/uploads\/2024\/03\/cropped-essert-enfance_Plan-de-travail-1.png","contentUrl":"https:\/\/enfancejeunesse-essert.fr\/wp-content\/uploads\/2024\/03\/cropped-essert-enfance_Plan-de-travail-1.png","width":7057,"height":3200,"caption":"Enfance jeunesse Essert"},"image":{"@id":"https:\/\/enfancejeunesse-essert.fr\/#\/schema\/logo\/image\/"}}]}},"_links":{"self":[{"href":"https:\/\/enfancejeunesse-essert.fr\/index.php\/wp-json\/wp\/v2\/pages\/41","targetHints":{"allow":["GET"]}}],"collection":[{"href":"https:\/\/enfancejeunesse-essert.fr\/index.php\/wp-json\/wp\/v2\/pages"}],"about":[{"href":"https:\/\/enfancejeunesse-essert.fr\/index.php\/wp-json\/wp\/v2\/types\/page"}],"author":[{"embeddable":true,"href":"https:\/\/enfancejeunesse-essert.fr\/index.php\/wp-json\/wp\/v2\/users\/2"}],"replies":[{"embeddable":true,"href":"https:\/\/enfancejeunesse-essert.fr\/index.php\/wp-json\/wp\/v2\/comments?post=41"}],"version-history":[{"count":223,"href":"https:\/\/enfancejeunesse-essert.fr\/index.php\/wp-json\/wp\/v2\/pages\/41\/revisions"}],"predecessor-version":[{"id":3208,"href":"https:\/\/enfancejeunesse-essert.fr\/index.php\/wp-json\/wp\/v2\/pages\/41\/revisions\/3208"}],"wp:attachment":[{"href":"https:\/\/enfancejeunesse-essert.fr\/index.php\/wp-json\/wp\/v2\/media?parent=41"}],"curies":[{"name":"wp","href":"https:\/\/api.w.org\/{rel}","templated":true}]}}