{"id":388,"date":"2023-11-29T11:22:13","date_gmt":"2023-11-29T10:22:13","guid":{"rendered":"http:\/\/enfancejeunesse-essert.fr\/?page_id=388"},"modified":"2026-03-23T14:36:24","modified_gmt":"2026-03-23T13:36:24","slug":"mercredis","status":"publish","type":"page","link":"https:\/\/enfancejeunesse-essert.fr\/index.php\/mercredis\/","title":{"rendered":"Mercredis"},"content":{"rendered":"\t\t<div data-elementor-type=\"wp-page\" data-elementor-id=\"388\" class=\"elementor elementor-388\">\n\t\t\t\t<div class=\"elementor-element elementor-element-2455fb8e e-flex e-con-boxed wpr-particle-no wpr-jarallax-no wpr-parallax-no wpr-sticky-section-no e-con e-parent\" data-id=\"2455fb8e\" data-element_type=\"container\" data-e-type=\"container\">\n\t\t\t\t\t<div class=\"e-con-inner\">\n\t\t\t\t<div class=\"elementor-element elementor-element-393428fc elementor-widget elementor-widget-text-editor\" data-id=\"393428fc\" data-element_type=\"widget\" data-e-type=\"widget\" data-widget_type=\"text-editor.default\">\n\t\t\t\t<div class=\"elementor-widget-container\">\n\t\t\t\t\t\t\t\t\t<p><span id=\"p57\">Le centre de loisirs est ouvert tous les mercredis en p\u00e9riode scolaire, de <span id=\"111\" class=\"s-bl\">7h45<\/span> \u00e0 <span id=\"112\" class=\"s-bl\">18h15<\/span>.<\/span><br><\/p>\t\t\t\t\t\t\t\t<\/div>\n\t\t\t\t<\/div>\n\t\t\t\t\t<\/div>\n\t\t\t\t<\/div>\n\t\t<div class=\"elementor-element elementor-element-45fff18 e-flex e-con-boxed wpr-particle-no wpr-jarallax-no wpr-parallax-no wpr-sticky-section-no e-con e-parent\" data-id=\"45fff18\" data-element_type=\"container\" data-e-type=\"container\">\n\t\t\t\t\t<div class=\"e-con-inner\">\n\t\t\t\t<div class=\"elementor-element elementor-element-192bb13 elementor-widget elementor-widget-toggle\" data-id=\"192bb13\" data-element_type=\"widget\" data-e-type=\"widget\" data-widget_type=\"toggle.default\">\n\t\t\t\t<div class=\"elementor-widget-container\">\n\t\t\t\t\t\t\t<div class=\"elementor-toggle\">\n\t\t\t\t\t\t\t<div class=\"elementor-toggle-item\">\n\t\t\t\t\t<div id=\"elementor-tab-title-2631\" class=\"elementor-tab-title\" data-tab=\"1\" role=\"button\" aria-controls=\"elementor-tab-content-2631\" aria-expanded=\"false\">\n\t\t\t\t\t\t\t\t\t\t\t\t<span class=\"elementor-toggle-icon elementor-toggle-icon-left\" aria-hidden=\"true\">\n\t\t\t\t\t\t\t\t\t\t\t\t\t\t\t<span class=\"elementor-toggle-icon-closed\"><svg class=\"e-font-icon-svg e-fas-caret-right\" viewBox=\"0 0 192 512\" xmlns=\"http:\/\/www.w3.org\/2000\/svg\"><path d=\"M0 384.662V127.338c0-17.818 21.543-26.741 34.142-14.142l128.662 128.662c7.81 7.81 7.81 20.474 0 28.284L34.142 398.804C21.543 411.404 0 402.48 0 384.662z\"><\/path><\/svg><\/span>\n\t\t\t\t\t\t\t\t<span class=\"elementor-toggle-icon-opened\"><svg class=\"elementor-toggle-icon-opened e-font-icon-svg e-fas-caret-up\" viewBox=\"0 0 320 512\" xmlns=\"http:\/\/www.w3.org\/2000\/svg\"><path d=\"M288.662 352H31.338c-17.818 0-26.741-21.543-14.142-34.142l128.662-128.662c7.81-7.81 20.474-7.81 28.284 0l128.662 128.662c12.6 12.599 3.676 34.142-14.142 34.142z\"><\/path><\/svg><\/span>\n\t\t\t\t\t\t\t\t\t\t\t\t\t<\/span>\n\t\t\t\t\t\t\t\t\t\t\t\t<a class=\"elementor-toggle-title\" tabindex=\"0\">Inscriptions \/ Annulations<\/a>\n\t\t\t\t\t<\/div>\n\n\t\t\t\t\t<div id=\"elementor-tab-content-2631\" class=\"elementor-tab-content elementor-clearfix\" data-tab=\"1\" role=\"region\" aria-labelledby=\"elementor-tab-title-2631\"><p><span>Le centre de loisirs offre aux parents plusieurs formules d\u2019inscriptions, laissant ainsi la possibilit\u00e9 d\u2019inscrire les enfants \u00e0 la journ\u00e9e ou \u00e0 la demi-journ\u00e9e, avec ou sans repas.<\/span><span> Pour faciliter l\u2019organisation des mercredis, il vous sera demand\u00e9 de nous communiquer les dates d\u2019inscriptions ou d&rsquo;annulations au plus tard le mardi pour la semaine suivante, par le biais du portail famille.<\/span><span> <\/span><span>Les inscriptions se feront en fonction des places disponibles et des activit\u00e9s planifi\u00e9es.<\/span><br><br><span>En cas de maladie de l\u2019<span>enfant aucune<\/span> facturation ne sera \u00e9tablie sur pr\u00e9sentation d\u2019un certificat m\u00e9dical dans les 5 jours suivant l&rsquo;<span>absence. <\/span><\/span><span>Pass\u00e9 ces d\u00e9lais toute inscription sera factur\u00e9e aux familles.<\/span><br><br><span><b>Les temps d&rsquo;<span>accueils :<\/span><\/b><\/span><span> <\/span><br><br><b><span><span>7h45<\/span> \/ <span>9h30<\/span> :<\/span><\/b><span> <span>Arriv\u00e9e<\/span> \u00e9chelonn\u00e9e des enfants.<\/span><span> <\/span><br><b><span><span>11h30<\/span> \/ <span>11h45<\/span> :<\/span><\/b><span><b> <\/b><span>Arriv\u00e9e<\/span> des enfants inscrits en apr\u00e8s-midi avec repas<\/span><br><b><span><span>13h30<\/span> \/ <span>14h00<\/span> :<\/span><\/b><span> <span>D\u00e9part<\/span> des enfants inscrits en matin\u00e9e avec repas<\/span><br><b><span><span>17h00<\/span> \/ <span>18h15<\/span> :<\/span><\/b><span> <span>D\u00e9part<\/span> \u00e9chelonn\u00e9 des enfants.<\/span><br><br><span><b>Pour les enfants inscrits en demi-journ\u00e9e avec repas :<\/b><\/span><br><br><span>Pour garantir le bon d\u00e9roulement des activit\u00e9s, il est tr\u00e8s important de respecter les horaires d\u2019arriv\u00e9e et de d\u00e9part.<\/span><span> <span>En dehors<\/span> de ces cr\u00e9neaux, les enfants sont en activit\u00e9 et il est possible que les groupes soient \u00e0 l\u2019ext\u00e9rieur de la structure.<\/span><span> <\/span><br><\/p><\/div>\n\t\t\t\t<\/div>\n\t\t\t\t\t\t\t<div class=\"elementor-toggle-item\">\n\t\t\t\t\t<div id=\"elementor-tab-title-2632\" class=\"elementor-tab-title\" data-tab=\"2\" role=\"button\" aria-controls=\"elementor-tab-content-2632\" aria-expanded=\"false\">\n\t\t\t\t\t\t\t\t\t\t\t\t<span class=\"elementor-toggle-icon elementor-toggle-icon-left\" aria-hidden=\"true\">\n\t\t\t\t\t\t\t\t\t\t\t\t\t\t\t<span class=\"elementor-toggle-icon-closed\"><svg class=\"e-font-icon-svg e-fas-caret-right\" viewBox=\"0 0 192 512\" xmlns=\"http:\/\/www.w3.org\/2000\/svg\"><path d=\"M0 384.662V127.338c0-17.818 21.543-26.741 34.142-14.142l128.662 128.662c7.81 7.81 7.81 20.474 0 28.284L34.142 398.804C21.543 411.404 0 402.48 0 384.662z\"><\/path><\/svg><\/span>\n\t\t\t\t\t\t\t\t<span class=\"elementor-toggle-icon-opened\"><svg class=\"elementor-toggle-icon-opened e-font-icon-svg e-fas-caret-up\" viewBox=\"0 0 320 512\" xmlns=\"http:\/\/www.w3.org\/2000\/svg\"><path d=\"M288.662 352H31.338c-17.818 0-26.741-21.543-14.142-34.142l128.662-128.662c7.81-7.81 20.474-7.81 28.284 0l128.662 128.662c12.6 12.599 3.676 34.142-14.142 34.142z\"><\/path><\/svg><\/span>\n\t\t\t\t\t\t\t\t\t\t\t\t\t<\/span>\n\t\t\t\t\t\t\t\t\t\t\t\t<a class=\"elementor-toggle-title\" tabindex=\"0\">Des activit\u00e9s coh\u00e9rentes et adapt\u00e9es<\/a>\n\t\t\t\t\t<\/div>\n\n\t\t\t\t\t<div id=\"elementor-tab-content-2632\" class=\"elementor-tab-content elementor-clearfix\" data-tab=\"2\" role=\"region\" aria-labelledby=\"elementor-tab-title-2632\"><span>Mise en place d&rsquo;activit\u00e9s riches et vari\u00e9es en fonction des tranches d\u2019<span>\u00e2ges<\/span>.<\/span><span><span> Favorable<\/span> \u00e0 une prise en compte globale des besoins de chaque enfant, nous proposons des activit\u00e9s dans diff\u00e9rents domaines :<\/span><br><br><span> \u2022 Le jeu, sous ses diff\u00e9rentes formes <span>(jeux sportifs, jeux d&rsquo;\u00e9quipe, jeux de soci\u00e9t\u00e9, jeux de fiction, de construction, grands jeux&#8230;)<\/span><\/span><br><br><span> \u2022 Les activit\u00e9s d&rsquo;expressions, artistiques, plastiques et culturelles.<\/span><br><br><span> \u2022 Les activit\u00e9s de d\u00e9couverte <span>(sorties, visites de mus\u00e9e, cin\u00e9ma, th\u00e9\u00e2tre, d\u00e9couverte de l\u2019environnement proche, d\u00e9couverte d&rsquo;autres milieux&#8230;)<\/span><\/span><br><br><span> \u2022 Temps de sieste pour les enfants ayant un besoin de repos.<\/span><\/div>\n\t\t\t\t<\/div>\n\t\t\t\t\t\t\t<div class=\"elementor-toggle-item\">\n\t\t\t\t\t<div id=\"elementor-tab-title-2633\" class=\"elementor-tab-title\" data-tab=\"3\" role=\"button\" aria-controls=\"elementor-tab-content-2633\" aria-expanded=\"false\">\n\t\t\t\t\t\t\t\t\t\t\t\t<span class=\"elementor-toggle-icon elementor-toggle-icon-left\" aria-hidden=\"true\">\n\t\t\t\t\t\t\t\t\t\t\t\t\t\t\t<span class=\"elementor-toggle-icon-closed\"><svg class=\"e-font-icon-svg e-fas-caret-right\" viewBox=\"0 0 192 512\" xmlns=\"http:\/\/www.w3.org\/2000\/svg\"><path d=\"M0 384.662V127.338c0-17.818 21.543-26.741 34.142-14.142l128.662 128.662c7.81 7.81 7.81 20.474 0 28.284L34.142 398.804C21.543 411.404 0 402.48 0 384.662z\"><\/path><\/svg><\/span>\n\t\t\t\t\t\t\t\t<span class=\"elementor-toggle-icon-opened\"><svg class=\"elementor-toggle-icon-opened e-font-icon-svg e-fas-caret-up\" viewBox=\"0 0 320 512\" xmlns=\"http:\/\/www.w3.org\/2000\/svg\"><path d=\"M288.662 352H31.338c-17.818 0-26.741-21.543-14.142-34.142l128.662-128.662c7.81-7.81 20.474-7.81 28.284 0l128.662 128.662c12.6 12.599 3.676 34.142-14.142 34.142z\"><\/path><\/svg><\/span>\n\t\t\t\t\t\t\t\t\t\t\t\t\t<\/span>\n\t\t\t\t\t\t\t\t\t\t\t\t<a class=\"elementor-toggle-title\" tabindex=\"0\">Les sorties<\/a>\n\t\t\t\t\t<\/div>\n\n\t\t\t\t\t<div id=\"elementor-tab-content-2633\" class=\"elementor-tab-content elementor-clearfix\" data-tab=\"3\" role=\"region\" aria-labelledby=\"elementor-tab-title-2633\"><span>Des sorties sont ponctuellement organis\u00e9es et notifi\u00e9es sur les plannings d\u2019activit\u00e9s <span><span>( piscine<\/span>, patinoire&#8230;)<\/span>.<\/span><span>\n Certaines de ces sorties concerneront tous les enfants, d\u2019autres seront\n propos\u00e9es \u00e0 des petits groupes, laissant le choix aux enfants.<\/span><span> <span><span>( pas<\/span> d\u2019inscription particuli\u00e8re pour les sorties)<\/span>.<\/span><br><br><span> <b>Tarifs des sorties :<\/b><\/span><span> <span>Certaines<\/span> <span>sorties<\/span> occasionneront un co\u00fbt suppl\u00e9mentaire qui sera calcul\u00e9 en fonction d\u2019un \u00e9ventuel prix d\u2019entr\u00e9e et du co\u00fbt du transport.<\/span><span> Les tarifs seront affich\u00e9s \u00e0 l\u2019accueil du centre de loisirs.<\/span><br><br><span> <b>Les d\u00e9placements :<\/b><\/span><span> <span>Ils<\/span> se font soit avec le minibus communal, soit par les transports en commun <span><span>(<\/span><span>Optymo<\/span><span>)<\/span><\/span>, ou en car <span><span>(compagnies<\/span> <span>priv\u00e9es)<\/span><\/span> lors de <span>grande sorties<\/span>.<\/span><br><br><span> <b>Les horaires de retour :<\/b><\/span><span> <span>Il<\/span> nous est toujours difficile de fixer pr\u00e9cis\u00e9ment une heure de retour.<\/span><span> Les retours au centre se font g\u00e9n\u00e9ralement entre <span>17h00<\/span> et <span>18h00<\/span>.<\/span><br><br><span> En fonction des effectifs et de la m\u00e9t\u00e9o certaines activit\u00e9s ou sorties pourront \u00eatre modifi\u00e9es ou annul\u00e9es.<\/span><br><\/div>\n\t\t\t\t<\/div>\n\t\t\t\t\t\t\t\t<\/div>\n\t\t\t\t\t\t<\/div>\n\t\t\t\t<\/div>\n\t\t\t\t\t<\/div>\n\t\t\t\t<\/div>\n\t\t<div class=\"elementor-element elementor-element-a0c557f e-flex e-con-boxed wpr-particle-no wpr-jarallax-no wpr-parallax-no wpr-sticky-section-no e-con e-parent\" data-id=\"a0c557f\" data-element_type=\"container\" data-e-type=\"container\">\n\t\t\t\t\t<div class=\"e-con-inner\">\n\t\t\t\t<div class=\"elementor-element elementor-element-d0a8db3 elementor-widget elementor-widget-image\" data-id=\"d0a8db3\" data-element_type=\"widget\" data-e-type=\"widget\" data-widget_type=\"image.default\">\n\t\t\t\t<div class=\"elementor-widget-container\">\n\t\t\t\t\t\t\t\t\t\t\t\t\t\t\t<img fetchpriority=\"high\" decoding=\"async\" width=\"910\" height=\"690\" src=\"https:\/\/enfancejeunesse-essert.fr\/wp-content\/uploads\/2026\/03\/Screenshot-2026-03-23-14.13.40.png\" class=\"attachment-large size-large wp-image-3166\" alt=\"\" srcset=\"https:\/\/enfancejeunesse-essert.fr\/wp-content\/uploads\/2026\/03\/Screenshot-2026-03-23-14.13.40.png 910w, https:\/\/enfancejeunesse-essert.fr\/wp-content\/uploads\/2026\/03\/Screenshot-2026-03-23-14.13.40-300x227.png 300w, https:\/\/enfancejeunesse-essert.fr\/wp-content\/uploads\/2026\/03\/Screenshot-2026-03-23-14.13.40-768x582.png 768w\" sizes=\"(max-width: 910px) 100vw, 910px\" \/>\t\t\t\t\t\t\t\t\t\t\t\t\t\t\t<\/div>\n\t\t\t\t<\/div>\n\t\t\t\t<div class=\"elementor-element elementor-element-3e502dd elementor-arrows-position-inside elementor-pagination-position-outside elementor-widget elementor-widget-image-carousel\" data-id=\"3e502dd\" data-element_type=\"widget\" data-e-type=\"widget\" data-settings=\"{&quot;navigation&quot;:&quot;both&quot;,&quot;autoplay&quot;:&quot;yes&quot;,&quot;pause_on_hover&quot;:&quot;yes&quot;,&quot;pause_on_interaction&quot;:&quot;yes&quot;,&quot;autoplay_speed&quot;:5000,&quot;infinite&quot;:&quot;yes&quot;,&quot;speed&quot;:500}\" data-widget_type=\"image-carousel.default\">\n\t\t\t\t<div class=\"elementor-widget-container\">\n\t\t\t\t\t\t\t<div class=\"elementor-image-carousel-wrapper swiper\" role=\"region\" aria-roledescription=\"carousel\" aria-label=\"Carrousel d\u2019images\" dir=\"ltr\">\n\t\t\t<div class=\"elementor-image-carousel swiper-wrapper\" aria-live=\"off\">\n\t\t\t\t\t\t\t\t<div class=\"swiper-slide\" role=\"group\" aria-roledescription=\"slide\" aria-label=\"1 sur 2\"><figure class=\"swiper-slide-inner\"><img decoding=\"async\" class=\"swiper-slide-image\" src=\"https:\/\/enfancejeunesse-essert.fr\/wp-content\/uploads\/2026\/03\/IMG-20260309-WA0021-1024x768.jpg\" alt=\"IMG-20260309-WA0021\" \/><\/figure><\/div><div class=\"swiper-slide\" role=\"group\" aria-roledescription=\"slide\" aria-label=\"2 sur 2\"><figure class=\"swiper-slide-inner\"><img decoding=\"async\" class=\"swiper-slide-image\" src=\"https:\/\/enfancejeunesse-essert.fr\/wp-content\/uploads\/2026\/03\/IMG-20260309-WA0022-1024x768.jpg\" alt=\"IMG-20260309-WA0022\" \/><\/figure><\/div>\t\t\t<\/div>\n\t\t\t\t\t\t\t\t\t\t\t\t<div class=\"elementor-swiper-button elementor-swiper-button-prev\" role=\"button\" tabindex=\"0\">\n\t\t\t\t\t\t<svg aria-hidden=\"true\" class=\"e-font-icon-svg e-eicon-chevron-left\" viewBox=\"0 0 1000 1000\" xmlns=\"http:\/\/www.w3.org\/2000\/svg\"><path d=\"M646 125C629 125 613 133 604 142L308 442C296 454 292 471 292 487 292 504 296 521 308 533L604 854C617 867 629 875 646 875 663 875 679 871 692 858 704 846 713 829 713 812 713 796 708 779 692 767L438 487 692 225C700 217 708 204 708 187 708 171 704 154 692 142 675 129 663 125 646 125Z\"><\/path><\/svg>\t\t\t\t\t<\/div>\n\t\t\t\t\t<div class=\"elementor-swiper-button elementor-swiper-button-next\" role=\"button\" tabindex=\"0\">\n\t\t\t\t\t\t<svg aria-hidden=\"true\" class=\"e-font-icon-svg e-eicon-chevron-right\" viewBox=\"0 0 1000 1000\" xmlns=\"http:\/\/www.w3.org\/2000\/svg\"><path d=\"M696 533C708 521 713 504 713 487 713 471 708 454 696 446L400 146C388 133 375 125 354 125 338 125 325 129 313 142 300 154 292 171 292 187 292 204 296 221 308 233L563 492 304 771C292 783 288 800 288 817 288 833 296 850 308 863 321 871 338 875 354 875 371 875 388 867 400 854L696 533Z\"><\/path><\/svg>\t\t\t\t\t<\/div>\n\t\t\t\t\n\t\t\t\t\t\t\t\t\t<div class=\"swiper-pagination\"><\/div>\n\t\t\t\t\t\t\t\t\t<\/div>\n\t\t\t\t\t\t<\/div>\n\t\t\t\t<\/div>\n\t\t\t\t\t<\/div>\n\t\t\t\t<\/div>\n\t\t\t\t<\/div>\n\t\t","protected":false},"excerpt":{"rendered":"<p>Le centre de loisirs est ouvert tous les mercredis en p\u00e9riode scolaire, de 7h45 \u00e0 18h15. Inscriptions \/ Annulations Le centre de loisirs offre aux parents plusieurs formules d\u2019inscriptions, laissant ainsi la possibilit\u00e9 d\u2019inscrire les enfants \u00e0 la journ\u00e9e ou \u00e0 la demi-journ\u00e9e, avec ou sans repas. Pour faciliter l\u2019organisation des mercredis, il vous sera [&hellip;]<\/p>\n","protected":false},"author":2,"featured_media":0,"parent":0,"menu_order":0,"comment_status":"closed","ping_status":"closed","template":"","meta":{"_monsterinsights_skip_tracking":false,"_monsterinsights_sitenote_active":false,"_monsterinsights_sitenote_note":"","_monsterinsights_sitenote_category":0,"footnotes":""},"class_list":["post-388","page","type-page","status-publish","hentry"],"yoast_head":"<!-- This site is optimized with the Yoast SEO plugin v22.8 - https:\/\/yoast.com\/wordpress\/plugins\/seo\/ -->\n<title>Mercredis - Enfance jeunesse Essert<\/title>\n<meta name=\"robots\" content=\"index, follow, max-snippet:-1, max-image-preview:large, max-video-preview:-1\" \/>\n<link rel=\"canonical\" href=\"https:\/\/enfancejeunesse-essert.fr\/index.php\/mercredis\/\" \/>\n<meta property=\"og:locale\" content=\"fr_FR\" \/>\n<meta property=\"og:type\" content=\"article\" \/>\n<meta property=\"og:title\" content=\"Mercredis - Enfance jeunesse Essert\" \/>\n<meta property=\"og:description\" content=\"Le centre de loisirs est ouvert tous les mercredis en p\u00e9riode scolaire, de 7h45 \u00e0 18h15. Inscriptions \/ Annulations Le centre de loisirs offre aux parents plusieurs formules d\u2019inscriptions, laissant ainsi la possibilit\u00e9 d\u2019inscrire les enfants \u00e0 la journ\u00e9e ou \u00e0 la demi-journ\u00e9e, avec ou sans repas. Pour faciliter l\u2019organisation des mercredis, il vous sera [&hellip;]\" \/>\n<meta property=\"og:url\" content=\"https:\/\/enfancejeunesse-essert.fr\/index.php\/mercredis\/\" \/>\n<meta property=\"og:site_name\" content=\"Enfance jeunesse Essert\" \/>\n<meta property=\"article:modified_time\" content=\"2026-03-23T13:36:24+00:00\" \/>\n<meta property=\"og:image\" content=\"http:\/\/enfancejeunesse-essert.fr\/wp-content\/uploads\/2026\/03\/Screenshot-2026-03-23-14.13.40.png\" \/>\n<meta name=\"twitter:card\" content=\"summary_large_image\" \/>\n<meta name=\"twitter:label1\" content=\"Dur\u00e9e de lecture estim\u00e9e\" \/>\n\t<meta name=\"twitter:data1\" content=\"4 minutes\" \/>\n<script type=\"application\/ld+json\" class=\"yoast-schema-graph\">{\"@context\":\"https:\/\/schema.org\",\"@graph\":[{\"@type\":\"WebPage\",\"@id\":\"https:\/\/enfancejeunesse-essert.fr\/index.php\/mercredis\/\",\"url\":\"https:\/\/enfancejeunesse-essert.fr\/index.php\/mercredis\/\",\"name\":\"Mercredis - Enfance jeunesse Essert\",\"isPartOf\":{\"@id\":\"https:\/\/enfancejeunesse-essert.fr\/#website\"},\"primaryImageOfPage\":{\"@id\":\"https:\/\/enfancejeunesse-essert.fr\/index.php\/mercredis\/#primaryimage\"},\"image\":{\"@id\":\"https:\/\/enfancejeunesse-essert.fr\/index.php\/mercredis\/#primaryimage\"},\"thumbnailUrl\":\"http:\/\/enfancejeunesse-essert.fr\/wp-content\/uploads\/2026\/03\/Screenshot-2026-03-23-14.13.40.png\",\"datePublished\":\"2023-11-29T10:22:13+00:00\",\"dateModified\":\"2026-03-23T13:36:24+00:00\",\"breadcrumb\":{\"@id\":\"https:\/\/enfancejeunesse-essert.fr\/index.php\/mercredis\/#breadcrumb\"},\"inLanguage\":\"fr-FR\",\"potentialAction\":[{\"@type\":\"ReadAction\",\"target\":[\"https:\/\/enfancejeunesse-essert.fr\/index.php\/mercredis\/\"]}]},{\"@type\":\"ImageObject\",\"inLanguage\":\"fr-FR\",\"@id\":\"https:\/\/enfancejeunesse-essert.fr\/index.php\/mercredis\/#primaryimage\",\"url\":\"https:\/\/enfancejeunesse-essert.fr\/wp-content\/uploads\/2026\/03\/Screenshot-2026-03-23-14.13.40.png\",\"contentUrl\":\"https:\/\/enfancejeunesse-essert.fr\/wp-content\/uploads\/2026\/03\/Screenshot-2026-03-23-14.13.40.png\",\"width\":910,\"height\":690},{\"@type\":\"BreadcrumbList\",\"@id\":\"https:\/\/enfancejeunesse-essert.fr\/index.php\/mercredis\/#breadcrumb\",\"itemListElement\":[{\"@type\":\"ListItem\",\"position\":1,\"name\":\"Accueil\",\"item\":\"https:\/\/enfancejeunesse-essert.fr\/\"},{\"@type\":\"ListItem\",\"position\":2,\"name\":\"Mercredis\"}]},{\"@type\":\"WebSite\",\"@id\":\"https:\/\/enfancejeunesse-essert.fr\/#website\",\"url\":\"https:\/\/enfancejeunesse-essert.fr\/\",\"name\":\"Enfance jeunesse Essert\",\"description\":\"Vos actus, planning, dossiers d&#039;inscription...\",\"publisher\":{\"@id\":\"https:\/\/enfancejeunesse-essert.fr\/#organization\"},\"potentialAction\":[{\"@type\":\"SearchAction\",\"target\":{\"@type\":\"EntryPoint\",\"urlTemplate\":\"https:\/\/enfancejeunesse-essert.fr\/?s={search_term_string}\"},\"query-input\":\"required name=search_term_string\"}],\"inLanguage\":\"fr-FR\"},{\"@type\":\"Organization\",\"@id\":\"https:\/\/enfancejeunesse-essert.fr\/#organization\",\"name\":\"Enfance jeunesse Essert\",\"url\":\"https:\/\/enfancejeunesse-essert.fr\/\",\"logo\":{\"@type\":\"ImageObject\",\"inLanguage\":\"fr-FR\",\"@id\":\"https:\/\/enfancejeunesse-essert.fr\/#\/schema\/logo\/image\/\",\"url\":\"https:\/\/enfancejeunesse-essert.fr\/wp-content\/uploads\/2024\/03\/cropped-essert-enfance_Plan-de-travail-1.png\",\"contentUrl\":\"https:\/\/enfancejeunesse-essert.fr\/wp-content\/uploads\/2024\/03\/cropped-essert-enfance_Plan-de-travail-1.png\",\"width\":7057,\"height\":3200,\"caption\":\"Enfance jeunesse Essert\"},\"image\":{\"@id\":\"https:\/\/enfancejeunesse-essert.fr\/#\/schema\/logo\/image\/\"}}]}<\/script>\n<!-- \/ Yoast SEO plugin. -->","yoast_head_json":{"title":"Mercredis - Enfance jeunesse Essert","robots":{"index":"index","follow":"follow","max-snippet":"max-snippet:-1","max-image-preview":"max-image-preview:large","max-video-preview":"max-video-preview:-1"},"canonical":"https:\/\/enfancejeunesse-essert.fr\/index.php\/mercredis\/","og_locale":"fr_FR","og_type":"article","og_title":"Mercredis - Enfance jeunesse Essert","og_description":"Le centre de loisirs est ouvert tous les mercredis en p\u00e9riode scolaire, de 7h45 \u00e0 18h15. Inscriptions \/ Annulations Le centre de loisirs offre aux parents plusieurs formules d\u2019inscriptions, laissant ainsi la possibilit\u00e9 d\u2019inscrire les enfants \u00e0 la journ\u00e9e ou \u00e0 la demi-journ\u00e9e, avec ou sans repas. Pour faciliter l\u2019organisation des mercredis, il vous sera [&hellip;]","og_url":"https:\/\/enfancejeunesse-essert.fr\/index.php\/mercredis\/","og_site_name":"Enfance jeunesse Essert","article_modified_time":"2026-03-23T13:36:24+00:00","og_image":[{"url":"http:\/\/enfancejeunesse-essert.fr\/wp-content\/uploads\/2026\/03\/Screenshot-2026-03-23-14.13.40.png"}],"twitter_card":"summary_large_image","twitter_misc":{"Dur\u00e9e de lecture estim\u00e9e":"4 minutes"},"schema":{"@context":"https:\/\/schema.org","@graph":[{"@type":"WebPage","@id":"https:\/\/enfancejeunesse-essert.fr\/index.php\/mercredis\/","url":"https:\/\/enfancejeunesse-essert.fr\/index.php\/mercredis\/","name":"Mercredis - Enfance jeunesse Essert","isPartOf":{"@id":"https:\/\/enfancejeunesse-essert.fr\/#website"},"primaryImageOfPage":{"@id":"https:\/\/enfancejeunesse-essert.fr\/index.php\/mercredis\/#primaryimage"},"image":{"@id":"https:\/\/enfancejeunesse-essert.fr\/index.php\/mercredis\/#primaryimage"},"thumbnailUrl":"http:\/\/enfancejeunesse-essert.fr\/wp-content\/uploads\/2026\/03\/Screenshot-2026-03-23-14.13.40.png","datePublished":"2023-11-29T10:22:13+00:00","dateModified":"2026-03-23T13:36:24+00:00","breadcrumb":{"@id":"https:\/\/enfancejeunesse-essert.fr\/index.php\/mercredis\/#breadcrumb"},"inLanguage":"fr-FR","potentialAction":[{"@type":"ReadAction","target":["https:\/\/enfancejeunesse-essert.fr\/index.php\/mercredis\/"]}]},{"@type":"ImageObject","inLanguage":"fr-FR","@id":"https:\/\/enfancejeunesse-essert.fr\/index.php\/mercredis\/#primaryimage","url":"https:\/\/enfancejeunesse-essert.fr\/wp-content\/uploads\/2026\/03\/Screenshot-2026-03-23-14.13.40.png","contentUrl":"https:\/\/enfancejeunesse-essert.fr\/wp-content\/uploads\/2026\/03\/Screenshot-2026-03-23-14.13.40.png","width":910,"height":690},{"@type":"BreadcrumbList","@id":"https:\/\/enfancejeunesse-essert.fr\/index.php\/mercredis\/#breadcrumb","itemListElement":[{"@type":"ListItem","position":1,"name":"Accueil","item":"https:\/\/enfancejeunesse-essert.fr\/"},{"@type":"ListItem","position":2,"name":"Mercredis"}]},{"@type":"WebSite","@id":"https:\/\/enfancejeunesse-essert.fr\/#website","url":"https:\/\/enfancejeunesse-essert.fr\/","name":"Enfance jeunesse Essert","description":"Vos actus, planning, dossiers d&#039;inscription...","publisher":{"@id":"https:\/\/enfancejeunesse-essert.fr\/#organization"},"potentialAction":[{"@type":"SearchAction","target":{"@type":"EntryPoint","urlTemplate":"https:\/\/enfancejeunesse-essert.fr\/?s={search_term_string}"},"query-input":"required name=search_term_string"}],"inLanguage":"fr-FR"},{"@type":"Organization","@id":"https:\/\/enfancejeunesse-essert.fr\/#organization","name":"Enfance jeunesse Essert","url":"https:\/\/enfancejeunesse-essert.fr\/","logo":{"@type":"ImageObject","inLanguage":"fr-FR","@id":"https:\/\/enfancejeunesse-essert.fr\/#\/schema\/logo\/image\/","url":"https:\/\/enfancejeunesse-essert.fr\/wp-content\/uploads\/2024\/03\/cropped-essert-enfance_Plan-de-travail-1.png","contentUrl":"https:\/\/enfancejeunesse-essert.fr\/wp-content\/uploads\/2024\/03\/cropped-essert-enfance_Plan-de-travail-1.png","width":7057,"height":3200,"caption":"Enfance jeunesse Essert"},"image":{"@id":"https:\/\/enfancejeunesse-essert.fr\/#\/schema\/logo\/image\/"}}]}},"_links":{"self":[{"href":"https:\/\/enfancejeunesse-essert.fr\/index.php\/wp-json\/wp\/v2\/pages\/388","targetHints":{"allow":["GET"]}}],"collection":[{"href":"https:\/\/enfancejeunesse-essert.fr\/index.php\/wp-json\/wp\/v2\/pages"}],"about":[{"href":"https:\/\/enfancejeunesse-essert.fr\/index.php\/wp-json\/wp\/v2\/types\/page"}],"author":[{"embeddable":true,"href":"https:\/\/enfancejeunesse-essert.fr\/index.php\/wp-json\/wp\/v2\/users\/2"}],"replies":[{"embeddable":true,"href":"https:\/\/enfancejeunesse-essert.fr\/index.php\/wp-json\/wp\/v2\/comments?post=388"}],"version-history":[{"count":137,"href":"https:\/\/enfancejeunesse-essert.fr\/index.php\/wp-json\/wp\/v2\/pages\/388\/revisions"}],"predecessor-version":[{"id":3169,"href":"https:\/\/enfancejeunesse-essert.fr\/index.php\/wp-json\/wp\/v2\/pages\/388\/revisions\/3169"}],"wp:attachment":[{"href":"https:\/\/enfancejeunesse-essert.fr\/index.php\/wp-json\/wp\/v2\/media?parent=388"}],"curies":[{"name":"wp","href":"https:\/\/api.w.org\/{rel}","templated":true}]}}