{"id":37,"date":"2023-11-09T10:13:09","date_gmt":"2023-11-09T09:13:09","guid":{"rendered":"http:\/\/enfancejeunesse-essert.fr\/?page_id=37"},"modified":"2024-02-07T17:14:05","modified_gmt":"2024-02-07T16:14:05","slug":"portail-famille","status":"publish","type":"page","link":"https:\/\/enfancejeunesse-essert.fr\/index.php\/portail-famille\/","title":{"rendered":"Portail famille"},"content":{"rendered":"\t\t<div data-elementor-type=\"wp-page\" data-elementor-id=\"37\" class=\"elementor elementor-37\">\n\t\t\t\t<div class=\"elementor-element elementor-element-2b07218 e-flex e-con-boxed wpr-particle-no wpr-jarallax-no wpr-parallax-no wpr-sticky-section-no e-con e-parent\" data-id=\"2b07218\" data-element_type=\"container\" data-e-type=\"container\">\n\t\t\t\t\t<div class=\"e-con-inner\">\n\t\t\t\t<div class=\"elementor-element elementor-element-ea6cee4 elementor-widget elementor-widget-text-editor\" data-id=\"ea6cee4\" data-element_type=\"widget\" data-e-type=\"widget\" data-widget_type=\"text-editor.default\">\n\t\t\t\t<div class=\"elementor-widget-container\">\n\t\t\t\t\t\t\t\t\t<p><i>Dans le cadre de la modernisation des services municipaux et de la volont\u00e9 d\u2019offrir des outils pratiques destin\u00e9s aux administr\u00e9s, la commune d\u2019Essert est heureuse de vous informer de la mise en place d\u2019un Portail Famille r\u00e9serv\u00e9 aux familles utilisatrices des services p\u00e9riscolaires de la commune.<\/i><\/p>\n<h3><b>Pourquoi passer au portail famille ?<\/b><\/h3>\n<p>Le portail est depuis cette ann\u00e9e le principal outil pour les inscriptions (hors vacances scolaires). <strong>Attention, le dossier administratif ainsi que la fiche sanitaire, les copies des vaccinations et un RIB doivent toutefois \u00eatre transmis au centre de loisirs avant toute inscription.<\/strong><\/p>\n<p>Le Portail famille permet \u00e0 notre service un meilleur suivi des familles, tout en vous offrant la possibilit\u00e9:<\/p>\n<ul>\n<li aria-level=\"1\">De g\u00e9rer vos informations personnelles 24H\/24 depuis n\u2019importe quel ordinateur, t\u00e9l. ou tablette.<\/li>\n<li aria-level=\"1\">D\u2019effectuer facilement des r\u00e9servations et annulations, pour tous les services p\u00e9riscolaires (restauration, accueils du soir et mercredis).<\/li>\n<li aria-level=\"1\">De visionner les inscriptions sur l\u2019ann\u00e9e.<\/li>\n<li aria-level=\"1\">D\u2019\u00eatre inform\u00e9s de l\u2019actualit\u00e9 du centre de loisirs.<\/li>\n<li aria-level=\"1\">De faire des demandes de modifications sur le dossier de votre enfant,<\/li>\n<li aria-level=\"1\">De suivre vos factures<\/li>\n<li aria-level=\"1\">Et de bient\u00f4t r\u00e9aliser des paiements en ligne s\u00e9curis\u00e9s (CB)<\/li>\n<\/ul>\n<p>Le Portail Famille est un espace priv\u00e9 s\u00e9curis\u00e9 sur internet, accessible avec un identifiant et un mot de passe. L\u2019identifiant vous sera communiqu\u00e9 par le centre de loisirs sur simple demande.<\/p>\n<p>Acc\u00e8s au portail famille <a href=\"https:\/\/portail.berger-levrault.fr\/MairieEssert90850\/accueil\">berger-levrault.fr<\/a><br><\/p><p><\/p>\t\t\t\t\t\t\t\t<\/div>\n\t\t\t\t<\/div>\n\t\t\t\t\t<\/div>\n\t\t\t\t<\/div>\n\t\t\t\t<\/div>\n\t\t","protected":false},"excerpt":{"rendered":"<p>Dans le cadre de la modernisation des services municipaux et de la volont\u00e9 d\u2019offrir des outils pratiques destin\u00e9s aux administr\u00e9s, la commune d\u2019Essert est heureuse de vous informer de la mise en place d\u2019un Portail Famille r\u00e9serv\u00e9 aux familles utilisatrices des services p\u00e9riscolaires de la commune. Pourquoi passer au portail famille ? Le portail est [&hellip;]<\/p>\n","protected":false},"author":2,"featured_media":0,"parent":0,"menu_order":0,"comment_status":"closed","ping_status":"closed","template":"","meta":{"_monsterinsights_skip_tracking":false,"_monsterinsights_sitenote_active":false,"_monsterinsights_sitenote_note":"","_monsterinsights_sitenote_category":0,"footnotes":""},"class_list":["post-37","page","type-page","status-publish","hentry"],"yoast_head":"<!-- This site is optimized with the Yoast SEO plugin v22.8 - https:\/\/yoast.com\/wordpress\/plugins\/seo\/ -->\n<title>Portail famille - Enfance jeunesse Essert<\/title>\n<meta name=\"robots\" content=\"index, follow, max-snippet:-1, max-image-preview:large, max-video-preview:-1\" \/>\n<link rel=\"canonical\" href=\"https:\/\/enfancejeunesse-essert.fr\/index.php\/portail-famille\/\" \/>\n<meta property=\"og:locale\" content=\"fr_FR\" \/>\n<meta property=\"og:type\" content=\"article\" \/>\n<meta property=\"og:title\" content=\"Portail famille - Enfance jeunesse Essert\" \/>\n<meta property=\"og:description\" content=\"Dans le cadre de la modernisation des services municipaux et de la volont\u00e9 d\u2019offrir des outils pratiques destin\u00e9s aux administr\u00e9s, la commune d\u2019Essert est heureuse de vous informer de la mise en place d\u2019un Portail Famille r\u00e9serv\u00e9 aux familles utilisatrices des services p\u00e9riscolaires de la commune. Pourquoi passer au portail famille ? Le portail est [&hellip;]\" \/>\n<meta property=\"og:url\" content=\"https:\/\/enfancejeunesse-essert.fr\/index.php\/portail-famille\/\" \/>\n<meta property=\"og:site_name\" content=\"Enfance jeunesse Essert\" \/>\n<meta property=\"article:modified_time\" content=\"2024-02-07T16:14:05+00:00\" \/>\n<meta name=\"twitter:card\" content=\"summary_large_image\" \/>\n<meta name=\"twitter:label1\" content=\"Dur\u00e9e de lecture estim\u00e9e\" \/>\n\t<meta name=\"twitter:data1\" content=\"1 minute\" \/>\n<script type=\"application\/ld+json\" class=\"yoast-schema-graph\">{\"@context\":\"https:\/\/schema.org\",\"@graph\":[{\"@type\":\"WebPage\",\"@id\":\"https:\/\/enfancejeunesse-essert.fr\/index.php\/portail-famille\/\",\"url\":\"https:\/\/enfancejeunesse-essert.fr\/index.php\/portail-famille\/\",\"name\":\"Portail famille - Enfance jeunesse Essert\",\"isPartOf\":{\"@id\":\"https:\/\/enfancejeunesse-essert.fr\/#website\"},\"datePublished\":\"2023-11-09T09:13:09+00:00\",\"dateModified\":\"2024-02-07T16:14:05+00:00\",\"breadcrumb\":{\"@id\":\"https:\/\/enfancejeunesse-essert.fr\/index.php\/portail-famille\/#breadcrumb\"},\"inLanguage\":\"fr-FR\",\"potentialAction\":[{\"@type\":\"ReadAction\",\"target\":[\"https:\/\/enfancejeunesse-essert.fr\/index.php\/portail-famille\/\"]}]},{\"@type\":\"BreadcrumbList\",\"@id\":\"https:\/\/enfancejeunesse-essert.fr\/index.php\/portail-famille\/#breadcrumb\",\"itemListElement\":[{\"@type\":\"ListItem\",\"position\":1,\"name\":\"Accueil\",\"item\":\"https:\/\/enfancejeunesse-essert.fr\/\"},{\"@type\":\"ListItem\",\"position\":2,\"name\":\"Portail famille\"}]},{\"@type\":\"WebSite\",\"@id\":\"https:\/\/enfancejeunesse-essert.fr\/#website\",\"url\":\"https:\/\/enfancejeunesse-essert.fr\/\",\"name\":\"Enfance jeunesse Essert\",\"description\":\"Vos actus, planning, dossiers d&#039;inscription...\",\"publisher\":{\"@id\":\"https:\/\/enfancejeunesse-essert.fr\/#organization\"},\"potentialAction\":[{\"@type\":\"SearchAction\",\"target\":{\"@type\":\"EntryPoint\",\"urlTemplate\":\"https:\/\/enfancejeunesse-essert.fr\/?s={search_term_string}\"},\"query-input\":\"required name=search_term_string\"}],\"inLanguage\":\"fr-FR\"},{\"@type\":\"Organization\",\"@id\":\"https:\/\/enfancejeunesse-essert.fr\/#organization\",\"name\":\"Enfance jeunesse Essert\",\"url\":\"https:\/\/enfancejeunesse-essert.fr\/\",\"logo\":{\"@type\":\"ImageObject\",\"inLanguage\":\"fr-FR\",\"@id\":\"https:\/\/enfancejeunesse-essert.fr\/#\/schema\/logo\/image\/\",\"url\":\"https:\/\/enfancejeunesse-essert.fr\/wp-content\/uploads\/2024\/03\/cropped-essert-enfance_Plan-de-travail-1.png\",\"contentUrl\":\"https:\/\/enfancejeunesse-essert.fr\/wp-content\/uploads\/2024\/03\/cropped-essert-enfance_Plan-de-travail-1.png\",\"width\":7057,\"height\":3200,\"caption\":\"Enfance jeunesse Essert\"},\"image\":{\"@id\":\"https:\/\/enfancejeunesse-essert.fr\/#\/schema\/logo\/image\/\"}}]}<\/script>\n<!-- \/ Yoast SEO plugin. -->","yoast_head_json":{"title":"Portail famille - Enfance jeunesse Essert","robots":{"index":"index","follow":"follow","max-snippet":"max-snippet:-1","max-image-preview":"max-image-preview:large","max-video-preview":"max-video-preview:-1"},"canonical":"https:\/\/enfancejeunesse-essert.fr\/index.php\/portail-famille\/","og_locale":"fr_FR","og_type":"article","og_title":"Portail famille - Enfance jeunesse Essert","og_description":"Dans le cadre de la modernisation des services municipaux et de la volont\u00e9 d\u2019offrir des outils pratiques destin\u00e9s aux administr\u00e9s, la commune d\u2019Essert est heureuse de vous informer de la mise en place d\u2019un Portail Famille r\u00e9serv\u00e9 aux familles utilisatrices des services p\u00e9riscolaires de la commune. Pourquoi passer au portail famille ? Le portail est [&hellip;]","og_url":"https:\/\/enfancejeunesse-essert.fr\/index.php\/portail-famille\/","og_site_name":"Enfance jeunesse Essert","article_modified_time":"2024-02-07T16:14:05+00:00","twitter_card":"summary_large_image","twitter_misc":{"Dur\u00e9e de lecture estim\u00e9e":"1 minute"},"schema":{"@context":"https:\/\/schema.org","@graph":[{"@type":"WebPage","@id":"https:\/\/enfancejeunesse-essert.fr\/index.php\/portail-famille\/","url":"https:\/\/enfancejeunesse-essert.fr\/index.php\/portail-famille\/","name":"Portail famille - Enfance jeunesse Essert","isPartOf":{"@id":"https:\/\/enfancejeunesse-essert.fr\/#website"},"datePublished":"2023-11-09T09:13:09+00:00","dateModified":"2024-02-07T16:14:05+00:00","breadcrumb":{"@id":"https:\/\/enfancejeunesse-essert.fr\/index.php\/portail-famille\/#breadcrumb"},"inLanguage":"fr-FR","potentialAction":[{"@type":"ReadAction","target":["https:\/\/enfancejeunesse-essert.fr\/index.php\/portail-famille\/"]}]},{"@type":"BreadcrumbList","@id":"https:\/\/enfancejeunesse-essert.fr\/index.php\/portail-famille\/#breadcrumb","itemListElement":[{"@type":"ListItem","position":1,"name":"Accueil","item":"https:\/\/enfancejeunesse-essert.fr\/"},{"@type":"ListItem","position":2,"name":"Portail famille"}]},{"@type":"WebSite","@id":"https:\/\/enfancejeunesse-essert.fr\/#website","url":"https:\/\/enfancejeunesse-essert.fr\/","name":"Enfance jeunesse Essert","description":"Vos actus, planning, dossiers d&#039;inscription...","publisher":{"@id":"https:\/\/enfancejeunesse-essert.fr\/#organization"},"potentialAction":[{"@type":"SearchAction","target":{"@type":"EntryPoint","urlTemplate":"https:\/\/enfancejeunesse-essert.fr\/?s={search_term_string}"},"query-input":"required name=search_term_string"}],"inLanguage":"fr-FR"},{"@type":"Organization","@id":"https:\/\/enfancejeunesse-essert.fr\/#organization","name":"Enfance jeunesse Essert","url":"https:\/\/enfancejeunesse-essert.fr\/","logo":{"@type":"ImageObject","inLanguage":"fr-FR","@id":"https:\/\/enfancejeunesse-essert.fr\/#\/schema\/logo\/image\/","url":"https:\/\/enfancejeunesse-essert.fr\/wp-content\/uploads\/2024\/03\/cropped-essert-enfance_Plan-de-travail-1.png","contentUrl":"https:\/\/enfancejeunesse-essert.fr\/wp-content\/uploads\/2024\/03\/cropped-essert-enfance_Plan-de-travail-1.png","width":7057,"height":3200,"caption":"Enfance jeunesse Essert"},"image":{"@id":"https:\/\/enfancejeunesse-essert.fr\/#\/schema\/logo\/image\/"}}]}},"_links":{"self":[{"href":"https:\/\/enfancejeunesse-essert.fr\/index.php\/wp-json\/wp\/v2\/pages\/37","targetHints":{"allow":["GET"]}}],"collection":[{"href":"https:\/\/enfancejeunesse-essert.fr\/index.php\/wp-json\/wp\/v2\/pages"}],"about":[{"href":"https:\/\/enfancejeunesse-essert.fr\/index.php\/wp-json\/wp\/v2\/types\/page"}],"author":[{"embeddable":true,"href":"https:\/\/enfancejeunesse-essert.fr\/index.php\/wp-json\/wp\/v2\/users\/2"}],"replies":[{"embeddable":true,"href":"https:\/\/enfancejeunesse-essert.fr\/index.php\/wp-json\/wp\/v2\/comments?post=37"}],"version-history":[{"count":22,"href":"https:\/\/enfancejeunesse-essert.fr\/index.php\/wp-json\/wp\/v2\/pages\/37\/revisions"}],"predecessor-version":[{"id":1160,"href":"https:\/\/enfancejeunesse-essert.fr\/index.php\/wp-json\/wp\/v2\/pages\/37\/revisions\/1160"}],"wp:attachment":[{"href":"https:\/\/enfancejeunesse-essert.fr\/index.php\/wp-json\/wp\/v2\/media?parent=37"}],"curies":[{"name":"wp","href":"https:\/\/api.w.org\/{rel}","templated":true}]}}