{"id":16,"date":"2023-11-08T17:41:31","date_gmt":"2023-11-08T16:41:31","guid":{"rendered":"http:\/\/enfancejeunesse-essert.fr\/?page_id=16"},"modified":"2024-03-14T14:47:14","modified_gmt":"2024-03-14T13:47:14","slug":"nous-contacter","status":"publish","type":"page","link":"https:\/\/enfancejeunesse-essert.fr\/index.php\/nous-contacter\/","title":{"rendered":"Nous contacter"},"content":{"rendered":"\t\t<div data-elementor-type=\"wp-page\" data-elementor-id=\"16\" class=\"elementor elementor-16\">\n\t\t\t\t<div class=\"elementor-element elementor-element-e9c1eaa e-flex e-con-boxed wpr-particle-no wpr-jarallax-no wpr-parallax-no wpr-sticky-section-no e-con e-parent\" data-id=\"e9c1eaa\" data-element_type=\"container\" data-e-type=\"container\">\n\t\t\t\t\t<div class=\"e-con-inner\">\n\t\t<div class=\"elementor-element elementor-element-bd2c424 e-con-full e-flex wpr-particle-no wpr-jarallax-no wpr-parallax-no wpr-sticky-section-no e-con e-child\" data-id=\"bd2c424\" data-element_type=\"container\" data-e-type=\"container\">\n\t\t\t\t<div class=\"elementor-element elementor-element-b4ce6db elementor-position-top elementor-widget elementor-widget-image-box\" data-id=\"b4ce6db\" data-element_type=\"widget\" data-e-type=\"widget\" data-widget_type=\"image-box.default\">\n\t\t\t\t<div class=\"elementor-widget-container\">\n\t\t\t\t\t<div class=\"elementor-image-box-wrapper\"><figure class=\"elementor-image-box-img\"><img fetchpriority=\"high\" decoding=\"async\" width=\"818\" height=\"784\" src=\"https:\/\/enfancejeunesse-essert.fr\/wp-content\/uploads\/2023\/11\/logo-petits-trognons-02-edited.png\" class=\"attachment-full size-full wp-image-381\" alt=\"\" srcset=\"https:\/\/enfancejeunesse-essert.fr\/wp-content\/uploads\/2023\/11\/logo-petits-trognons-02-edited.png 818w, https:\/\/enfancejeunesse-essert.fr\/wp-content\/uploads\/2023\/11\/logo-petits-trognons-02-edited-300x288.png 300w, https:\/\/enfancejeunesse-essert.fr\/wp-content\/uploads\/2023\/11\/logo-petits-trognons-02-edited-768x736.png 768w\" sizes=\"(max-width: 818px) 100vw, 818px\" \/><\/figure><div class=\"elementor-image-box-content\"><h4 class=\"elementor-image-box-title\">Les P'tits Trognons<\/h4><p class=\"elementor-image-box-description\"><p>03 84 22 49 79<\/p><p>multi-accueil@essert.fr<\/p>\n<p>10 rue Louis Pergaud, 90850 Essert<\/p><\/p><\/div><\/div>\t\t\t\t<\/div>\n\t\t\t\t<\/div>\n\t\t\t\t<\/div>\n\t\t<div class=\"elementor-element elementor-element-c71a5d5 e-con-full e-flex wpr-particle-no wpr-jarallax-no wpr-parallax-no wpr-sticky-section-no e-con e-child\" data-id=\"c71a5d5\" data-element_type=\"container\" data-e-type=\"container\">\n\t\t\t\t<div class=\"elementor-element elementor-element-b4e2804 elementor-position-top elementor-widget elementor-widget-image-box\" data-id=\"b4e2804\" data-element_type=\"widget\" data-e-type=\"widget\" data-widget_type=\"image-box.default\">\n\t\t\t\t<div class=\"elementor-widget-container\">\n\t\t\t\t\t<div class=\"elementor-image-box-wrapper\"><figure class=\"elementor-image-box-img\"><img decoding=\"async\" width=\"2084\" height=\"2084\" src=\"https:\/\/enfancejeunesse-essert.fr\/wp-content\/uploads\/2023\/11\/Logo-CLSH_Plan-de-travail-1.png\" class=\"attachment-full size-full wp-image-375\" alt=\"\" srcset=\"https:\/\/enfancejeunesse-essert.fr\/wp-content\/uploads\/2023\/11\/Logo-CLSH_Plan-de-travail-1.png 2084w, https:\/\/enfancejeunesse-essert.fr\/wp-content\/uploads\/2023\/11\/Logo-CLSH_Plan-de-travail-1-300x300.png 300w, https:\/\/enfancejeunesse-essert.fr\/wp-content\/uploads\/2023\/11\/Logo-CLSH_Plan-de-travail-1-1024x1024.png 1024w, https:\/\/enfancejeunesse-essert.fr\/wp-content\/uploads\/2023\/11\/Logo-CLSH_Plan-de-travail-1-150x150.png 150w, https:\/\/enfancejeunesse-essert.fr\/wp-content\/uploads\/2023\/11\/Logo-CLSH_Plan-de-travail-1-768x768.png 768w, https:\/\/enfancejeunesse-essert.fr\/wp-content\/uploads\/2023\/11\/Logo-CLSH_Plan-de-travail-1-1536x1536.png 1536w, https:\/\/enfancejeunesse-essert.fr\/wp-content\/uploads\/2023\/11\/Logo-CLSH_Plan-de-travail-1-2048x2048.png 2048w, https:\/\/enfancejeunesse-essert.fr\/wp-content\/uploads\/2023\/11\/Logo-CLSH_Plan-de-travail-1-1080x1080.png 1080w\" sizes=\"(max-width: 2084px) 100vw, 2084px\" \/><\/figure><div class=\"elementor-image-box-content\"><h4 class=\"elementor-image-box-title\">Les 3 Pommes<\/h4><p class=\"elementor-image-box-description\"><p>03 84 58 90 11<\/p><p>clsh@essert.fr<\/p>\n<p>10 rue Louis Pergaud, 90850 Essert<\/p><\/p><\/div><\/div>\t\t\t\t<\/div>\n\t\t\t\t<\/div>\n\t\t\t\t<\/div>\n\t\t<div class=\"elementor-element elementor-element-dd4d48e e-con-full e-flex wpr-particle-no wpr-jarallax-no wpr-parallax-no wpr-sticky-section-no e-con e-child\" data-id=\"dd4d48e\" data-element_type=\"container\" data-e-type=\"container\">\n\t\t\t\t<div class=\"elementor-element elementor-element-2128561 elementor-position-top elementor-widget elementor-widget-image-box\" data-id=\"2128561\" data-element_type=\"widget\" data-e-type=\"widget\" data-widget_type=\"image-box.default\">\n\t\t\t\t<div class=\"elementor-widget-container\">\n\t\t\t\t\t<div class=\"elementor-image-box-wrapper\"><figure class=\"elementor-image-box-img\"><img decoding=\"async\" width=\"2184\" height=\"2184\" src=\"https:\/\/enfancejeunesse-essert.fr\/wp-content\/uploads\/2024\/01\/cropped-logo-pass-ados-03.png\" class=\"attachment-full size-full wp-image-1038\" alt=\"logo pass ados ville d&#039;essert\" srcset=\"https:\/\/enfancejeunesse-essert.fr\/wp-content\/uploads\/2024\/01\/cropped-logo-pass-ados-03.png 2184w, https:\/\/enfancejeunesse-essert.fr\/wp-content\/uploads\/2024\/01\/cropped-logo-pass-ados-03-300x300.png 300w, https:\/\/enfancejeunesse-essert.fr\/wp-content\/uploads\/2024\/01\/cropped-logo-pass-ados-03-1024x1024.png 1024w, https:\/\/enfancejeunesse-essert.fr\/wp-content\/uploads\/2024\/01\/cropped-logo-pass-ados-03-150x150.png 150w, https:\/\/enfancejeunesse-essert.fr\/wp-content\/uploads\/2024\/01\/cropped-logo-pass-ados-03-768x768.png 768w, https:\/\/enfancejeunesse-essert.fr\/wp-content\/uploads\/2024\/01\/cropped-logo-pass-ados-03-1536x1536.png 1536w, https:\/\/enfancejeunesse-essert.fr\/wp-content\/uploads\/2024\/01\/cropped-logo-pass-ados-03-2048x2048.png 2048w, https:\/\/enfancejeunesse-essert.fr\/wp-content\/uploads\/2024\/01\/cropped-logo-pass-ados-03-1080x1080.png 1080w\" sizes=\"(max-width: 2184px) 100vw, 2184px\" \/><\/figure><div class=\"elementor-image-box-content\"><h4 class=\"elementor-image-box-title\">Le Pass'Ados<\/h4><p class=\"elementor-image-box-description\"><p>03 84 58 90 11<\/p><p>passados@essert.fr<\/p>\n<p>5 rue Henriette Schmidt, 90850 Essert<\/p><\/p><\/div><\/div>\t\t\t\t<\/div>\n\t\t\t\t<\/div>\n\t\t\t\t<\/div>\n\t\t\t\t\t<\/div>\n\t\t\t\t<\/div>\n\t\t\t\t<\/div>\n\t\t","protected":false},"excerpt":{"rendered":"<p>Les P&rsquo;tits Trognons 03 84 22 49 79 multi-accueil@essert.fr 10 rue Louis Pergaud, 90850 Essert Les 3 Pommes 03 84 58 90 11 clsh@essert.fr 10 rue Louis Pergaud, 90850 Essert Le Pass&rsquo;Ados 03 84 58 90 11 passados@essert.fr 5 rue Henriette Schmidt, 90850 Essert<\/p>\n","protected":false},"author":2,"featured_media":0,"parent":0,"menu_order":0,"comment_status":"closed","ping_status":"closed","template":"","meta":{"_monsterinsights_skip_tracking":false,"_monsterinsights_sitenote_active":false,"_monsterinsights_sitenote_note":"","_monsterinsights_sitenote_category":0,"footnotes":""},"class_list":["post-16","page","type-page","status-publish","hentry"],"yoast_head":"<!-- This site is optimized with the Yoast SEO plugin v22.8 - https:\/\/yoast.com\/wordpress\/plugins\/seo\/ -->\n<title>Nous contacter - Enfance jeunesse Essert<\/title>\n<meta name=\"robots\" content=\"index, follow, max-snippet:-1, max-image-preview:large, max-video-preview:-1\" \/>\n<link rel=\"canonical\" href=\"http:\/\/enfancejeunesse-essert.fr\/index.php\/nous-contacter\/\" \/>\n<meta property=\"og:locale\" content=\"fr_FR\" \/>\n<meta property=\"og:type\" content=\"article\" \/>\n<meta property=\"og:title\" content=\"Nous contacter - Enfance jeunesse Essert\" \/>\n<meta property=\"og:description\" content=\"Les P&rsquo;tits Trognons 03 84 22 49 79 multi-accueil@essert.fr 10 rue Louis Pergaud, 90850 Essert Les 3 Pommes 03 84 58 90 11 clsh@essert.fr 10 rue Louis Pergaud, 90850 Essert Le Pass&rsquo;Ados 03 84 58 90 11 passados@essert.fr 5 rue Henriette Schmidt, 90850 Essert\" \/>\n<meta property=\"og:url\" content=\"http:\/\/enfancejeunesse-essert.fr\/index.php\/nous-contacter\/\" \/>\n<meta property=\"og:site_name\" content=\"Enfance jeunesse Essert\" \/>\n<meta property=\"article:modified_time\" content=\"2024-03-14T13:47:14+00:00\" \/>\n<meta property=\"og:image\" content=\"http:\/\/enfancejeunesse-essert.fr\/wp-content\/uploads\/2023\/11\/logo-petits-trognons-02-edited.png\" \/>\n<meta name=\"twitter:card\" content=\"summary_large_image\" \/>\n<script type=\"application\/ld+json\" class=\"yoast-schema-graph\">{\"@context\":\"https:\/\/schema.org\",\"@graph\":[{\"@type\":\"WebPage\",\"@id\":\"http:\/\/enfancejeunesse-essert.fr\/index.php\/nous-contacter\/\",\"url\":\"http:\/\/enfancejeunesse-essert.fr\/index.php\/nous-contacter\/\",\"name\":\"Nous contacter - Enfance jeunesse Essert\",\"isPartOf\":{\"@id\":\"https:\/\/enfancejeunesse-essert.fr\/#website\"},\"primaryImageOfPage\":{\"@id\":\"http:\/\/enfancejeunesse-essert.fr\/index.php\/nous-contacter\/#primaryimage\"},\"image\":{\"@id\":\"http:\/\/enfancejeunesse-essert.fr\/index.php\/nous-contacter\/#primaryimage\"},\"thumbnailUrl\":\"http:\/\/enfancejeunesse-essert.fr\/wp-content\/uploads\/2023\/11\/logo-petits-trognons-02-edited.png\",\"datePublished\":\"2023-11-08T16:41:31+00:00\",\"dateModified\":\"2024-03-14T13:47:14+00:00\",\"breadcrumb\":{\"@id\":\"http:\/\/enfancejeunesse-essert.fr\/index.php\/nous-contacter\/#breadcrumb\"},\"inLanguage\":\"fr-FR\",\"potentialAction\":[{\"@type\":\"ReadAction\",\"target\":[\"http:\/\/enfancejeunesse-essert.fr\/index.php\/nous-contacter\/\"]}]},{\"@type\":\"ImageObject\",\"inLanguage\":\"fr-FR\",\"@id\":\"http:\/\/enfancejeunesse-essert.fr\/index.php\/nous-contacter\/#primaryimage\",\"url\":\"https:\/\/enfancejeunesse-essert.fr\/wp-content\/uploads\/2023\/11\/logo-petits-trognons-02-edited.png\",\"contentUrl\":\"https:\/\/enfancejeunesse-essert.fr\/wp-content\/uploads\/2023\/11\/logo-petits-trognons-02-edited.png\",\"width\":818,\"height\":784,\"caption\":\"jeunesse; enfant; centre de loisirs; cr\u00e8che; Essert; esert; esser; garderie; vacances; p\u00e9riscolaire; primaire; maternelle; b\u00e9b\u00e9; petits; ado; adolecents; jeux; activites, articles; infos; inscriptions; repas; loisirs; sorties; admitions, accueil\"},{\"@type\":\"BreadcrumbList\",\"@id\":\"http:\/\/enfancejeunesse-essert.fr\/index.php\/nous-contacter\/#breadcrumb\",\"itemListElement\":[{\"@type\":\"ListItem\",\"position\":1,\"name\":\"Accueil\",\"item\":\"https:\/\/enfancejeunesse-essert.fr\/\"},{\"@type\":\"ListItem\",\"position\":2,\"name\":\"Nous contacter\"}]},{\"@type\":\"WebSite\",\"@id\":\"https:\/\/enfancejeunesse-essert.fr\/#website\",\"url\":\"https:\/\/enfancejeunesse-essert.fr\/\",\"name\":\"Enfance jeunesse Essert\",\"description\":\"Vos actus, planning, dossiers d&#039;inscription...\",\"publisher\":{\"@id\":\"https:\/\/enfancejeunesse-essert.fr\/#organization\"},\"potentialAction\":[{\"@type\":\"SearchAction\",\"target\":{\"@type\":\"EntryPoint\",\"urlTemplate\":\"https:\/\/enfancejeunesse-essert.fr\/?s={search_term_string}\"},\"query-input\":\"required name=search_term_string\"}],\"inLanguage\":\"fr-FR\"},{\"@type\":\"Organization\",\"@id\":\"https:\/\/enfancejeunesse-essert.fr\/#organization\",\"name\":\"Enfance jeunesse Essert\",\"url\":\"https:\/\/enfancejeunesse-essert.fr\/\",\"logo\":{\"@type\":\"ImageObject\",\"inLanguage\":\"fr-FR\",\"@id\":\"https:\/\/enfancejeunesse-essert.fr\/#\/schema\/logo\/image\/\",\"url\":\"https:\/\/enfancejeunesse-essert.fr\/wp-content\/uploads\/2024\/03\/cropped-essert-enfance_Plan-de-travail-1.png\",\"contentUrl\":\"https:\/\/enfancejeunesse-essert.fr\/wp-content\/uploads\/2024\/03\/cropped-essert-enfance_Plan-de-travail-1.png\",\"width\":7057,\"height\":3200,\"caption\":\"Enfance jeunesse Essert\"},\"image\":{\"@id\":\"https:\/\/enfancejeunesse-essert.fr\/#\/schema\/logo\/image\/\"}}]}<\/script>\n<!-- \/ Yoast SEO plugin. -->","yoast_head_json":{"title":"Nous contacter - Enfance jeunesse Essert","robots":{"index":"index","follow":"follow","max-snippet":"max-snippet:-1","max-image-preview":"max-image-preview:large","max-video-preview":"max-video-preview:-1"},"canonical":"http:\/\/enfancejeunesse-essert.fr\/index.php\/nous-contacter\/","og_locale":"fr_FR","og_type":"article","og_title":"Nous contacter - Enfance jeunesse Essert","og_description":"Les P&rsquo;tits Trognons 03 84 22 49 79 multi-accueil@essert.fr 10 rue Louis Pergaud, 90850 Essert Les 3 Pommes 03 84 58 90 11 clsh@essert.fr 10 rue Louis Pergaud, 90850 Essert Le Pass&rsquo;Ados 03 84 58 90 11 passados@essert.fr 5 rue Henriette Schmidt, 90850 Essert","og_url":"http:\/\/enfancejeunesse-essert.fr\/index.php\/nous-contacter\/","og_site_name":"Enfance jeunesse Essert","article_modified_time":"2024-03-14T13:47:14+00:00","og_image":[{"url":"http:\/\/enfancejeunesse-essert.fr\/wp-content\/uploads\/2023\/11\/logo-petits-trognons-02-edited.png"}],"twitter_card":"summary_large_image","schema":{"@context":"https:\/\/schema.org","@graph":[{"@type":"WebPage","@id":"http:\/\/enfancejeunesse-essert.fr\/index.php\/nous-contacter\/","url":"http:\/\/enfancejeunesse-essert.fr\/index.php\/nous-contacter\/","name":"Nous contacter - Enfance jeunesse Essert","isPartOf":{"@id":"https:\/\/enfancejeunesse-essert.fr\/#website"},"primaryImageOfPage":{"@id":"http:\/\/enfancejeunesse-essert.fr\/index.php\/nous-contacter\/#primaryimage"},"image":{"@id":"http:\/\/enfancejeunesse-essert.fr\/index.php\/nous-contacter\/#primaryimage"},"thumbnailUrl":"http:\/\/enfancejeunesse-essert.fr\/wp-content\/uploads\/2023\/11\/logo-petits-trognons-02-edited.png","datePublished":"2023-11-08T16:41:31+00:00","dateModified":"2024-03-14T13:47:14+00:00","breadcrumb":{"@id":"http:\/\/enfancejeunesse-essert.fr\/index.php\/nous-contacter\/#breadcrumb"},"inLanguage":"fr-FR","potentialAction":[{"@type":"ReadAction","target":["http:\/\/enfancejeunesse-essert.fr\/index.php\/nous-contacter\/"]}]},{"@type":"ImageObject","inLanguage":"fr-FR","@id":"http:\/\/enfancejeunesse-essert.fr\/index.php\/nous-contacter\/#primaryimage","url":"https:\/\/enfancejeunesse-essert.fr\/wp-content\/uploads\/2023\/11\/logo-petits-trognons-02-edited.png","contentUrl":"https:\/\/enfancejeunesse-essert.fr\/wp-content\/uploads\/2023\/11\/logo-petits-trognons-02-edited.png","width":818,"height":784,"caption":"jeunesse; enfant; centre de loisirs; cr\u00e8che; Essert; esert; esser; garderie; vacances; p\u00e9riscolaire; primaire; maternelle; b\u00e9b\u00e9; petits; ado; adolecents; jeux; activites, articles; infos; inscriptions; repas; loisirs; sorties; admitions, accueil"},{"@type":"BreadcrumbList","@id":"http:\/\/enfancejeunesse-essert.fr\/index.php\/nous-contacter\/#breadcrumb","itemListElement":[{"@type":"ListItem","position":1,"name":"Accueil","item":"https:\/\/enfancejeunesse-essert.fr\/"},{"@type":"ListItem","position":2,"name":"Nous contacter"}]},{"@type":"WebSite","@id":"https:\/\/enfancejeunesse-essert.fr\/#website","url":"https:\/\/enfancejeunesse-essert.fr\/","name":"Enfance jeunesse Essert","description":"Vos actus, planning, dossiers d&#039;inscription...","publisher":{"@id":"https:\/\/enfancejeunesse-essert.fr\/#organization"},"potentialAction":[{"@type":"SearchAction","target":{"@type":"EntryPoint","urlTemplate":"https:\/\/enfancejeunesse-essert.fr\/?s={search_term_string}"},"query-input":"required name=search_term_string"}],"inLanguage":"fr-FR"},{"@type":"Organization","@id":"https:\/\/enfancejeunesse-essert.fr\/#organization","name":"Enfance jeunesse Essert","url":"https:\/\/enfancejeunesse-essert.fr\/","logo":{"@type":"ImageObject","inLanguage":"fr-FR","@id":"https:\/\/enfancejeunesse-essert.fr\/#\/schema\/logo\/image\/","url":"https:\/\/enfancejeunesse-essert.fr\/wp-content\/uploads\/2024\/03\/cropped-essert-enfance_Plan-de-travail-1.png","contentUrl":"https:\/\/enfancejeunesse-essert.fr\/wp-content\/uploads\/2024\/03\/cropped-essert-enfance_Plan-de-travail-1.png","width":7057,"height":3200,"caption":"Enfance jeunesse Essert"},"image":{"@id":"https:\/\/enfancejeunesse-essert.fr\/#\/schema\/logo\/image\/"}}]}},"_links":{"self":[{"href":"https:\/\/enfancejeunesse-essert.fr\/index.php\/wp-json\/wp\/v2\/pages\/16","targetHints":{"allow":["GET"]}}],"collection":[{"href":"https:\/\/enfancejeunesse-essert.fr\/index.php\/wp-json\/wp\/v2\/pages"}],"about":[{"href":"https:\/\/enfancejeunesse-essert.fr\/index.php\/wp-json\/wp\/v2\/types\/page"}],"author":[{"embeddable":true,"href":"https:\/\/enfancejeunesse-essert.fr\/index.php\/wp-json\/wp\/v2\/users\/2"}],"replies":[{"embeddable":true,"href":"https:\/\/enfancejeunesse-essert.fr\/index.php\/wp-json\/wp\/v2\/comments?post=16"}],"version-history":[{"count":33,"href":"https:\/\/enfancejeunesse-essert.fr\/index.php\/wp-json\/wp\/v2\/pages\/16\/revisions"}],"predecessor-version":[{"id":1372,"href":"https:\/\/enfancejeunesse-essert.fr\/index.php\/wp-json\/wp\/v2\/pages\/16\/revisions\/1372"}],"wp:attachment":[{"href":"https:\/\/enfancejeunesse-essert.fr\/index.php\/wp-json\/wp\/v2\/media?parent=16"}],"curies":[{"name":"wp","href":"https:\/\/api.w.org\/{rel}","templated":true}]}}